{"id":4678,"date":"2024-06-23T17:02:25","date_gmt":"2024-06-23T15:02:25","guid":{"rendered":"https:\/\/sultanspices.es\/custard-ahmed-strawberry-285g\/"},"modified":"2026-03-31T18:37:42","modified_gmt":"2026-03-31T16:37:42","slug":"custard-ahmed-strawberry-285g","status":"publish","type":"product","link":"https:\/\/sultanspices.es\/es\/producto\/natillas-ahmed-fresa-285g\/","title":{"rendered":"NATILLAS AHMED FRESA 285G"},"content":{"rendered":"<p>Del\u00e9itese con el delicioso sabor de <strong>NATILLAS AHMED FRESA 285G<\/strong>disponible en Sultan Spices, su tienda de alimentaci\u00f3n india preferida en M\u00e1laga. Este cremoso y sabroso flan en polvo de Ahmed es perfecto para crear postres suaves y deliciosos que encantar\u00e1n a todo el mundo.<\/p>\n<p><strong>Caracter\u00edsticas principales:<\/strong><\/p>\n<ul>\n<li><strong>Calidad superior:<\/strong> Elaborado con los mejores ingredientes, garantiza una textura rica y cremosa.<\/li>\n<li><strong>Sabor delicioso:<\/strong> Infundido con la dulce esencia de las fresas para una deliciosa experiencia de sabor.<\/li>\n<li><strong>F\u00e1cil preparaci\u00f3n:<\/strong> Simplemente m\u00e9zclelo con leche y az\u00facar, luego cali\u00e9ntelo para disfrutar de un postre r\u00e1pido y satisfactorio.<\/li>\n<li><strong>Uso vers\u00e1til:<\/strong> Ideal para preparar natillas con sabor a fresa, flanes, postres y mucho m\u00e1s.<\/li>\n<li><strong>C\u00f3modo embalaje:<\/strong> Se presenta en un envase de 285 g, perfecto para hogares y peque\u00f1as reuniones.<\/li>\n<\/ul>\n<p>En Sultan Spices nos especializamos en ofrecer productos de alta calidad que realzan sus creaciones culinarias. <strong>NATILLAS AHMED FRESA 285G<\/strong> ejemplifica nuestro compromiso de ofrecer sabores aut\u00e9nticos y comodidad.<\/p>\n<p>Visite Sultan Spices en M\u00e1laga para explorar nuestra amplia selecci\u00f3n de postres, especias y art\u00edculos especiales. Con <strong>NATILLAS AHMED FRESA 285G<\/strong>Si le apetece un postre, puede elevar su nivel con el irresistible sabor de las natillas de fresa.<\/p>\n<p>Dese un capricho a usted y a los suyos <strong>NATILLAS AHMED FRESA 285G<\/strong> de Sultan Spices, y saboree la cremosidad y la delicia afrutada que lleva a su mesa.<\/p>","protected":false},"excerpt":{"rendered":"<p>Del\u00e9itese con el delicioso sabor de CUSTARD AHMED STRAWBERRY 285G, disponible en Sultan Spices, su tienda de alimentaci\u00f3n india preferida en M\u00e1laga. Estas cremosas y sabrosas natillas en polvo de Ahmed son perfectas para crear postres suaves y deliciosos que encantar\u00e1n a todo el mundo. Caracter\u00edsticas principales: Calidad Premium: Elaborado con los mejores ingredientes, asegurando una rica y cremosa...<\/p>","protected":false},"featured_media":4749,"comment_status":"open","ping_status":"closed","template":"","meta":{"_kad_blocks_custom_css":"","_kad_blocks_head_custom_js":"","_kad_blocks_body_custom_js":"","_kad_blocks_footer_custom_js":"","_kadence_starter_templates_imported_post":false,"_kad_post_transparent":"default","_kad_post_title":"","_kad_post_layout":"default","_kad_post_sidebar_id":"","_kad_post_content_style":"default","_kad_post_vertical_padding":"default","_kad_post_feature":"","_kad_post_feature_position":"","_kad_post_header":false,"_kad_post_footer":false,"_kad_post_classname":""},"product_brand":[],"product_cat":[48],"product_tag":[],"class_list":{"0":"post-4678","1":"product","2":"type-product","3":"status-publish","4":"has-post-thumbnail","6":"product_cat-dessert-mixes-for-indian-sweets","8":"first","9":"instock","10":"shipping-taxable","11":"purchasable","12":"product-type-simple","13":"entry","14":"content-bg","15":"loop-entry"},"taxonomy_info":{"product_cat":[{"value":48,"label":"Dessert Mixes for Indian Sweets"}]},"featured_image_src_large":["https:\/\/sultanspices.es\/wp-content\/uploads\/2024\/06\/ProductsPIX-17-1024x1024.png",1024,1024,true],"author_info":[],"comment_info":0,"jetpack_sharing_enabled":true,"_links":{"self":[{"href":"https:\/\/sultanspices.es\/es\/wp-json\/wp\/v2\/product\/4678","targetHints":{"allow":["GET"]}}],"collection":[{"href":"https:\/\/sultanspices.es\/es\/wp-json\/wp\/v2\/product"}],"about":[{"href":"https:\/\/sultanspices.es\/es\/wp-json\/wp\/v2\/types\/product"}],"replies":[{"embeddable":true,"href":"https:\/\/sultanspices.es\/es\/wp-json\/wp\/v2\/comments?post=4678"}],"wp:featuredmedia":[{"embeddable":true,"href":"https:\/\/sultanspices.es\/es\/wp-json\/wp\/v2\/media\/4749"}],"wp:attachment":[{"href":"https:\/\/sultanspices.es\/es\/wp-json\/wp\/v2\/media?parent=4678"}],"wp:term":[{"taxonomy":"product_brand","embeddable":true,"href":"https:\/\/sultanspices.es\/es\/wp-json\/wp\/v2\/product_brand?post=4678"},{"taxonomy":"product_cat","embeddable":true,"href":"https:\/\/sultanspices.es\/es\/wp-json\/wp\/v2\/product_cat?post=4678"},{"taxonomy":"product_tag","embeddable":true,"href":"https:\/\/sultanspices.es\/es\/wp-json\/wp\/v2\/product_tag?post=4678"}],"curies":[{"name":"wp","href":"https:\/\/api.w.org\/{rel}","templated":true}]}}