{"id":4676,"date":"2024-06-23T17:02:23","date_gmt":"2024-06-23T15:02:23","guid":{"rendered":"https:\/\/sultanspices.es\/corn-flour-ahmed-285g\/"},"modified":"2026-02-23T12:40:41","modified_gmt":"2026-02-23T11:40:41","slug":"corn-flour-ahmed-285g","status":"publish","type":"product","link":"https:\/\/sultanspices.es\/es\/producto\/harina-de-maiz-ahmed-285g\/","title":{"rendered":"HARINA DE MA\u00cdZ AHMED 285G"},"content":{"rendered":"<p>Experimente la versatilidad de <strong>HARINA DE MA\u00cdZ AHMED 285G<\/strong> en Sultan Spices, su tienda de alimentaci\u00f3n india en M\u00e1laga. Esta harina de ma\u00edz de primera calidad de Ahmed es perfecta para mejorar la textura y el sabor de una amplia gama de platos, desde sopas y salsas hasta productos horneados y postres.<\/p>\n<p><strong>Caracter\u00edsticas principales:<\/strong><\/p>\n<ul>\n<li><strong>Calidad superior:<\/strong> Elaborado con ma\u00edz finamente molido, lo que garantiza una textura suave y resultados homog\u00e9neos.<\/li>\n<li><strong>Uso vers\u00e1til:<\/strong> Ideal para espesar salsas, rebozados y sopas, as\u00ed como para hacer pan de ma\u00edz y postres.<\/li>\n<li><strong>Opci\u00f3n sin gluten:<\/strong> Apto para dietas sin gluten, constituye una alternativa vers\u00e1til a la harina de trigo.<\/li>\n<li><strong>Textura mejorada:<\/strong> A\u00f1ade una textura ligera y sedosa a sus creaciones culinarias.<\/li>\n<li><strong>C\u00f3modo embalaje:<\/strong> Se presenta en un envase de 285 g, pr\u00e1ctico para el uso dom\u00e9stico y el almacenamiento.<\/li>\n<\/ul>\n<p>En Sultan Spices, nos enorgullecemos de ofrecer ingredientes de alta calidad que mejoran su experiencia culinaria. <strong>HARINA DE MA\u00cdZ AHMED 285G<\/strong> ejemplifica nuestro compromiso con la autenticidad y el sabor.<\/p>\n<p>Visite Sultan Spices en M\u00e1laga para explorar nuestra variada selecci\u00f3n de harinas, especias y art\u00edculos especiales. En <strong>HARINA DE MA\u00cdZ AHMED 285G<\/strong>Con la harina de ma\u00edz, puede mejorar sus platos con la versatilidad de la harina de ma\u00edz.<\/p>\n<p>Mejore su cocina con <strong>HARINA DE MA\u00cdZ AHMED 285G<\/strong> de Sultan Spices, y disfrute de la textura suave y el sabor realzado que aporta a sus recetas favoritas.<\/p>","protected":false},"excerpt":{"rendered":"<p>Experimente la versatilidad de la HARINA DE MA\u00cdZ AHMED 285G en Sultan Spices, su tienda de alimentaci\u00f3n india en M\u00e1laga. Esta harina de ma\u00edz de primera calidad de Ahmed es perfecta para mejorar la textura y el sabor de una amplia gama de platos, desde sopas y salsas hasta productos horneados y postres. Caracter\u00edsticas principales: Calidad Premium: Elaborada a partir de...<\/p>","protected":false},"featured_media":4753,"comment_status":"open","ping_status":"closed","template":"","meta":{"_kad_blocks_custom_css":"","_kad_blocks_head_custom_js":"","_kad_blocks_body_custom_js":"","_kad_blocks_footer_custom_js":"","_kadence_starter_templates_imported_post":false,"_kad_post_transparent":"default","_kad_post_title":"","_kad_post_layout":"default","_kad_post_sidebar_id":"","_kad_post_content_style":"default","_kad_post_vertical_padding":"default","_kad_post_feature":"","_kad_post_feature_position":"","_kad_post_header":false,"_kad_post_footer":false,"_kad_post_classname":""},"product_brand":[],"product_cat":[52],"product_tag":[],"class_list":{"0":"post-4676","1":"product","2":"type-product","3":"status-publish","4":"has-post-thumbnail","6":"product_cat-flour","8":"first","9":"instock","10":"shipping-taxable","11":"purchasable","12":"product-type-simple","13":"entry","14":"content-bg","15":"loop-entry"},"taxonomy_info":{"product_cat":[{"value":52,"label":"Flour"}]},"featured_image_src_large":["https:\/\/sultanspices.es\/wp-content\/uploads\/2024\/06\/ProductsPIX-19-1024x1024.png",1024,1024,true],"author_info":[],"comment_info":0,"jetpack_sharing_enabled":true,"_links":{"self":[{"href":"https:\/\/sultanspices.es\/es\/wp-json\/wp\/v2\/product\/4676","targetHints":{"allow":["GET"]}}],"collection":[{"href":"https:\/\/sultanspices.es\/es\/wp-json\/wp\/v2\/product"}],"about":[{"href":"https:\/\/sultanspices.es\/es\/wp-json\/wp\/v2\/types\/product"}],"replies":[{"embeddable":true,"href":"https:\/\/sultanspices.es\/es\/wp-json\/wp\/v2\/comments?post=4676"}],"wp:featuredmedia":[{"embeddable":true,"href":"https:\/\/sultanspices.es\/es\/wp-json\/wp\/v2\/media\/4753"}],"wp:attachment":[{"href":"https:\/\/sultanspices.es\/es\/wp-json\/wp\/v2\/media?parent=4676"}],"wp:term":[{"taxonomy":"product_brand","embeddable":true,"href":"https:\/\/sultanspices.es\/es\/wp-json\/wp\/v2\/product_brand?post=4676"},{"taxonomy":"product_cat","embeddable":true,"href":"https:\/\/sultanspices.es\/es\/wp-json\/wp\/v2\/product_cat?post=4676"},{"taxonomy":"product_tag","embeddable":true,"href":"https:\/\/sultanspices.es\/es\/wp-json\/wp\/v2\/product_tag?post=4676"}],"curies":[{"name":"wp","href":"https:\/\/api.w.org\/{rel}","templated":true}]}}