{"id":4673,"date":"2024-06-23T17:02:23","date_gmt":"2024-06-23T15:02:23","guid":{"rendered":"https:\/\/sultanspices.es\/coconut-oil-parachute-500ml\/"},"modified":"2026-04-27T10:45:49","modified_gmt":"2026-04-27T08:45:49","slug":"coconut-oil-parachute-500ml","status":"publish","type":"product","link":"https:\/\/sultanspices.es\/es\/producto\/aceite-de-coco-parachute-500ml\/","title":{"rendered":"ACEITE DE COCO PARACA 500ML"},"content":{"rendered":"<p>Descubra la pureza y versatilidad de <strong>ACEITE DE COCO PARACA 500ML<\/strong> en Sultan Spices, tu tienda india de confianza en M\u00e1laga. Este aceite de coco premium de Parachute es conocido por su calidad y m\u00faltiples beneficios, por lo que es una adici\u00f3n esencial a su cocina y r\u00e9gimen de belleza.<\/p>\n<p><strong>Caracter\u00edsticas principales:<\/strong><\/p>\n<ul>\n<li><strong>Calidad superior:<\/strong> Elaborado a partir de los mejores cocos, lo que garantiza su pureza y bondad natural.<\/li>\n<li><strong>Uso polivalente:<\/strong> Ideal para cocinar, fre\u00edr, hornear y como tratamiento nutritivo para el cabello y la piel.<\/li>\n<li><strong>Rico en nutrientes:<\/strong> Contiene antioxidantes naturales y \u00e1cidos grasos de cadena media que benefician la salud en general.<\/li>\n<li><strong>Sabor mejorado:<\/strong> A\u00f1ade un ligero sabor tropical a los platos, realzando su sabor y aroma.<\/li>\n<li><strong>C\u00f3modo embalaje:<\/strong> Viene en una botella de 500ML, f\u00e1cil de usar y almacenar.<\/li>\n<\/ul>\n<p>En Sultan Spices, nos enorgullecemos de ofrecer productos aut\u00e9nticos que mejoran su estilo de vida y su bienestar. <strong>ACEITE DE COCO PARACA 500ML<\/strong> refleja nuestro compromiso con la calidad y la satisfacci\u00f3n del cliente.<\/p>\n<p>Visite Sultan Spices en M\u00e1laga para explorar nuestra amplia gama de aceites, especias e ingredientes esenciales. En <strong>ACEITE DE COCO PARACA 500ML<\/strong>con el que podr\u00e1 experimentar la pureza y versatilidad del aceite de coco tanto en aplicaciones culinarias como para el cuidado personal.<\/p>\n<p>Disfrute de las ventajas de <strong>ACEITE DE COCO PARACA 500ML<\/strong> de Sultan Spices, y descubra por qu\u00e9 es una de las favoritas para la cocina, la belleza y mucho m\u00e1s.<\/p>","protected":false},"excerpt":{"rendered":"<p>Descubra la pureza y versatilidad del ACEITE DE COCO PARACHUTE 500ML en Sultan Spices, su tienda de alimentaci\u00f3n india de confianza en M\u00e1laga. Este aceite de coco premium de Parachute es reconocido por su calidad y m\u00faltiples beneficios, convirti\u00e9ndolo en un complemento esencial para su cocina y r\u00e9gimen de belleza. Caracter\u00edsticas principales: Calidad Premium: Hecho de los mejores cocos, asegurando...<\/p>","protected":false},"featured_media":4750,"comment_status":"open","ping_status":"closed","template":"","meta":{"_kad_blocks_custom_css":"","_kad_blocks_head_custom_js":"","_kad_blocks_body_custom_js":"","_kad_blocks_footer_custom_js":"","_kadence_starter_templates_imported_post":false,"_kad_post_transparent":"default","_kad_post_title":"","_kad_post_layout":"default","_kad_post_sidebar_id":"","_kad_post_content_style":"default","_kad_post_vertical_padding":"default","_kad_post_feature":"","_kad_post_feature_position":"","_kad_post_header":false,"_kad_post_footer":false,"_kad_post_classname":""},"product_brand":[],"product_cat":[62],"product_tag":[],"class_list":{"0":"post-4673","1":"product","2":"type-product","3":"status-publish","4":"has-post-thumbnail","6":"product_cat-oils","8":"first","9":"outofstock","10":"shipping-taxable","11":"purchasable","12":"product-type-simple","13":"entry","14":"content-bg","15":"loop-entry"},"taxonomy_info":{"product_cat":[{"value":62,"label":"Oils"}]},"featured_image_src_large":["https:\/\/sultanspices.es\/wp-content\/uploads\/2024\/06\/ProductsPIX-18-1024x1024.png",1024,1024,true],"author_info":[],"comment_info":1,"jetpack_sharing_enabled":true,"_links":{"self":[{"href":"https:\/\/sultanspices.es\/es\/wp-json\/wp\/v2\/product\/4673","targetHints":{"allow":["GET"]}}],"collection":[{"href":"https:\/\/sultanspices.es\/es\/wp-json\/wp\/v2\/product"}],"about":[{"href":"https:\/\/sultanspices.es\/es\/wp-json\/wp\/v2\/types\/product"}],"replies":[{"embeddable":true,"href":"https:\/\/sultanspices.es\/es\/wp-json\/wp\/v2\/comments?post=4673"}],"wp:featuredmedia":[{"embeddable":true,"href":"https:\/\/sultanspices.es\/es\/wp-json\/wp\/v2\/media\/4750"}],"wp:attachment":[{"href":"https:\/\/sultanspices.es\/es\/wp-json\/wp\/v2\/media?parent=4673"}],"wp:term":[{"taxonomy":"product_brand","embeddable":true,"href":"https:\/\/sultanspices.es\/es\/wp-json\/wp\/v2\/product_brand?post=4673"},{"taxonomy":"product_cat","embeddable":true,"href":"https:\/\/sultanspices.es\/es\/wp-json\/wp\/v2\/product_cat?post=4673"},{"taxonomy":"product_tag","embeddable":true,"href":"https:\/\/sultanspices.es\/es\/wp-json\/wp\/v2\/product_tag?post=4673"}],"curies":[{"name":"wp","href":"https:\/\/api.w.org\/{rel}","templated":true}]}}