{"id":4672,"date":"2024-06-23T17:02:22","date_gmt":"2024-06-23T15:02:22","guid":{"rendered":"https:\/\/sultanspices.es\/coconut-milk-alibaba-cooking-400m\/"},"modified":"2026-02-23T12:40:39","modified_gmt":"2026-02-23T11:40:39","slug":"coconut-milk-alibaba-cooking-400m","status":"publish","type":"product","link":"https:\/\/sultanspices.es\/es\/producto\/leche-de-coco-alibaba-cocina-400m\/","title":{"rendered":"LECHE DE COCO ALIBABA COCINAR 400M"},"content":{"rendered":"<div class=\"flex flex-grow flex-col max-w-full\">\n<div class=\"min-h-[20px] text-message flex flex-col items-start whitespace-pre-wrap break-words [.text-message+&amp;]:mt-5 juice:w-full juice:items-end overflow-x-auto gap-2\" dir=\"auto\" data-message-author-role=\"assistant\" data-message-id=\"a738d83e-c10a-4091-abcd-3fb95a24bce6\">\n<div class=\"flex w-full flex-col gap-1 juice:empty:hidden juice:first:pt-[3px]\">\n<div class=\"markdown prose w-full break-words dark:prose-invert dark\">\n<p>Explore la cremosa riqueza de <strong>LECHE DE COCO ALIBABA COCINA 400ML<\/strong> en Sultan Spices, tu tienda de alimentaci\u00f3n india de confianza en M\u00e1laga. Esta leche de coco premium de Alibaba es perfecta para dar un toque tropical a tus creaciones culinarias, ya prepares currys, sopas, postres o bebidas.<\/p>\n<p><strong>Caracter\u00edsticas principales:<\/strong><\/p>\n<ul>\n<li><strong>Calidad superior:<\/strong> Elaborado a partir de cocos cuidadosamente seleccionados, lo que garantiza su riqueza y autenticidad.<\/li>\n<li><strong>Textura cremosa:<\/strong> A\u00f1ade una consistencia suave y aterciopelada a los platos, realzando su sabor y atractivo.<\/li>\n<li><strong>Uso vers\u00e1til:<\/strong> Ideal para cocinar curry, salsas, arroces, postres y bebidas refrescantes.<\/li>\n<li><strong>Sabor natural:<\/strong> Resalta la dulzura y el aroma naturales del coco en sus recetas.<\/li>\n<li><strong>C\u00f3modo embalaje:<\/strong> Viene en una lata de 400ML, f\u00e1cil de usar y almacenar.<\/li>\n<\/ul>\n<p>En Sultan Spices, nos especializamos en ofrecer ingredientes de alta calidad que elevan su experiencia culinaria. <strong>LECHE DE COCO ALIBABA COCINA 400ML<\/strong> refleja nuestro compromiso con la autenticidad y el sabor.<\/p>\n<p>Visite Sultan Spices en M\u00e1laga para explorar nuestra amplia gama de productos de coco, especias y art\u00edculos especiales. En <strong>LECHE DE COCO ALIBABA COCINA 400ML<\/strong>con el rico sabor tropical de la leche de coco.<\/p>\n<p>Mejore sus recetas con <strong>LECHE DE COCO ALIBABA COCINA 400ML<\/strong> de Sultan Spices, y disfrute de la cremosa riqueza y bondad natural que aporta a su cocina.<\/p>\n<\/div>\n<\/div>\n<\/div>\n<\/div>","protected":false},"excerpt":{"rendered":"<p>Explore la cremosa riqueza de la LECHE DE COCO ALIBABA COOKING 400ML en Sultan Spices, su tienda de alimentaci\u00f3n india de confianza en M\u00e1laga. Esta leche de coco premium de Alibaba es perfecta para a\u00f1adir un toque tropical a tus creaciones culinarias, tanto si preparas currys, sopas, postres o bebidas. Caracter\u00edsticas principales: Calidad Premium: Elaborada a partir de cocos cuidadosamente seleccionados, asegurando...<\/p>","protected":false},"featured_media":4755,"comment_status":"open","ping_status":"closed","template":"","meta":{"_kad_blocks_custom_css":"","_kad_blocks_head_custom_js":"","_kad_blocks_body_custom_js":"","_kad_blocks_footer_custom_js":"","_kadence_starter_templates_imported_post":false,"_kad_post_transparent":"default","_kad_post_title":"","_kad_post_layout":"default","_kad_post_sidebar_id":"","_kad_post_content_style":"default","_kad_post_vertical_padding":"default","_kad_post_feature":"","_kad_post_feature_position":"","_kad_post_header":false,"_kad_post_footer":false,"_kad_post_classname":""},"product_brand":[],"product_cat":[55,61],"product_tag":[],"class_list":{"0":"post-4672","1":"product","2":"type-product","3":"status-publish","4":"has-post-thumbnail","6":"product_cat-pastes","7":"product_cat-dairy-productsghee","9":"first","10":"instock","11":"shipping-taxable","12":"purchasable","13":"product-type-simple","14":"entry","15":"content-bg","16":"loop-entry"},"taxonomy_info":{"product_cat":[{"value":55,"label":"Pastes, Pickles &amp; Sauces"},{"value":61,"label":"Dairy Products(ghee)"}]},"featured_image_src_large":["https:\/\/sultanspices.es\/wp-content\/uploads\/2024\/06\/ProductsPIX-20-1024x1024.png",1024,1024,true],"author_info":[],"comment_info":0,"jetpack_sharing_enabled":true,"_links":{"self":[{"href":"https:\/\/sultanspices.es\/es\/wp-json\/wp\/v2\/product\/4672","targetHints":{"allow":["GET"]}}],"collection":[{"href":"https:\/\/sultanspices.es\/es\/wp-json\/wp\/v2\/product"}],"about":[{"href":"https:\/\/sultanspices.es\/es\/wp-json\/wp\/v2\/types\/product"}],"replies":[{"embeddable":true,"href":"https:\/\/sultanspices.es\/es\/wp-json\/wp\/v2\/comments?post=4672"}],"wp:featuredmedia":[{"embeddable":true,"href":"https:\/\/sultanspices.es\/es\/wp-json\/wp\/v2\/media\/4755"}],"wp:attachment":[{"href":"https:\/\/sultanspices.es\/es\/wp-json\/wp\/v2\/media?parent=4672"}],"wp:term":[{"taxonomy":"product_brand","embeddable":true,"href":"https:\/\/sultanspices.es\/es\/wp-json\/wp\/v2\/product_brand?post=4672"},{"taxonomy":"product_cat","embeddable":true,"href":"https:\/\/sultanspices.es\/es\/wp-json\/wp\/v2\/product_cat?post=4672"},{"taxonomy":"product_tag","embeddable":true,"href":"https:\/\/sultanspices.es\/es\/wp-json\/wp\/v2\/product_tag?post=4672"}],"curies":[{"name":"wp","href":"https:\/\/api.w.org\/{rel}","templated":true}]}}