{"id":4671,"date":"2024-06-23T17:02:21","date_gmt":"2024-06-23T15:02:21","guid":{"rendered":"https:\/\/sultanspices.es\/cock-curry-paste-red-400g\/"},"modified":"2026-02-23T12:40:39","modified_gmt":"2026-02-23T11:40:39","slug":"cock-curry-paste-red-400g","status":"publish","type":"product","link":"https:\/\/sultanspices.es\/es\/producto\/gallo-curry-pasta-rojo-400g\/","title":{"rendered":"GALLO PASTA DE CURRY ROJO 400G"},"content":{"rendered":"<div class=\"flex flex-grow flex-col max-w-full\">\n<div class=\"min-h-[20px] text-message flex flex-col items-start whitespace-pre-wrap break-words [.text-message+&amp;]:mt-5 juice:w-full juice:items-end overflow-x-auto gap-2\" dir=\"auto\" data-message-author-role=\"assistant\" data-message-id=\"2501707f-6d59-4036-b269-379d45edff55\">\n<div class=\"flex w-full flex-col gap-1 juice:empty:hidden juice:first:pt-[3px]\">\n<div class=\"markdown prose w-full break-words dark:prose-invert dark\">\n<p>Descubra los aut\u00e9nticos sabores de Tailandia con <strong>GALLO PASTA DE CURRY ROJO 400G<\/strong>disponible en Sultan Spices, tu tienda de alimentaci\u00f3n india de referencia en M\u00e1laga. Esta pasta de curry rojo de primera calidad de Cock Brand est\u00e1 elaborada con una mezcla de especias y hierbas tradicionales tailandesas, perfecta para crear ricos y arom\u00e1ticos currys tailandeses en casa.<\/p>\n<p><strong>Caracter\u00edsticas principales:<\/strong><\/p>\n<ul>\n<li><strong>Aut\u00e9ntico sabor tailand\u00e9s:<\/strong> Elaborado con una mezcla de chiles rojos, hierba lim\u00f3n, ajo, chalotas y especias para un sabor aut\u00e9ntico.<\/li>\n<li><strong>Uso vers\u00e1til:<\/strong> Ideal para preparar platos cl\u00e1sicos de curry rojo tailand\u00e9s con pollo, ternera, marisco o verduras.<\/li>\n<li><strong>Preparaci\u00f3n c\u00f3moda:<\/strong> La pasta lista para usar ahorra tiempo en la cocina sin renunciar al sabor.<\/li>\n<li><strong>Aroma rico:<\/strong> Realza el aroma y el sabor del curry, las sopas, los salteados y los adobos.<\/li>\n<li><strong>C\u00f3modo embalaje:<\/strong> Se presenta en un tarro de 400 g, f\u00e1cil de guardar y de utilizar para varias raciones.<\/li>\n<\/ul>\n<p>En Sultan Spices, nos enorgullecemos de ofrecer aut\u00e9nticos ingredientes internacionales que elevan sus aventuras culinarias. <strong>GALLO PASTA DE CURRY ROJO 400G<\/strong> ejemplifica nuestro compromiso con la calidad y la diversidad de sabores.<\/p>\n<p>Visite Sultan Spices en M\u00e1laga para explorar nuestra amplia gama de especias, salsas y art\u00edculos especiales. Con <strong>GALLO PASTA DE CURRY ROJO 400G<\/strong>con el que podr\u00e1 llevar los ex\u00f3ticos sabores de Tailandia a su cocina y crear platos memorables.<\/p>\n<p>Sum\u00e9rjase en los vibrantes sabores de Tailandia con <strong>GALLO PASTA DE CURRY ROJO 400G<\/strong> de Sultan Spices, y disfrute de la comodidad y autenticidad que aporta a su experiencia culinaria tailandesa.<\/p>\n<\/div>\n<\/div>\n<\/div>\n<\/div>","protected":false},"excerpt":{"rendered":"<p>Descubra los aut\u00e9nticos sabores de Tailandia con COCK CURRY PASTE RED 400G, disponible en Sultan Spices, su principal tienda de alimentaci\u00f3n india en M\u00e1laga. Esta pasta de curry rojo de primera calidad de la marca Cock est\u00e1 elaborada con una mezcla de especias y hierbas tradicionales tailandesas, perfecta para crear ricos y arom\u00e1ticos currys tailandeses en casa. Caracter\u00edsticas principales: Aut\u00e9ntico...<\/p>","protected":false},"featured_media":4757,"comment_status":"open","ping_status":"closed","template":"","meta":{"_kad_blocks_custom_css":"","_kad_blocks_head_custom_js":"","_kad_blocks_body_custom_js":"","_kad_blocks_footer_custom_js":"","_kadence_starter_templates_imported_post":false,"_kad_post_transparent":"default","_kad_post_title":"","_kad_post_layout":"default","_kad_post_sidebar_id":"","_kad_post_content_style":"default","_kad_post_vertical_padding":"default","_kad_post_feature":"","_kad_post_feature_position":"","_kad_post_header":false,"_kad_post_footer":false,"_kad_post_classname":""},"product_brand":[],"product_cat":[55],"product_tag":[],"class_list":{"0":"post-4671","1":"product","2":"type-product","3":"status-publish","4":"has-post-thumbnail","6":"product_cat-pastes","8":"first","9":"outofstock","10":"shipping-taxable","11":"purchasable","12":"product-type-simple","13":"entry","14":"content-bg","15":"loop-entry"},"taxonomy_info":{"product_cat":[{"value":55,"label":"Pastes, Pickles &amp; Sauces"}]},"featured_image_src_large":["https:\/\/sultanspices.es\/wp-content\/uploads\/2024\/06\/ProductsPIX-21-1024x1024.png",1024,1024,true],"author_info":[],"comment_info":0,"jetpack_sharing_enabled":true,"_links":{"self":[{"href":"https:\/\/sultanspices.es\/es\/wp-json\/wp\/v2\/product\/4671","targetHints":{"allow":["GET"]}}],"collection":[{"href":"https:\/\/sultanspices.es\/es\/wp-json\/wp\/v2\/product"}],"about":[{"href":"https:\/\/sultanspices.es\/es\/wp-json\/wp\/v2\/types\/product"}],"replies":[{"embeddable":true,"href":"https:\/\/sultanspices.es\/es\/wp-json\/wp\/v2\/comments?post=4671"}],"wp:featuredmedia":[{"embeddable":true,"href":"https:\/\/sultanspices.es\/es\/wp-json\/wp\/v2\/media\/4757"}],"wp:attachment":[{"href":"https:\/\/sultanspices.es\/es\/wp-json\/wp\/v2\/media?parent=4671"}],"wp:term":[{"taxonomy":"product_brand","embeddable":true,"href":"https:\/\/sultanspices.es\/es\/wp-json\/wp\/v2\/product_brand?post=4671"},{"taxonomy":"product_cat","embeddable":true,"href":"https:\/\/sultanspices.es\/es\/wp-json\/wp\/v2\/product_cat?post=4671"},{"taxonomy":"product_tag","embeddable":true,"href":"https:\/\/sultanspices.es\/es\/wp-json\/wp\/v2\/product_tag?post=4671"}],"curies":[{"name":"wp","href":"https:\/\/api.w.org\/{rel}","templated":true}]}}