{"id":4668,"date":"2024-06-23T17:02:20","date_gmt":"2024-06-23T15:02:20","guid":{"rendered":"https:\/\/sultanspices.es\/chilli-pwd-ex-hot-trs-100g\/"},"modified":"2025-10-19T16:54:55","modified_gmt":"2025-10-19T14:54:55","slug":"chilli-pwd-ex-hot-trs-100g","status":"publish","type":"product","link":"https:\/\/sultanspices.es\/es\/producto\/chilli-pwd-ex-hot-trs-100g\/","title":{"rendered":"CHILLI PWD EX.HOT TRS 100G"},"content":{"rendered":"<div class=\"flex flex-grow flex-col max-w-full\">\n<div class=\"min-h-[20px] text-message flex flex-col items-start whitespace-pre-wrap break-words [.text-message+&amp;]:mt-5 juice:w-full juice:items-end overflow-x-auto gap-2\" dir=\"auto\" data-message-author-role=\"assistant\" data-message-id=\"4e631d54-6ed5-4fe1-b5eb-0cff1a3bbb55\">\n<div class=\"flex w-full flex-col gap-1 juice:empty:hidden juice:first:pt-[3px]\">\n<div class=\"markdown prose w-full break-words dark:prose-invert dark\">\n<p>Condimente sus platos con <strong>CHILLI PWD EX.HOT TRS 100G<\/strong> de Sultan Spices, su tienda india de confianza en M\u00e1laga. Este chile en polvo extra picante de TRS proporciona un intenso calor y un sabor robusto, perfecto para a\u00f1adir un toque picante a tus creaciones culinarias.<\/p>\n<p><strong>Caracter\u00edsticas principales:<\/strong><\/p>\n<ul>\n<li><strong>Calidad superior:<\/strong> Elaborado a partir de pimientos picantes seleccionados, finamente molidos para conservar su frescura y potencia.<\/li>\n<li><strong>Calor intenso:<\/strong> Aporta un toque picante a los platos, realzando su sabor con cada pizca.<\/li>\n<li><strong>Uso vers\u00e1til:<\/strong> Ideal para condimentar carnes, verduras, adobos, salsas y platos picantes.<\/li>\n<li><strong>Sabor aut\u00e9ntico:<\/strong> Realza la autenticidad de la cocina india y otras recetas picantes.<\/li>\n<li><strong>C\u00f3modo embalaje:<\/strong> Viene en un paquete de 100 g, f\u00e1cil de almacenar y utilizar en su cocina.<\/li>\n<\/ul>\n<p>En Sultan Spices, nos especializamos en ofrecer especias de alta calidad que elevan su experiencia culinaria. <strong>CHILLI PWD EX.HOT TRS 100G<\/strong> encarna nuestro compromiso de ofrecer sabores aut\u00e9nticos y una calidad excepcional.<\/p>\n<p>Visite Sultan Spices en M\u00e1laga para explorar nuestra variada gama de especias, hierbas e ingredientes especiales. En <strong>CHILLI PWD EX.HOT TRS 100G<\/strong>Con el chile en polvo extra picante, puede condimentar sus platos con el intenso calor y el robusto sabor del chile en polvo extra picante.<\/p>\n<p>A\u00f1ada un toque picante a sus comidas con <strong>CHILLI PWD EX.HOT TRS 100G<\/strong> de Sultan Spices, y disfrute de los atrevidos sabores que aporta a sus creaciones culinarias.<\/p>\n<\/div>\n<\/div>\n<\/div>\n<\/div>","protected":false},"excerpt":{"rendered":"<p>Dale sabor a tus platos con CHILLI PWD EX.HOT TRS 100G de Sultan Spices, tu tienda de alimentaci\u00f3n india de confianza en M\u00e1laga. Este chile en polvo extra picante de TRS proporciona un intenso calor y un sabor robusto, perfecto para a\u00f1adir un toque picante a sus creaciones culinarias. Caracter\u00edsticas principales: Calidad Premium: Hecho de pimientos picantes seleccionados, finamente...<\/p>","protected":false},"featured_media":4760,"comment_status":"open","ping_status":"closed","template":"","meta":{"_kad_blocks_custom_css":"","_kad_blocks_head_custom_js":"","_kad_blocks_body_custom_js":"","_kad_blocks_footer_custom_js":"","_kadence_starter_templates_imported_post":false,"_kad_post_transparent":"default","_kad_post_title":"","_kad_post_layout":"default","_kad_post_sidebar_id":"","_kad_post_content_style":"default","_kad_post_vertical_padding":"default","_kad_post_feature":"","_kad_post_feature_position":"","_kad_post_header":false,"_kad_post_footer":false,"_kad_post_classname":""},"product_brand":[],"product_cat":[50],"product_tag":[],"class_list":{"0":"post-4668","1":"product","2":"type-product","3":"status-publish","4":"has-post-thumbnail","6":"product_cat-spices","8":"first","9":"instock","10":"shipping-taxable","11":"purchasable","12":"product-type-simple","13":"entry","14":"content-bg","15":"loop-entry"},"taxonomy_info":{"product_cat":[{"value":50,"label":"Spices"}]},"featured_image_src_large":["https:\/\/sultanspices.es\/wp-content\/uploads\/2024\/06\/ProductsPIX-22-1024x1024.png",1024,1024,true],"author_info":[],"comment_info":1,"jetpack_sharing_enabled":true,"_links":{"self":[{"href":"https:\/\/sultanspices.es\/es\/wp-json\/wp\/v2\/product\/4668","targetHints":{"allow":["GET"]}}],"collection":[{"href":"https:\/\/sultanspices.es\/es\/wp-json\/wp\/v2\/product"}],"about":[{"href":"https:\/\/sultanspices.es\/es\/wp-json\/wp\/v2\/types\/product"}],"replies":[{"embeddable":true,"href":"https:\/\/sultanspices.es\/es\/wp-json\/wp\/v2\/comments?post=4668"}],"wp:featuredmedia":[{"embeddable":true,"href":"https:\/\/sultanspices.es\/es\/wp-json\/wp\/v2\/media\/4760"}],"wp:attachment":[{"href":"https:\/\/sultanspices.es\/es\/wp-json\/wp\/v2\/media?parent=4668"}],"wp:term":[{"taxonomy":"product_brand","embeddable":true,"href":"https:\/\/sultanspices.es\/es\/wp-json\/wp\/v2\/product_brand?post=4668"},{"taxonomy":"product_cat","embeddable":true,"href":"https:\/\/sultanspices.es\/es\/wp-json\/wp\/v2\/product_cat?post=4668"},{"taxonomy":"product_tag","embeddable":true,"href":"https:\/\/sultanspices.es\/es\/wp-json\/wp\/v2\/product_tag?post=4668"}],"curies":[{"name":"wp","href":"https:\/\/api.w.org\/{rel}","templated":true}]}}