{"id":4667,"date":"2024-06-23T17:02:19","date_gmt":"2024-06-23T15:02:19","guid":{"rendered":"https:\/\/sultanspices.es\/chilli-crushed-trs-250g\/"},"modified":"2026-03-31T18:37:40","modified_gmt":"2026-03-31T16:37:40","slug":"chilli-crushed-trs-250g","status":"publish","type":"product","link":"https:\/\/sultanspices.es\/es\/producto\/chilli-crushed-trs-250g\/","title":{"rendered":"CHILE TRITURADO TRS 250G"},"content":{"rendered":"<p>Realce sus platos con el vibrante calor del <strong>CHILE TRITURADO TRS 250G<\/strong> de Sultan Spices, su tienda india de confianza en M\u00e1laga. Este chile triturado premium de TRS ofrece una manera conveniente de a\u00f1adir sabor picante y textura a una variedad de cocinas.<\/p>\n<p><strong>Caracter\u00edsticas principales:<\/strong><\/p>\n<ul>\n<li><strong>Calidad superior:<\/strong> Elaborado con chiles secos seleccionados, triturados para conservar el sabor y la textura.<\/li>\n<li><strong>Uso vers\u00e1til:<\/strong> Ideal para sazonar pizzas, platos de pasta, salteados, adobos y mucho m\u00e1s.<\/li>\n<li><strong>Sabor intenso:<\/strong> A\u00f1ade un toque fuerte y picante a los platos, realzando su sabor general.<\/li>\n<li><strong>C\u00f3modo embalaje:<\/strong> Se presenta en un envase de 250 g, f\u00e1cil de usar y guardar en la cocina.<\/li>\n<\/ul>\n<p>En Sultan Spices, nos especializamos en ofrecer especias de alta calidad que elevan su experiencia culinaria. <strong>CHILE TRITURADO TRS 250G<\/strong> ejemplifica nuestro compromiso con la autenticidad y el sabor.<\/p>\n<p>Visite Sultan Spices en M\u00e1laga para explorar nuestra amplia gama de especias, hierbas e ingredientes especiales. Con <strong>CHILE TRITURADO TRS 250G<\/strong>con los copos de guindilla triturados, puede a\u00f1adir profundidad y picante a sus platos.<\/p>\n<p>Condimente sus comidas con <strong>CHILE TRITURADO TRS 250G<\/strong> de Sultan Spices, y disfrute de los atrevidos sabores y posibilidades culinarias que aporta a su cocina.<\/p>","protected":false},"excerpt":{"rendered":"<p>Realza tus platos con el vibrante picante del CHILLI TRS 250G de Sultan Spices, tu tienda de alimentaci\u00f3n india de confianza en M\u00e1laga. Este chile triturado premium de TRS ofrece una forma conveniente de a\u00f1adir sabor picante y textura a una variedad de cocinas. Caracter\u00edsticas principales: Calidad Premium: Hecho de chiles secos seleccionados, triturados a...<\/p>","protected":false},"featured_media":4763,"comment_status":"open","ping_status":"closed","template":"","meta":{"_kad_blocks_custom_css":"","_kad_blocks_head_custom_js":"","_kad_blocks_body_custom_js":"","_kad_blocks_footer_custom_js":"","_kadence_starter_templates_imported_post":false,"_kad_post_transparent":"default","_kad_post_title":"","_kad_post_layout":"default","_kad_post_sidebar_id":"","_kad_post_content_style":"default","_kad_post_vertical_padding":"default","_kad_post_feature":"","_kad_post_feature_position":"","_kad_post_header":false,"_kad_post_footer":false,"_kad_post_classname":""},"product_brand":[],"product_cat":[50],"product_tag":[],"class_list":{"0":"post-4667","1":"product","2":"type-product","3":"status-publish","4":"has-post-thumbnail","6":"product_cat-spices","8":"first","9":"instock","10":"shipping-taxable","11":"purchasable","12":"product-type-simple","13":"entry","14":"content-bg","15":"loop-entry"},"taxonomy_info":{"product_cat":[{"value":50,"label":"Spices"}]},"featured_image_src_large":["https:\/\/sultanspices.es\/wp-content\/uploads\/2024\/06\/ProductsPIX-24-1024x1024.png",1024,1024,true],"author_info":[],"comment_info":0,"jetpack_sharing_enabled":true,"_links":{"self":[{"href":"https:\/\/sultanspices.es\/es\/wp-json\/wp\/v2\/product\/4667","targetHints":{"allow":["GET"]}}],"collection":[{"href":"https:\/\/sultanspices.es\/es\/wp-json\/wp\/v2\/product"}],"about":[{"href":"https:\/\/sultanspices.es\/es\/wp-json\/wp\/v2\/types\/product"}],"replies":[{"embeddable":true,"href":"https:\/\/sultanspices.es\/es\/wp-json\/wp\/v2\/comments?post=4667"}],"wp:featuredmedia":[{"embeddable":true,"href":"https:\/\/sultanspices.es\/es\/wp-json\/wp\/v2\/media\/4763"}],"wp:attachment":[{"href":"https:\/\/sultanspices.es\/es\/wp-json\/wp\/v2\/media?parent=4667"}],"wp:term":[{"taxonomy":"product_brand","embeddable":true,"href":"https:\/\/sultanspices.es\/es\/wp-json\/wp\/v2\/product_brand?post=4667"},{"taxonomy":"product_cat","embeddable":true,"href":"https:\/\/sultanspices.es\/es\/wp-json\/wp\/v2\/product_cat?post=4667"},{"taxonomy":"product_tag","embeddable":true,"href":"https:\/\/sultanspices.es\/es\/wp-json\/wp\/v2\/product_tag?post=4667"}],"curies":[{"name":"wp","href":"https:\/\/api.w.org\/{rel}","templated":true}]}}