{"id":4662,"date":"2024-06-23T17:02:12","date_gmt":"2024-06-23T15:02:12","guid":{"rendered":"https:\/\/sultanspices.es\/arroz-tilda-sundari-1k-basmati\/"},"modified":"2026-03-21T22:11:27","modified_gmt":"2026-03-21T21:11:27","slug":"arroz-tilda-sundari-1k-basmati","status":"publish","type":"product","link":"https:\/\/sultanspices.es\/es\/producto\/arroz-tilda-sundari-1k-basmati\/","title":{"rendered":"ARROZ TILDA\/SUNDARI 1K BASMATI"},"content":{"rendered":"<p>Descubra el exquisito sabor y aroma de <strong>ARROZ TILDA\/SUNDARI 1K BASMATI<\/strong> en Sultan Spices, su tienda india de confianza en M\u00e1laga. Este arroz basmati premium de Tilda\/Sundari es famoso por sus granos largos, su delicada fragancia y su textura esponjosa, lo que lo convierte en una opci\u00f3n ideal para una gran variedad de platos.<\/p>\n<p><strong>Caracter\u00edsticas principales:<\/strong><\/p>\n<ul>\n<li><strong>Calidad superior:<\/strong> Elaborado con los mejores granos de arroz basmati, conocidos por su calidad y sabor superiores.<\/li>\n<li><strong>Aroma delicado:<\/strong> Ofrece una fragancia sutil y arom\u00e1tica que mejora la experiencia gastron\u00f3mica en general.<\/li>\n<li><strong>Uso vers\u00e1til:<\/strong> Perfecto para preparar biryanis, pilafs, cuencos de arroz y otros platos gourmet.<\/li>\n<li><strong>Textura esponjosa:<\/strong> Se cocina a la perfecci\u00f3n con granos largos y separados que permanecen esponjosos y no pegajosos.<\/li>\n<li><strong>C\u00f3modo embalaje:<\/strong> Se presenta en un envase de 1 kg, ideal para hogares y peque\u00f1as reuniones.<\/li>\n<\/ul>\n<p>En Sultan Spices, nos enorgullecemos de ofrecer ingredientes de alta calidad que mejoran su cocina. <strong>ARROZ TILDA\/SUNDARI 1K BASMATI<\/strong> refleja nuestro compromiso con la autenticidad y la excelencia culinaria.<\/p>\n<p>Visite Sultan Spices en M\u00e1laga para explorar nuestra variada selecci\u00f3n de variedades de arroz, especias y art\u00edculos especiales. En <strong>ARROZ TILDA\/SUNDARI 1K BASMATI<\/strong>Con el arroz basmati, podr\u00e1 disfrutar del sabor y la textura de primera calidad del arroz basmati en sus platos favoritos.<\/p>\n<p>Experimente la excelencia de <strong>ARROZ TILDA\/SUNDARI 1K BASMATI<\/strong> de Sultan Spices, y eleve sus creaciones culinarias con su calidad superior y delicioso aroma.<\/p>","protected":false},"excerpt":{"rendered":"<p>Descubra el exquisito sabor y aroma de ARROZ TILDA\/SUNDARI 1K BASMATI en Sultan Spices, su tienda de alimentaci\u00f3n india de confianza en M\u00e1laga. Este arroz basmati premium de Tilda\/Sundari es famoso por sus granos largos, su delicada fragancia y su textura esponjosa, lo que lo convierte en una opci\u00f3n ideal para una gran variedad de platos. Caracter\u00edsticas principales: Calidad superior: Elaborado con la...<\/p>","protected":false},"featured_media":4767,"comment_status":"open","ping_status":"closed","template":"","meta":{"_kad_blocks_custom_css":"","_kad_blocks_head_custom_js":"","_kad_blocks_body_custom_js":"","_kad_blocks_footer_custom_js":"","_kadence_starter_templates_imported_post":false,"_kad_post_transparent":"default","_kad_post_title":"","_kad_post_layout":"default","_kad_post_sidebar_id":"","_kad_post_content_style":"default","_kad_post_vertical_padding":"default","_kad_post_feature":"","_kad_post_feature_position":"","_kad_post_header":false,"_kad_post_footer":false,"_kad_post_classname":""},"product_brand":[],"product_cat":[53],"product_tag":[],"class_list":{"0":"post-4662","1":"product","2":"type-product","3":"status-publish","4":"has-post-thumbnail","6":"product_cat-rice","8":"first","9":"instock","10":"sale","11":"shipping-taxable","12":"purchasable","13":"product-type-simple","14":"entry","15":"content-bg","16":"loop-entry"},"taxonomy_info":{"product_cat":[{"value":53,"label":"Rice"}]},"featured_image_src_large":["https:\/\/sultanspices.es\/wp-content\/uploads\/2024\/06\/ProductsPIX-26-1024x1024.png",1024,1024,true],"author_info":[],"comment_info":0,"jetpack_sharing_enabled":true,"_links":{"self":[{"href":"https:\/\/sultanspices.es\/es\/wp-json\/wp\/v2\/product\/4662","targetHints":{"allow":["GET"]}}],"collection":[{"href":"https:\/\/sultanspices.es\/es\/wp-json\/wp\/v2\/product"}],"about":[{"href":"https:\/\/sultanspices.es\/es\/wp-json\/wp\/v2\/types\/product"}],"replies":[{"embeddable":true,"href":"https:\/\/sultanspices.es\/es\/wp-json\/wp\/v2\/comments?post=4662"}],"wp:featuredmedia":[{"embeddable":true,"href":"https:\/\/sultanspices.es\/es\/wp-json\/wp\/v2\/media\/4767"}],"wp:attachment":[{"href":"https:\/\/sultanspices.es\/es\/wp-json\/wp\/v2\/media?parent=4662"}],"wp:term":[{"taxonomy":"product_brand","embeddable":true,"href":"https:\/\/sultanspices.es\/es\/wp-json\/wp\/v2\/product_brand?post=4662"},{"taxonomy":"product_cat","embeddable":true,"href":"https:\/\/sultanspices.es\/es\/wp-json\/wp\/v2\/product_cat?post=4662"},{"taxonomy":"product_tag","embeddable":true,"href":"https:\/\/sultanspices.es\/es\/wp-json\/wp\/v2\/product_tag?post=4662"}],"curies":[{"name":"wp","href":"https:\/\/api.w.org\/{rel}","templated":true}]}}