{"id":4407,"date":"2024-04-13T09:34:28","date_gmt":"2024-04-13T07:34:28","guid":{"rendered":"https:\/\/sultanspices.es\/urid-dallchilka-ali-baba-1kg\/"},"modified":"2026-04-08T00:00:29","modified_gmt":"2026-04-07T22:00:29","slug":"urid-dallchilka-ali-baba-1kg","status":"publish","type":"product","link":"https:\/\/sultanspices.es\/es\/producto\/urid-dallchilka-ali-baba-1kg\/","title":{"rendered":"URID DALL(CHILKA) ALI BABA 1KG"},"content":{"rendered":"<p>Ali Baba Urid Dal (Chilka) ofrece urad dal partido de primera calidad con la c\u00e1scara intacta, repleto de nutrientes y sabor. Este paquete de 1 kg le garantiza un amplio suministro de este vers\u00e1til ingrediente para sus necesidades culinarias. El urad dal, tambi\u00e9n conocido como dal de gramo negro, es un alimento b\u00e1sico en la cocina india, perfecto para preparar deliciosos platos de dal, sabrosos aperitivos como las vadas, y mucho m\u00e1s. Ali Baba Urid Dal (Chilka) se obtiene de los mejores ingredientes, garantizando frescura y autenticidad en cada bocado. Mejore su cocina con el rico sabor a nuez y la textura cremosa de Ali Baba Urid Dal (Chilka) y cree comidas sanas y sabrosas para su familia y amigos. Disponible en Sultan Spices, con env\u00edos a toda Espa\u00f1a y Portugal.<\/p>","protected":false},"excerpt":{"rendered":"<p>Ali Baba Urid Dal (Chilka) ofrece urad dal partido de primera calidad con la c\u00e1scara intacta, repleto de nutrientes y sabor. Este paquete de 1 kg le garantiza un amplio suministro de este vers\u00e1til ingrediente para sus necesidades culinarias. El urad dal, tambi\u00e9n conocido como dal de gramo negro, es un alimento b\u00e1sico en la cocina india, perfecto para...<\/p>","protected":false},"featured_media":4419,"comment_status":"open","ping_status":"closed","template":"","meta":{"_kad_blocks_custom_css":"","_kad_blocks_head_custom_js":"","_kad_blocks_body_custom_js":"","_kad_blocks_footer_custom_js":"","_kadence_starter_templates_imported_post":false,"_kad_post_transparent":"default","_kad_post_title":"","_kad_post_layout":"default","_kad_post_sidebar_id":"","_kad_post_content_style":"default","_kad_post_vertical_padding":"default","_kad_post_feature":"","_kad_post_feature_position":"","_kad_post_header":false,"_kad_post_footer":false,"_kad_post_classname":""},"product_brand":[],"product_cat":[47],"product_tag":[],"class_list":{"0":"post-4407","1":"product","2":"type-product","3":"status-publish","4":"has-post-thumbnail","6":"product_cat-lentils","8":"first","9":"instock","10":"shipping-taxable","11":"purchasable","12":"product-type-simple","13":"entry","14":"content-bg","15":"loop-entry"},"taxonomy_info":{"product_cat":[{"value":47,"label":"Lentils"}]},"featured_image_src_large":["https:\/\/sultanspices.es\/wp-content\/uploads\/2024\/04\/ProductsPIX-2-1024x1024.png",1024,1024,true],"author_info":[],"comment_info":0,"jetpack_sharing_enabled":true,"_links":{"self":[{"href":"https:\/\/sultanspices.es\/es\/wp-json\/wp\/v2\/product\/4407","targetHints":{"allow":["GET"]}}],"collection":[{"href":"https:\/\/sultanspices.es\/es\/wp-json\/wp\/v2\/product"}],"about":[{"href":"https:\/\/sultanspices.es\/es\/wp-json\/wp\/v2\/types\/product"}],"replies":[{"embeddable":true,"href":"https:\/\/sultanspices.es\/es\/wp-json\/wp\/v2\/comments?post=4407"}],"wp:featuredmedia":[{"embeddable":true,"href":"https:\/\/sultanspices.es\/es\/wp-json\/wp\/v2\/media\/4419"}],"wp:attachment":[{"href":"https:\/\/sultanspices.es\/es\/wp-json\/wp\/v2\/media?parent=4407"}],"wp:term":[{"taxonomy":"product_brand","embeddable":true,"href":"https:\/\/sultanspices.es\/es\/wp-json\/wp\/v2\/product_brand?post=4407"},{"taxonomy":"product_cat","embeddable":true,"href":"https:\/\/sultanspices.es\/es\/wp-json\/wp\/v2\/product_cat?post=4407"},{"taxonomy":"product_tag","embeddable":true,"href":"https:\/\/sultanspices.es\/es\/wp-json\/wp\/v2\/product_tag?post=4407"}],"curies":[{"name":"wp","href":"https:\/\/api.w.org\/{rel}","templated":true}]}}