{"id":4351,"date":"2024-04-13T09:34:10","date_gmt":"2024-04-13T07:34:10","guid":{"rendered":"https:\/\/sultanspices.es\/rte-tata-karahi-curry-180g\/"},"modified":"2026-02-23T12:41:14","modified_gmt":"2026-02-23T11:41:14","slug":"rte-tata-karahi-curry-180g","status":"publish","type":"product","link":"https:\/\/sultanspices.es\/es\/producto\/rte-tata-karahi-curry-180g\/","title":{"rendered":"RTE TATA KARAHI CURRY 180G"},"content":{"rendered":"<div class=\"flex-1 overflow-hidden\">\n<div class=\"react-scroll-to-bottom--css-yrmpv-79elbk h-full\">\n<div class=\"react-scroll-to-bottom--css-yrmpv-1n7m0yu\">\n<div class=\"flex flex-col text-sm pb-9\">\n<div class=\"w-full text-token-text-primary\" dir=\"auto\" data-testid=\"conversation-turn-543\">\n<div class=\"px-4 py-2 justify-center text-base md:gap-6 m-auto\">\n<div class=\"flex flex-1 text-base mx-auto gap-3 juice:gap-4 juice:md:gap-6 md:px-5 lg:px-1 xl:px-5 md:max-w-3xl lg:max-w-[40rem] xl:max-w-[48rem] group final-completion\">\n<div class=\"relative flex w-full flex-col agent-turn\">\n<div class=\"flex-col gap-1 md:gap-3\">\n<div class=\"flex flex-grow flex-col max-w-full\">\n<div class=\"min-h-[20px] text-message flex flex-col items-start gap-3 whitespace-pre-wrap break-words [.text-message+&amp;]:mt-5 overflow-x-auto\" dir=\"auto\" data-message-author-role=\"assistant\" data-message-id=\"0f23a015-7089-4290-9b21-af3c9780ff7c\">\n<div class=\"markdown prose w-full break-words dark:prose-invert dark\">\n<p>Experimente los sabores atrevidos y arom\u00e1ticos de la cocina pakistan\u00ed con RTE Tata Karahi Curry. Este envase de 180 g ofrece una soluci\u00f3n c\u00f3moda y lista para comer para disfrutar del aut\u00e9ntico curry Karahi en casa. Elaborada con una mezcla especial de especias, como cilantro, comino y piment\u00f3n, esta salsa de curry promete tentar a sus papilas gustativas con su rico y sabroso sabor. Cali\u00e9ntela y s\u00edrvala con la carne o las verduras que prefiera para disfrutar de una comida deliciosa y satisfactoria. Transporte sus sentidos a las calles de Pakist\u00e1n con el Curry Tata Karahi de RTE, disponible en Sultan Spices y con reparto en toda Espa\u00f1a y Portugal.<\/p>\n<\/div>\n<\/div>\n<\/div>\n<\/div>\n<\/div>\n<\/div>\n<\/div>\n<\/div>\n<\/div>\n<\/div>\n<\/div>\n<\/div>","protected":false},"excerpt":{"rendered":"<p>Experimente los sabores atrevidos y arom\u00e1ticos de la cocina pakistan\u00ed con RTE Tata Karahi Curry. Este envase de 180 g ofrece una soluci\u00f3n c\u00f3moda y lista para comer para disfrutar del aut\u00e9ntico curry Karahi en casa. Elaborada con una mezcla especial de especias, como cilantro, comino y piment\u00f3n, esta salsa de curry promete...<\/p>","protected":false},"featured_media":4437,"comment_status":"open","ping_status":"closed","template":"","meta":{"_kad_blocks_custom_css":"","_kad_blocks_head_custom_js":"","_kad_blocks_body_custom_js":"","_kad_blocks_footer_custom_js":"","_kadence_starter_templates_imported_post":false,"_kad_post_transparent":"default","_kad_post_title":"","_kad_post_layout":"default","_kad_post_sidebar_id":"","_kad_post_content_style":"default","_kad_post_vertical_padding":"default","_kad_post_feature":"","_kad_post_feature_position":"","_kad_post_header":false,"_kad_post_footer":false,"_kad_post_classname":""},"product_brand":[],"product_cat":[54],"product_tag":[],"class_list":{"0":"post-4351","1":"product","2":"type-product","3":"status-publish","4":"has-post-thumbnail","6":"product_cat-instant-meals-rte","8":"first","9":"outofstock","10":"shipping-taxable","11":"purchasable","12":"product-type-simple","13":"entry","14":"content-bg","15":"loop-entry"},"taxonomy_info":{"product_cat":[{"value":54,"label":"Instant meals RTE"}]},"featured_image_src_large":["https:\/\/sultanspices.es\/wp-content\/uploads\/2024\/04\/ProductsPIX-13-1024x1024.png",1024,1024,true],"author_info":[],"comment_info":2,"jetpack_sharing_enabled":true,"_links":{"self":[{"href":"https:\/\/sultanspices.es\/es\/wp-json\/wp\/v2\/product\/4351","targetHints":{"allow":["GET"]}}],"collection":[{"href":"https:\/\/sultanspices.es\/es\/wp-json\/wp\/v2\/product"}],"about":[{"href":"https:\/\/sultanspices.es\/es\/wp-json\/wp\/v2\/types\/product"}],"replies":[{"embeddable":true,"href":"https:\/\/sultanspices.es\/es\/wp-json\/wp\/v2\/comments?post=4351"}],"wp:featuredmedia":[{"embeddable":true,"href":"https:\/\/sultanspices.es\/es\/wp-json\/wp\/v2\/media\/4437"}],"wp:attachment":[{"href":"https:\/\/sultanspices.es\/es\/wp-json\/wp\/v2\/media?parent=4351"}],"wp:term":[{"taxonomy":"product_brand","embeddable":true,"href":"https:\/\/sultanspices.es\/es\/wp-json\/wp\/v2\/product_brand?post=4351"},{"taxonomy":"product_cat","embeddable":true,"href":"https:\/\/sultanspices.es\/es\/wp-json\/wp\/v2\/product_cat?post=4351"},{"taxonomy":"product_tag","embeddable":true,"href":"https:\/\/sultanspices.es\/es\/wp-json\/wp\/v2\/product_tag?post=4351"}],"curies":[{"name":"wp","href":"https:\/\/api.w.org\/{rel}","templated":true}]}}