{"id":4332,"date":"2024-04-13T09:34:02","date_gmt":"2024-04-13T07:34:02","guid":{"rendered":"https:\/\/sultanspices.es\/pickle-national-mix-crushed-750g\/"},"modified":"2026-02-23T12:41:11","modified_gmt":"2026-02-23T11:41:11","slug":"pickle-national-mix-crushed-750g","status":"publish","type":"product","link":"https:\/\/sultanspices.es\/es\/producto\/pepinillo-nacional-mezcla-crujiente-750g\/","title":{"rendered":"PEPINILLO NATIONAL MEZCLA TRITURADA 750G"},"content":{"rendered":"<div class=\"flex-1 overflow-hidden\">\n<div class=\"react-scroll-to-bottom--css-yrmpv-79elbk h-full\">\n<div class=\"react-scroll-to-bottom--css-yrmpv-1n7m0yu\">\n<div class=\"flex flex-col text-sm pb-9\">\n<div class=\"w-full text-token-text-primary\" dir=\"auto\" data-testid=\"conversation-turn-555\">\n<div class=\"px-4 py-2 justify-center text-base md:gap-6 m-auto\">\n<div class=\"flex flex-1 text-base mx-auto gap-3 juice:gap-4 juice:md:gap-6 md:px-5 lg:px-1 xl:px-5 md:max-w-3xl lg:max-w-[40rem] xl:max-w-[48rem] group final-completion\">\n<div class=\"relative flex w-full flex-col agent-turn\">\n<div class=\"flex-col gap-1 md:gap-3\">\n<div class=\"flex flex-grow flex-col max-w-full\">\n<div class=\"min-h-[20px] text-message flex flex-col items-start gap-3 whitespace-pre-wrap break-words [.text-message+&amp;]:mt-5 overflow-x-auto\" dir=\"auto\" data-message-author-role=\"assistant\" data-message-id=\"9858ca08-2777-4e9f-8b96-fc571aec7330\">\n<div class=\"markdown prose w-full break-words dark:prose-invert dark\">\n<p>Experimente el sabor picante y sabroso de Pickle National Mix Crushed. Este envase de 750 g ofrece una deliciosa mezcla de verduras en escabeche variadas, finamente trituradas para servirlas y disfrutarlas f\u00e1cilmente. Elaborado con ingredientes de primera calidad y recetas tradicionales, Pickle National Mix Crushed promete a\u00f1adir una explosi\u00f3n de sabor a sus comidas. Disfr\u00fatelo como condimento de sus platos favoritos o como sabroso complemento de s\u00e1ndwiches y wraps. Eleve su experiencia gastron\u00f3mica con Pickle National Mix Crushed, disponible en Sultan Spices y con reparto en toda Espa\u00f1a y Portugal.<\/p>\n<\/div>\n<\/div>\n<\/div>\n<\/div>\n<\/div>\n<\/div>\n<\/div>\n<\/div>\n<\/div>\n<\/div>\n<\/div>\n<\/div>","protected":false},"excerpt":{"rendered":"<p>Experimente el sabor picante y sabroso de Pickle National Mix Crushed. Este paquete de 750 g ofrece una deliciosa mezcla de verduras en escabeche variadas, finamente trituradas para servirlas y disfrutarlas f\u00e1cilmente. Elaborado con ingredientes de primera calidad y recetas tradicionales, Pickle National Mix Crushed promete a\u00f1adir una explosi\u00f3n de sabor a sus comidas. Disfr\u00fatelo como condimento...<\/p>","protected":false},"featured_media":4447,"comment_status":"open","ping_status":"closed","template":"","meta":{"_kad_blocks_custom_css":"","_kad_blocks_head_custom_js":"","_kad_blocks_body_custom_js":"","_kad_blocks_footer_custom_js":"","_kadence_starter_templates_imported_post":false,"_kad_post_transparent":"default","_kad_post_title":"","_kad_post_layout":"default","_kad_post_sidebar_id":"","_kad_post_content_style":"default","_kad_post_vertical_padding":"default","_kad_post_feature":"","_kad_post_feature_position":"","_kad_post_header":false,"_kad_post_footer":false,"_kad_post_classname":""},"product_brand":[],"product_cat":[55],"product_tag":[],"class_list":{"0":"post-4332","1":"product","2":"type-product","3":"status-publish","4":"has-post-thumbnail","6":"product_cat-pastes","8":"first","9":"outofstock","10":"shipping-taxable","11":"purchasable","12":"product-type-simple","13":"entry","14":"content-bg","15":"loop-entry"},"taxonomy_info":{"product_cat":[{"value":55,"label":"Pastes, Pickles &amp; Sauces"}]},"featured_image_src_large":["https:\/\/sultanspices.es\/wp-content\/uploads\/2024\/04\/ProductsPIX-19-1024x1024.png",1024,1024,true],"author_info":[],"comment_info":2,"jetpack_sharing_enabled":true,"_links":{"self":[{"href":"https:\/\/sultanspices.es\/es\/wp-json\/wp\/v2\/product\/4332","targetHints":{"allow":["GET"]}}],"collection":[{"href":"https:\/\/sultanspices.es\/es\/wp-json\/wp\/v2\/product"}],"about":[{"href":"https:\/\/sultanspices.es\/es\/wp-json\/wp\/v2\/types\/product"}],"replies":[{"embeddable":true,"href":"https:\/\/sultanspices.es\/es\/wp-json\/wp\/v2\/comments?post=4332"}],"wp:featuredmedia":[{"embeddable":true,"href":"https:\/\/sultanspices.es\/es\/wp-json\/wp\/v2\/media\/4447"}],"wp:attachment":[{"href":"https:\/\/sultanspices.es\/es\/wp-json\/wp\/v2\/media?parent=4332"}],"wp:term":[{"taxonomy":"product_brand","embeddable":true,"href":"https:\/\/sultanspices.es\/es\/wp-json\/wp\/v2\/product_brand?post=4332"},{"taxonomy":"product_cat","embeddable":true,"href":"https:\/\/sultanspices.es\/es\/wp-json\/wp\/v2\/product_cat?post=4332"},{"taxonomy":"product_tag","embeddable":true,"href":"https:\/\/sultanspices.es\/es\/wp-json\/wp\/v2\/product_tag?post=4332"}],"curies":[{"name":"wp","href":"https:\/\/api.w.org\/{rel}","templated":true}]}}