{"id":4270,"date":"2024-04-13T09:33:41","date_gmt":"2024-04-13T07:33:41","guid":{"rendered":"https:\/\/sultanspices.es\/mustard-oil-danish-1l\/"},"modified":"2026-02-23T12:40:59","modified_gmt":"2026-02-23T11:40:59","slug":"mustard-oil-danish-1l","status":"publish","type":"product","link":"https:\/\/sultanspices.es\/es\/producto\/aceite-de-mostaza-danes-1l\/","title":{"rendered":"ACEITE DE MOSTAZA DAN\u00c9S 1L"},"content":{"rendered":"<div class=\"flex-1 overflow-hidden\">\n<div class=\"react-scroll-to-bottom--css-yrmpv-79elbk h-full\">\n<div class=\"react-scroll-to-bottom--css-yrmpv-1n7m0yu\">\n<div class=\"flex flex-col text-sm pb-9\">\n<div class=\"w-full text-token-text-primary\" dir=\"auto\" data-testid=\"conversation-turn-577\">\n<div class=\"px-4 py-2 justify-center text-base md:gap-6 m-auto\">\n<div class=\"flex flex-1 text-base mx-auto gap-3 juice:gap-4 juice:md:gap-6 md:px-5 lg:px-1 xl:px-5 md:max-w-3xl lg:max-w-[40rem] xl:max-w-[48rem] group final-completion\">\n<div class=\"relative flex w-full flex-col agent-turn\">\n<div class=\"flex-col gap-1 md:gap-3\">\n<div class=\"flex flex-grow flex-col max-w-full\">\n<div class=\"min-h-[20px] text-message flex flex-col items-start gap-3 whitespace-pre-wrap break-words [.text-message+&amp;]:mt-5 overflow-x-auto\" dir=\"auto\" data-message-author-role=\"assistant\" data-message-id=\"344aaa88-6965-491c-9bf8-15f9e0580b6c\">\n<div class=\"markdown prose w-full break-words dark:prose-invert dark\">\n<p>Descubra el rico aroma y el atrevido sabor del aceite de mostaza dan\u00e9s. Esta botella de 1 litro ofrece aceite de mostaza de primera calidad, perfecto para realzar el sabor de sus platos favoritos. Conocido por su inconfundible sabor picante y su versatilidad, el aceite de mostaza dan\u00e9s es ideal para cocinar, fre\u00edr y sazonar una gran variedad de platos. Tanto si prepara delicias tradicionales indias como si experimenta con recetas internacionales, el aceite de mostaza dan\u00e9s a\u00f1ade un sabor \u00fanico a sus creaciones culinarias. Disponible en Sultan Spices, con env\u00edos a toda Espa\u00f1a y Portugal.<\/p>\n<\/div>\n<\/div>\n<\/div>\n<\/div>\n<\/div>\n<\/div>\n<\/div>\n<\/div>\n<\/div>\n<\/div>\n<\/div>\n<\/div>","protected":false},"excerpt":{"rendered":"<p>Descubra el rico aroma y el atrevido sabor del aceite de mostaza dan\u00e9s. Esta botella de 1 litro ofrece aceite de mostaza de primera calidad, perfecto para realzar el sabor de sus platos favoritos. Conocido por su inconfundible sabor picante y su versatilidad, el aceite de mostaza dan\u00e9s es ideal para cocinar, fre\u00edr y ali\u00f1ar una gran variedad de platos. Tanto si prepara delicias tradicionales de la India...<\/p>","protected":false},"featured_media":4463,"comment_status":"open","ping_status":"closed","template":"","meta":{"_kad_blocks_custom_css":"","_kad_blocks_head_custom_js":"","_kad_blocks_body_custom_js":"","_kad_blocks_footer_custom_js":"","_kadence_starter_templates_imported_post":false,"_kad_post_transparent":"default","_kad_post_title":"","_kad_post_layout":"default","_kad_post_sidebar_id":"","_kad_post_content_style":"default","_kad_post_vertical_padding":"default","_kad_post_feature":"","_kad_post_feature_position":"","_kad_post_header":false,"_kad_post_footer":false,"_kad_post_classname":""},"product_brand":[],"product_cat":[62],"product_tag":[],"class_list":{"0":"post-4270","1":"product","2":"type-product","3":"status-publish","4":"has-post-thumbnail","6":"product_cat-oils","8":"first","9":"outofstock","10":"shipping-taxable","11":"purchasable","12":"product-type-simple","13":"entry","14":"content-bg","15":"loop-entry"},"taxonomy_info":{"product_cat":[{"value":62,"label":"Oils"}]},"featured_image_src_large":["https:\/\/sultanspices.es\/wp-content\/uploads\/2024\/04\/ProductsPIX-30-1024x1024.png",1024,1024,true],"author_info":[],"comment_info":0,"jetpack_sharing_enabled":true,"_links":{"self":[{"href":"https:\/\/sultanspices.es\/es\/wp-json\/wp\/v2\/product\/4270","targetHints":{"allow":["GET"]}}],"collection":[{"href":"https:\/\/sultanspices.es\/es\/wp-json\/wp\/v2\/product"}],"about":[{"href":"https:\/\/sultanspices.es\/es\/wp-json\/wp\/v2\/types\/product"}],"replies":[{"embeddable":true,"href":"https:\/\/sultanspices.es\/es\/wp-json\/wp\/v2\/comments?post=4270"}],"wp:featuredmedia":[{"embeddable":true,"href":"https:\/\/sultanspices.es\/es\/wp-json\/wp\/v2\/media\/4463"}],"wp:attachment":[{"href":"https:\/\/sultanspices.es\/es\/wp-json\/wp\/v2\/media?parent=4270"}],"wp:term":[{"taxonomy":"product_brand","embeddable":true,"href":"https:\/\/sultanspices.es\/es\/wp-json\/wp\/v2\/product_brand?post=4270"},{"taxonomy":"product_cat","embeddable":true,"href":"https:\/\/sultanspices.es\/es\/wp-json\/wp\/v2\/product_cat?post=4270"},{"taxonomy":"product_tag","embeddable":true,"href":"https:\/\/sultanspices.es\/es\/wp-json\/wp\/v2\/product_tag?post=4270"}],"curies":[{"name":"wp","href":"https:\/\/api.w.org\/{rel}","templated":true}]}}