{"id":4241,"date":"2024-04-13T09:33:30","date_gmt":"2024-04-13T07:33:30","guid":{"rendered":"https:\/\/sultanspices.es\/haldis-panipurigolgappa-fry-200g\/"},"modified":"2026-02-23T12:40:47","modified_gmt":"2026-02-23T11:40:47","slug":"haldis-panipurigolgappa-fry-200g","status":"publish","type":"product","link":"https:\/\/sultanspices.es\/es\/producto\/haldis-panipurigolgappa-fry-200g\/","title":{"rendered":"PANIPURI(GOLGAPPA) FRITO DE HALDI 200G"},"content":{"rendered":"<div class=\"flex-1 overflow-hidden\">\n<div class=\"react-scroll-to-bottom--css-yrmpv-79elbk h-full\">\n<div class=\"react-scroll-to-bottom--css-yrmpv-1n7m0yu\">\n<div class=\"flex flex-col text-sm pb-9\">\n<div class=\"w-full text-token-text-primary\" dir=\"auto\" data-testid=\"conversation-turn-589\">\n<div class=\"px-4 py-2 justify-center text-base md:gap-6 m-auto\">\n<div class=\"flex flex-1 text-base mx-auto gap-3 juice:gap-4 juice:md:gap-6 md:px-5 lg:px-1 xl:px-5 md:max-w-3xl lg:max-w-[40rem] xl:max-w-[48rem] group final-completion\">\n<div class=\"relative flex w-full flex-col agent-turn\">\n<div class=\"flex-col gap-1 md:gap-3\">\n<div class=\"flex flex-grow flex-col max-w-full\">\n<div class=\"min-h-[20px] text-message flex flex-col items-start gap-3 whitespace-pre-wrap break-words [.text-message+&amp;]:mt-5 overflow-x-auto\" dir=\"auto\" data-message-author-role=\"assistant\" data-message-id=\"3d33f19a-97c1-430d-b37e-cd77e37e5059\">\n<div class=\"markdown prose w-full break-words dark:prose-invert dark\">\n<p>Satisfaga sus antojos de aut\u00e9ntica comida callejera con el Panipuri Fry de Haldi. Este paquete de 200 g lleva los sabores del aperitivo favorito de la India directamente a su cocina. Elaboradas con ingredientes de alta calidad y especias aut\u00e9nticas, estas crujientes y deliciosas conchas Golgappa son perfectas para rellenar con tus chutneys y rellenos favoritos. Tanto si es el anfitri\u00f3n de una fiesta como si simplemente le apetece un sabroso aperitivo, el Panipuri Fry de Haldi har\u00e1 las delicias de su paladar. Disfrute del aut\u00e9ntico sabor del Panipuri en casa con Haldi's, disponible en Sultan Spices, entregando en toda Espa\u00f1a y Portugal.<\/p>\n<\/div>\n<\/div>\n<\/div>\n<\/div>\n<\/div>\n<\/div>\n<\/div>\n<\/div>\n<\/div>\n<\/div>\n<\/div>\n<\/div>","protected":false},"excerpt":{"rendered":"<p>Satisfaga sus antojos de aut\u00e9ntica comida callejera con el Panipuri Fry de Haldi. Este paquete de 200 g lleva los sabores del aperitivo favorito de la India directamente a su cocina. Elaboradas con ingredientes de alta calidad y especias aut\u00e9nticas, estas crujientes y deliciosas conchas Golgappa son perfectas para rellenar con sus chutneys y rellenos favoritos. Tanto si organiza una fiesta como si...<\/p>","protected":false},"featured_media":4474,"comment_status":"open","ping_status":"closed","template":"","meta":{"_kad_blocks_custom_css":"","_kad_blocks_head_custom_js":"","_kad_blocks_body_custom_js":"","_kad_blocks_footer_custom_js":"","_kadence_starter_templates_imported_post":false,"_kad_post_transparent":"default","_kad_post_title":"","_kad_post_layout":"default","_kad_post_sidebar_id":"","_kad_post_content_style":"default","_kad_post_vertical_padding":"default","_kad_post_feature":"","_kad_post_feature_position":"","_kad_post_header":false,"_kad_post_footer":false,"_kad_post_classname":""},"product_brand":[],"product_cat":[56],"product_tag":[],"class_list":{"0":"post-4241","1":"product","2":"type-product","3":"status-publish","4":"has-post-thumbnail","6":"product_cat-indian-snacks","8":"first","9":"outofstock","10":"shipping-taxable","11":"purchasable","12":"product-type-simple","13":"entry","14":"content-bg","15":"loop-entry"},"taxonomy_info":{"product_cat":[{"value":56,"label":"Snacks"}]},"featured_image_src_large":["https:\/\/sultanspices.es\/wp-content\/uploads\/2024\/04\/ProductsPIX-36-1024x1024.png",1024,1024,true],"author_info":[],"comment_info":2,"jetpack_sharing_enabled":true,"_links":{"self":[{"href":"https:\/\/sultanspices.es\/es\/wp-json\/wp\/v2\/product\/4241","targetHints":{"allow":["GET"]}}],"collection":[{"href":"https:\/\/sultanspices.es\/es\/wp-json\/wp\/v2\/product"}],"about":[{"href":"https:\/\/sultanspices.es\/es\/wp-json\/wp\/v2\/types\/product"}],"replies":[{"embeddable":true,"href":"https:\/\/sultanspices.es\/es\/wp-json\/wp\/v2\/comments?post=4241"}],"wp:featuredmedia":[{"embeddable":true,"href":"https:\/\/sultanspices.es\/es\/wp-json\/wp\/v2\/media\/4474"}],"wp:attachment":[{"href":"https:\/\/sultanspices.es\/es\/wp-json\/wp\/v2\/media?parent=4241"}],"wp:term":[{"taxonomy":"product_brand","embeddable":true,"href":"https:\/\/sultanspices.es\/es\/wp-json\/wp\/v2\/product_brand?post=4241"},{"taxonomy":"product_cat","embeddable":true,"href":"https:\/\/sultanspices.es\/es\/wp-json\/wp\/v2\/product_cat?post=4241"},{"taxonomy":"product_tag","embeddable":true,"href":"https:\/\/sultanspices.es\/es\/wp-json\/wp\/v2\/product_tag?post=4241"}],"curies":[{"name":"wp","href":"https:\/\/api.w.org\/{rel}","templated":true}]}}