{"id":4234,"date":"2024-04-13T09:33:27","date_gmt":"2024-04-13T07:33:27","guid":{"rendered":"https:\/\/sultanspices.es\/garlic-ginger-paste-ali-baba-300g\/"},"modified":"2026-04-07T23:51:37","modified_gmt":"2026-04-07T21:51:37","slug":"garlic-ginger-paste-ali-baba-300g","status":"publish","type":"product","link":"https:\/\/sultanspices.es\/es\/producto\/ajo-jengibre-pasta-ali-baba-300g\/","title":{"rendered":"PASTA DE AJO Y JENGIBRE ALI BABA 300G"},"content":{"rendered":"<div class=\"flex-1 overflow-hidden\">\n<div class=\"react-scroll-to-bottom--css-yrmpv-79elbk h-full\">\n<div class=\"react-scroll-to-bottom--css-yrmpv-1n7m0yu\">\n<div class=\"flex flex-col text-sm pb-9\">\n<div class=\"w-full text-token-text-primary\" dir=\"auto\" data-testid=\"conversation-turn-591\">\n<div class=\"px-4 py-2 justify-center text-base md:gap-6 m-auto\">\n<div class=\"flex flex-1 text-base mx-auto gap-3 juice:gap-4 juice:md:gap-6 md:px-5 lg:px-1 xl:px-5 md:max-w-3xl lg:max-w-[40rem] xl:max-w-[48rem] group final-completion\">\n<div class=\"relative flex w-full flex-col agent-turn\">\n<div class=\"flex-col gap-1 md:gap-3\">\n<div class=\"flex flex-grow flex-col max-w-full\">\n<div class=\"min-h-[20px] text-message flex flex-col items-start gap-3 whitespace-pre-wrap break-words [.text-message+&amp;]:mt-5 overflow-x-auto\" dir=\"auto\" data-message-author-role=\"assistant\" data-message-id=\"34d938f9-26cf-4ace-b066-0ff7731a426f\">\n<div class=\"markdown prose w-full break-words dark:prose-invert dark\">\n<p>Realce el sabor de sus platos con la pasta de ajo y jengibre Ali Baba. Este paquete de 300 g ofrece una pr\u00e1ctica y sabrosa mezcla de ajo y jengibre, perfecta para a\u00f1adir profundidad y aroma a su cocina. Elaborada con ingredientes de alta calidad y molida finamente para obtener una textura suave, la pasta de ajo y jengibre Ali Baba es un ingrediente esencial y vers\u00e1til en la cocina. Tanto si prepara curry, marinadas o salteados, esta pasta a\u00f1ade una explosi\u00f3n de sabor a cualquier plato. Mejore sus creaciones culinarias con la Pasta de Ajo y Jengibre Ali Baba's, disponible en Sultan Spices, con env\u00edos a toda Espa\u00f1a y Portugal.<\/p>\n<\/div>\n<\/div>\n<\/div>\n<\/div>\n<\/div>\n<\/div>\n<\/div>\n<\/div>\n<\/div>\n<\/div>\n<\/div>\n<\/div>","protected":false},"excerpt":{"rendered":"<p>Realce el sabor de sus platos con la pasta de ajo y jengibre Ali Baba. Este envase de 300 g ofrece una pr\u00e1ctica y sabrosa mezcla de ajo y jengibre, perfecta para a\u00f1adir profundidad y aroma a su cocina. Elaborada con ingredientes de alta calidad y molida finamente para obtener una textura suave, la pasta de ajo y jengibre Ali Baba...<\/p>","protected":false},"featured_media":4475,"comment_status":"open","ping_status":"closed","template":"","meta":{"_kad_blocks_custom_css":"","_kad_blocks_head_custom_js":"","_kad_blocks_body_custom_js":"","_kad_blocks_footer_custom_js":"","_kadence_starter_templates_imported_post":false,"_kad_post_transparent":"default","_kad_post_title":"","_kad_post_layout":"default","_kad_post_sidebar_id":"","_kad_post_content_style":"default","_kad_post_vertical_padding":"default","_kad_post_feature":"","_kad_post_feature_position":"","_kad_post_header":false,"_kad_post_footer":false,"_kad_post_classname":""},"product_brand":[],"product_cat":[55],"product_tag":[],"class_list":{"0":"post-4234","1":"product","2":"type-product","3":"status-publish","4":"has-post-thumbnail","6":"product_cat-pastes","8":"first","9":"instock","10":"shipping-taxable","11":"purchasable","12":"product-type-simple","13":"entry","14":"content-bg","15":"loop-entry"},"taxonomy_info":{"product_cat":[{"value":55,"label":"Pastes, Pickles &amp; Sauces"}]},"featured_image_src_large":["https:\/\/sultanspices.es\/wp-content\/uploads\/2024\/04\/ProductsPIX-37-1024x1024.png",1024,1024,true],"author_info":[],"comment_info":1,"jetpack_sharing_enabled":true,"_links":{"self":[{"href":"https:\/\/sultanspices.es\/es\/wp-json\/wp\/v2\/product\/4234","targetHints":{"allow":["GET"]}}],"collection":[{"href":"https:\/\/sultanspices.es\/es\/wp-json\/wp\/v2\/product"}],"about":[{"href":"https:\/\/sultanspices.es\/es\/wp-json\/wp\/v2\/types\/product"}],"replies":[{"embeddable":true,"href":"https:\/\/sultanspices.es\/es\/wp-json\/wp\/v2\/comments?post=4234"}],"wp:featuredmedia":[{"embeddable":true,"href":"https:\/\/sultanspices.es\/es\/wp-json\/wp\/v2\/media\/4475"}],"wp:attachment":[{"href":"https:\/\/sultanspices.es\/es\/wp-json\/wp\/v2\/media?parent=4234"}],"wp:term":[{"taxonomy":"product_brand","embeddable":true,"href":"https:\/\/sultanspices.es\/es\/wp-json\/wp\/v2\/product_brand?post=4234"},{"taxonomy":"product_cat","embeddable":true,"href":"https:\/\/sultanspices.es\/es\/wp-json\/wp\/v2\/product_cat?post=4234"},{"taxonomy":"product_tag","embeddable":true,"href":"https:\/\/sultanspices.es\/es\/wp-json\/wp\/v2\/product_tag?post=4234"}],"curies":[{"name":"wp","href":"https:\/\/api.w.org\/{rel}","templated":true}]}}