{"id":4215,"date":"2024-04-13T09:33:19","date_gmt":"2024-04-13T07:33:19","guid":{"rendered":"https:\/\/sultanspices.es\/datteri-secchialgeria-ali-baba-1kg\/"},"modified":"2026-04-14T10:31:45","modified_gmt":"2026-04-14T08:31:45","slug":"dates-secchialgeria-ali-baba-1kg","status":"publish","type":"product","link":"https:\/\/sultanspices.es\/es\/producto\/datteri-secchialgeria-ali-baba-1kg\/","title":{"rendered":"DATTERI SECCHI(ARGELIA) ALI BABA 1KG"},"content":{"rendered":"<div class=\"flex-1 overflow-hidden\">\n<div class=\"react-scroll-to-bottom--css-yrmpv-79elbk h-full\">\n<div class=\"react-scroll-to-bottom--css-yrmpv-1n7m0yu\">\n<div class=\"flex flex-col text-sm pb-9\">\n<div class=\"w-full text-token-text-primary\" dir=\"auto\" data-testid=\"conversation-turn-603\">\n<div class=\"px-4 py-2 justify-center text-base md:gap-6 m-auto\">\n<div class=\"flex flex-1 text-base mx-auto gap-3 juice:gap-4 juice:md:gap-6 md:px-5 lg:px-1 xl:px-5 md:max-w-3xl lg:max-w-[40rem] xl:max-w-[48rem] group final-completion\">\n<div class=\"relative flex w-full flex-col agent-turn\">\n<div class=\"flex-col gap-1 md:gap-3\">\n<div class=\"flex flex-grow flex-col max-w-full\">\n<div class=\"min-h-[20px] text-message flex flex-col items-start gap-3 whitespace-pre-wrap break-words [.text-message+&amp;]:mt-5 overflow-x-auto\" dir=\"auto\" data-message-author-role=\"assistant\" data-message-id=\"922e6aa4-c504-4bbc-aa85-56dce2ffa4ee\">\n<div class=\"markdown prose w-full break-words dark:prose-invert dark\">\n<p>Disfrute de la dulzura natural de los d\u00e1tiles secos Chowara de Argelia, presentados por Ali Baba en un pr\u00e1ctico envase de 1 kg. Estos suculentos d\u00e1tiles se recogen a mano y se secan al sol a la perfecci\u00f3n, garantizando un rico sabor y una textura tierna en cada bocado. Repletos de nutrientes esenciales y antioxidantes, los D\u00e1tiles Secos Chowara son un tentempi\u00e9 saludable o un ingrediente vers\u00e1til en diversas recetas dulces y saladas. Disfrute del aut\u00e9ntico sabor de los mejores d\u00e1tiles de Argelia, disponibles en Sultan Spices para su entrega en Espa\u00f1a y Portugal.<\/p>\n<\/div>\n<\/div>\n<\/div>\n<\/div>\n<\/div>\n<\/div>\n<\/div>\n<\/div>\n<\/div>\n<\/div>\n<\/div>\n<\/div>","protected":false},"excerpt":{"rendered":"<p>Disfrute de la dulzura natural de los d\u00e1tiles secos Chowara de Argelia, presentados por Ali Baba en un pr\u00e1ctico envase de 1 kg. Estos suculentos d\u00e1tiles se recogen a mano y se secan al sol a la perfecci\u00f3n, garantizando un rico sabor y una textura tierna en cada bocado. Repletos de nutrientes esenciales y antioxidantes, los D\u00e1tiles Secos Chowara son un tentempi\u00e9 saludable...<\/p>","protected":false},"featured_media":4485,"comment_status":"open","ping_status":"closed","template":"","meta":{"_kad_blocks_custom_css":"","_kad_blocks_head_custom_js":"","_kad_blocks_body_custom_js":"","_kad_blocks_footer_custom_js":"","_kadence_starter_templates_imported_post":false,"_kad_post_transparent":"default","_kad_post_title":"","_kad_post_layout":"default","_kad_post_sidebar_id":"","_kad_post_content_style":"default","_kad_post_vertical_padding":"default","_kad_post_feature":"","_kad_post_feature_position":"","_kad_post_header":false,"_kad_post_footer":false,"_kad_post_classname":""},"product_brand":[],"product_cat":[60],"product_tag":[],"class_list":{"0":"post-4215","1":"product","2":"type-product","3":"status-publish","4":"has-post-thumbnail","6":"product_cat-dry-fruits","8":"first","9":"instock","10":"shipping-taxable","11":"purchasable","12":"product-type-simple","13":"entry","14":"content-bg","15":"loop-entry"},"taxonomy_info":{"product_cat":[{"value":60,"label":"Dry Fruits"}]},"featured_image_src_large":["https:\/\/sultanspices.es\/wp-content\/uploads\/2024\/04\/ProductsPIX-43-1024x1024.png",1024,1024,true],"author_info":[],"comment_info":1,"jetpack_sharing_enabled":true,"_links":{"self":[{"href":"https:\/\/sultanspices.es\/es\/wp-json\/wp\/v2\/product\/4215","targetHints":{"allow":["GET"]}}],"collection":[{"href":"https:\/\/sultanspices.es\/es\/wp-json\/wp\/v2\/product"}],"about":[{"href":"https:\/\/sultanspices.es\/es\/wp-json\/wp\/v2\/types\/product"}],"replies":[{"embeddable":true,"href":"https:\/\/sultanspices.es\/es\/wp-json\/wp\/v2\/comments?post=4215"}],"wp:featuredmedia":[{"embeddable":true,"href":"https:\/\/sultanspices.es\/es\/wp-json\/wp\/v2\/media\/4485"}],"wp:attachment":[{"href":"https:\/\/sultanspices.es\/es\/wp-json\/wp\/v2\/media?parent=4215"}],"wp:term":[{"taxonomy":"product_brand","embeddable":true,"href":"https:\/\/sultanspices.es\/es\/wp-json\/wp\/v2\/product_brand?post=4215"},{"taxonomy":"product_cat","embeddable":true,"href":"https:\/\/sultanspices.es\/es\/wp-json\/wp\/v2\/product_cat?post=4215"},{"taxonomy":"product_tag","embeddable":true,"href":"https:\/\/sultanspices.es\/es\/wp-json\/wp\/v2\/product_tag?post=4215"}],"curies":[{"name":"wp","href":"https:\/\/api.w.org\/{rel}","templated":true}]}}