{"id":4188,"date":"2024-04-13T09:33:06","date_gmt":"2024-04-13T07:33:06","guid":{"rendered":"https:\/\/sultanspices.es\/chana-roasted-ali-baba-250g\/"},"modified":"2026-02-23T12:40:36","modified_gmt":"2026-02-23T11:40:36","slug":"chana-roasted-ali-baba-250g","status":"publish","type":"product","link":"https:\/\/sultanspices.es\/es\/producto\/chana-asada-ali-baba-250g\/","title":{"rendered":"CHANA TOSTADA ALI BABA 250G"},"content":{"rendered":"<div class=\"flex-1 overflow-hidden\">\n<div class=\"react-scroll-to-bottom--css-pgcpd-79elbk h-full\">\n<div class=\"react-scroll-to-bottom--css-pgcpd-1n7m0yu\">\n<div class=\"flex flex-col text-sm pb-9\">\n<div class=\"w-full text-token-text-primary\" dir=\"auto\" data-testid=\"conversation-turn-625\">\n<div class=\"px-4 py-2 justify-center text-base md:gap-6 m-auto\">\n<div class=\"flex flex-1 text-base mx-auto gap-3 juice:gap-4 juice:md:gap-6 md:px-5 lg:px-1 xl:px-5 md:max-w-3xl lg:max-w-[40rem] xl:max-w-[48rem] group final-completion\">\n<div class=\"relative flex w-full flex-col agent-turn\">\n<div class=\"flex-col gap-1 md:gap-3\">\n<div class=\"flex flex-grow flex-col max-w-full\">\n<div class=\"min-h-[20px] text-message flex flex-col items-start gap-3 whitespace-pre-wrap break-words [.text-message+&amp;]:mt-5 overflow-x-auto\" dir=\"auto\" data-message-author-role=\"assistant\" data-message-id=\"62fc3e27-3067-4fca-80b6-7e7032be6e16\">\n<div class=\"markdown prose w-full break-words dark:prose-invert dark\">\n<p>Descubra el delicioso crujido y sabor a nuez de <strong>CHANA TOSTADA ALI BABA 250G<\/strong> en Sultan Spices, tu tienda india de confianza en M\u00e1laga. Estos garbanzos tostados de Ali Baba son una opci\u00f3n perfecta para un tentempi\u00e9 saludable o para a\u00f1adir a tus recetas favoritas.<\/p>\n<p><strong>Caracter\u00edsticas principales:<\/strong><\/p>\n<ul>\n<li><strong>Calidad superior:<\/strong> Elaborado con garbanzos de alta calidad, tostados a la perfecci\u00f3n para un crujido satisfactorio.<\/li>\n<li><strong>Rico en nutrientes:<\/strong> Repleto de prote\u00ednas, fibra, vitaminas y minerales, favorece una dieta sana.<\/li>\n<li><strong>Aperitivo vers\u00e1til:<\/strong> Disfr\u00fatalos como tentempi\u00e9 independiente o a\u00f1\u00e1delos a ensaladas, sopas y mezclas de frutos secos para a\u00f1adir textura.<\/li>\n<li><strong>Sabor natural:<\/strong> Ofrece un sabor salado y a nuez en cada bocado, mejorando su experiencia como snack.<\/li>\n<li><strong>C\u00f3modo embalaje:<\/strong> Se presenta en un envase de 250 g, f\u00e1cil de transportar y almacenar para picar sobre la marcha.<\/li>\n<\/ul>\n<p>En Sultan Spices, nuestra prioridad es ofrecer productos nutritivos y sabrosos que complementen su estilo de vida. <strong>CHANA TOSTADA ALI BABA 250G<\/strong> encarna nuestro compromiso con la calidad y el sabor.<\/p>\n<p>Visite Sultan Spices en M\u00e1laga para explorar nuestra amplia gama de aperitivos, especias y art\u00edculos especiales. Con <strong>CHANA TOSTADA ALI BABA 250G<\/strong>, puedes disfrutar de una opci\u00f3n de tentempi\u00e9 sana y deliciosa que satisface tus antojos.<\/p>\n<p>Saborea el crujido y el sabor de <strong>CHANA TOSTADA ALI BABA 250G<\/strong> de Sultan Spices, y descubra por qu\u00e9 es la opci\u00f3n favorita tanto de los aficionados a los aperitivos como de los entusiastas de la cocina.<\/p>\n<\/div>\n<\/div>\n<\/div>\n<\/div>\n<\/div>\n<\/div>\n<\/div>\n<\/div>\n<\/div>\n<\/div>\n<\/div>\n<\/div>","protected":false},"excerpt":{"rendered":"<p>Descubre el delicioso crujiente y sabor a nuez de CHANA ROASTTED ALI BABA 250G en Sultan Spices, tu tienda de alimentaci\u00f3n india de confianza en M\u00e1laga. Estos garbanzos tostados de Ali Baba son una opci\u00f3n perfecta para un snack saludable o para a\u00f1adir a tus recetas favoritas. Caracter\u00edsticas principales: Calidad Premium: Elaborados con garbanzos de alta calidad, tostados a la perfecci\u00f3n para...<\/p>","protected":false},"featured_media":4503,"comment_status":"open","ping_status":"closed","template":"","meta":{"_kad_blocks_custom_css":"","_kad_blocks_head_custom_js":"","_kad_blocks_body_custom_js":"","_kad_blocks_footer_custom_js":"","_kadence_starter_templates_imported_post":false,"_kad_post_transparent":"default","_kad_post_title":"","_kad_post_layout":"default","_kad_post_sidebar_id":"","_kad_post_content_style":"default","_kad_post_vertical_padding":"default","_kad_post_feature":"","_kad_post_feature_position":"","_kad_post_header":false,"_kad_post_footer":false,"_kad_post_classname":""},"product_brand":[],"product_cat":[56,47],"product_tag":[],"class_list":{"0":"post-4188","1":"product","2":"type-product","3":"status-publish","4":"has-post-thumbnail","6":"product_cat-indian-snacks","7":"product_cat-lentils","9":"first","10":"instock","11":"shipping-taxable","12":"purchasable","13":"product-type-simple","14":"entry","15":"content-bg","16":"loop-entry"},"taxonomy_info":{"product_cat":[{"value":56,"label":"Snacks"},{"value":47,"label":"Lentils"}]},"featured_image_src_large":["https:\/\/sultanspices.es\/wp-content\/uploads\/2024\/04\/ProductsPIX-54-1024x1024.png",1024,1024,true],"author_info":[],"comment_info":0,"jetpack_sharing_enabled":true,"_links":{"self":[{"href":"https:\/\/sultanspices.es\/es\/wp-json\/wp\/v2\/product\/4188","targetHints":{"allow":["GET"]}}],"collection":[{"href":"https:\/\/sultanspices.es\/es\/wp-json\/wp\/v2\/product"}],"about":[{"href":"https:\/\/sultanspices.es\/es\/wp-json\/wp\/v2\/types\/product"}],"replies":[{"embeddable":true,"href":"https:\/\/sultanspices.es\/es\/wp-json\/wp\/v2\/comments?post=4188"}],"wp:featuredmedia":[{"embeddable":true,"href":"https:\/\/sultanspices.es\/es\/wp-json\/wp\/v2\/media\/4503"}],"wp:attachment":[{"href":"https:\/\/sultanspices.es\/es\/wp-json\/wp\/v2\/media?parent=4188"}],"wp:term":[{"taxonomy":"product_brand","embeddable":true,"href":"https:\/\/sultanspices.es\/es\/wp-json\/wp\/v2\/product_brand?post=4188"},{"taxonomy":"product_cat","embeddable":true,"href":"https:\/\/sultanspices.es\/es\/wp-json\/wp\/v2\/product_cat?post=4188"},{"taxonomy":"product_tag","embeddable":true,"href":"https:\/\/sultanspices.es\/es\/wp-json\/wp\/v2\/product_tag?post=4188"}],"curies":[{"name":"wp","href":"https:\/\/api.w.org\/{rel}","templated":true}]}}