{"id":3986,"date":"2024-02-12T09:14:20","date_gmt":"2024-02-12T08:14:20","guid":{"rendered":"https:\/\/sultanspices.es\/tata-tea-premium-jar-1kg\/"},"modified":"2026-02-23T12:41:22","modified_gmt":"2026-02-23T11:41:22","slug":"tata-tea-premium-jar-1kg","status":"publish","type":"product","link":"https:\/\/sultanspices.es\/es\/producto\/tata-tea-premium-jar-1kg\/","title":{"rendered":"TATA TEA PREMIUM TARRO 1KG"},"content":{"rendered":"<div class=\"flex-1 overflow-hidden\">\n<div class=\"react-scroll-to-bottom--css-qbbne-79elbk h-full\">\n<div class=\"react-scroll-to-bottom--css-qbbne-1n7m0yu\">\n<div class=\"flex flex-col pb-9 text-sm\">\n<div class=\"w-full text-token-text-primary\" data-testid=\"conversation-turn-7\">\n<div class=\"px-4 py-2 justify-center text-base md:gap-6 m-auto\">\n<div class=\"flex flex-1 text-base mx-auto gap-3 md:px-5 lg:px-1 xl:px-5 md:max-w-3xl lg:max-w-[40rem] xl:max-w-[48rem] group final-completion\">\n<div class=\"relative flex w-full flex-col lg:w-[calc(100%-115px)] agent-turn\">\n<div class=\"flex-col gap-1 md:gap-3\">\n<div class=\"flex flex-grow flex-col max-w-full\">\n<div class=\"min-h-[20px] text-message flex flex-col items-start gap-3 whitespace-pre-wrap break-words [.text-message+&amp;]:mt-5 overflow-x-auto\" data-message-author-role=\"assistant\" data-message-id=\"66e32e4d-66e2-4126-921e-20ecdcff7400\">\n<div class=\"markdown prose w-full break-words dark:prose-invert dark\">\n<p>Experimente la taza de t\u00e9 perfecta con Tata Tea Premium, ahora disponible en un pr\u00e1ctico bote de 1 kg en Sultan Spices &amp; Supermarket. Elaborado con las mejores hojas de t\u00e9 procedentes de selectas plantaciones, Tata Tea Premium promete una mezcla inigualable de rico sabor y vigorizante aroma en cada sorbo.<\/p>\n<p>Tanto si prefiere el t\u00e9 fuerte como suave, Tata Tea Premium se adapta a sus preferencias con sus vers\u00e1tiles opciones de preparaci\u00f3n. Cada sorbo ofrece una sinfon\u00eda de sabor, capturando la esencia de la cultura y la tradici\u00f3n del t\u00e9 de la India.<\/p>\n<p>Envasado en un tarro resistente y herm\u00e9tico, Tata Tea Premium garantiza una frescura duradera, preservando la bondad natural de las hojas de t\u00e9. Tanto si empieza el d\u00eda como si se toma un merecido descanso, del\u00e9itese con el exquisito sabor de Tata Tea Premium.<\/p>\n<p>Pida su tarro de Tata Tea Premium 1kg a Sultan Spices &amp; Supermarket, su tienda online de confianza de productos indios en Espa\u00f1a, y eleve su experiencia de consumo de t\u00e9 a nuevas cotas. Comience hoy mismo su viaje hacia la felicidad llena de sabor.<\/p>\n<\/div>\n<\/div>\n<\/div>\n<\/div>\n<\/div>\n<\/div>\n<\/div>\n<\/div>\n<\/div>\n<\/div>\n<\/div>\n<\/div>","protected":false},"excerpt":{"rendered":"<p>Experimente la taza de t\u00e9 perfecta con Tata Tea Premium, ahora disponible en un pr\u00e1ctico bote de 1 kg en Sultan Spices &amp; Supermarket. Elaborado con las mejores hojas de t\u00e9 procedentes de selectas plantaciones, Tata Tea Premium promete una mezcla inigualable de rico sabor y vigorizante aroma en cada sorbo. Tanto si prefiere el t\u00e9 fuerte...<\/p>","protected":false},"featured_media":3992,"comment_status":"open","ping_status":"closed","template":"","meta":{"_kad_blocks_custom_css":"","_kad_blocks_head_custom_js":"","_kad_blocks_body_custom_js":"","_kad_blocks_footer_custom_js":"","_kadence_starter_templates_imported_post":false,"_kad_post_transparent":"default","_kad_post_title":"","_kad_post_layout":"default","_kad_post_sidebar_id":"","_kad_post_content_style":"default","_kad_post_vertical_padding":"default","_kad_post_feature":"","_kad_post_feature_position":"","_kad_post_header":false,"_kad_post_footer":false,"_kad_post_classname":""},"product_brand":[],"product_cat":[57],"product_tag":[],"class_list":{"0":"post-3986","1":"product","2":"type-product","3":"status-publish","4":"has-post-thumbnail","6":"product_cat-tea-chai-pati","8":"first","9":"outofstock","10":"shipping-taxable","11":"purchasable","12":"product-type-simple","13":"entry","14":"content-bg","15":"loop-entry"},"taxonomy_info":{"product_cat":[{"value":57,"label":"Tea (Chai Pati)"}]},"featured_image_src_large":["https:\/\/sultanspices.es\/wp-content\/uploads\/2024\/02\/ProductsPIX-1-1024x1024.png",1024,1024,true],"author_info":[],"comment_info":0,"jetpack_sharing_enabled":true,"_links":{"self":[{"href":"https:\/\/sultanspices.es\/es\/wp-json\/wp\/v2\/product\/3986","targetHints":{"allow":["GET"]}}],"collection":[{"href":"https:\/\/sultanspices.es\/es\/wp-json\/wp\/v2\/product"}],"about":[{"href":"https:\/\/sultanspices.es\/es\/wp-json\/wp\/v2\/types\/product"}],"replies":[{"embeddable":true,"href":"https:\/\/sultanspices.es\/es\/wp-json\/wp\/v2\/comments?post=3986"}],"wp:featuredmedia":[{"embeddable":true,"href":"https:\/\/sultanspices.es\/es\/wp-json\/wp\/v2\/media\/3992"}],"wp:attachment":[{"href":"https:\/\/sultanspices.es\/es\/wp-json\/wp\/v2\/media?parent=3986"}],"wp:term":[{"taxonomy":"product_brand","embeddable":true,"href":"https:\/\/sultanspices.es\/es\/wp-json\/wp\/v2\/product_brand?post=3986"},{"taxonomy":"product_cat","embeddable":true,"href":"https:\/\/sultanspices.es\/es\/wp-json\/wp\/v2\/product_cat?post=3986"},{"taxonomy":"product_tag","embeddable":true,"href":"https:\/\/sultanspices.es\/es\/wp-json\/wp\/v2\/product_tag?post=3986"}],"curies":[{"name":"wp","href":"https:\/\/api.w.org\/{rel}","templated":true}]}}