{"id":3985,"date":"2024-02-12T09:14:17","date_gmt":"2024-02-12T08:14:17","guid":{"rendered":"https:\/\/sultanspices.es\/tapal-danedar-tea-bags-300s-750g\/"},"modified":"2026-02-27T21:45:18","modified_gmt":"2026-02-27T20:45:18","slug":"tapal-danedar-tea-bags-300s-750g","status":"publish","type":"product","link":"https:\/\/sultanspices.es\/es\/producto\/tapal-danedar-tea-bags-300s-750g\/","title":{"rendered":"TAPAL DANEDAR T\u00c9 BOLSITAS 300'S 750G"},"content":{"rendered":"<div class=\"w-full text-token-text-primary\" data-testid=\"conversation-turn-9\">\n<div class=\"px-4 py-2 justify-center text-base md:gap-6 m-auto\">\n<div class=\"flex flex-1 text-base mx-auto gap-3 md:px-5 lg:px-1 xl:px-5 md:max-w-3xl lg:max-w-[40rem] xl:max-w-[48rem] group final-completion\">\n<div class=\"relative flex w-full flex-col lg:w-[calc(100%-115px)] agent-turn\">\n<div class=\"flex-col gap-1 md:gap-3\">\n<div class=\"flex flex-grow flex-col max-w-full\">\n<div class=\"min-h-[20px] text-message flex flex-col items-start gap-3 whitespace-pre-wrap break-words [.text-message+&amp;]:mt-5 overflow-x-auto\" data-message-author-role=\"assistant\" data-message-id=\"03249769-c337-4036-9358-353acd6e3dc3\">\n<div class=\"markdown prose w-full break-words dark:prose-invert dark\">\n<p>Descubra la excelencia del t\u00e9 con Tapal Danedar Tea Bags 300's, ahora disponible en Sultan Spices &amp; Supermarket. Saboree el rico sabor y vigorizante aroma de esta mezcla de primera calidad, cuidadosamente elaborada para elevar su experiencia de consumo de t\u00e9.<\/p>\n<p>Cada bolsita de t\u00e9 redonda se rellena meticulosamente con hojas de t\u00e9 de alta calidad, lo que garantiza una infusi\u00f3n siempre deliciosa. Las exclusivas bolsitas de t\u00e9 redondas de Tapal Danedar permiten una infusi\u00f3n \u00f3ptima, maximizando la liberaci\u00f3n de sabor y aroma en cada infusi\u00f3n.<\/p>\n<p>Tanto si est\u00e1 disfrutando de un momento tranquilo a solas como si es el anfitri\u00f3n de una reuni\u00f3n con amigos y familiares, las bolsitas de t\u00e9 Tapal Danedar 300's son la elecci\u00f3n perfecta para complementar cualquier ocasi\u00f3n. Disfrute de la incomparable satisfacci\u00f3n de una taza de t\u00e9 bien preparada, cortes\u00eda de Tapal Danedar.<\/p>\n<p>Con 300 bolsitas de t\u00e9 redondas en cada paquete, tendr\u00e1 un amplio suministro para innumerables sesiones de t\u00e9. Experimente el sabor de la tradici\u00f3n y la excelencia con Tapal Danedar Tea Bags 300's, ya a la venta en Sultan Spices &amp; Supermarket, su principal destino online para comprar aut\u00e9nticos productos indios en Espa\u00f1a. Haga su pedido hoy y emb\u00e1rquese en un viaje de sabor y refresco con cada sorbo.<\/p>\n<\/div>\n<\/div>\n<\/div>\n<\/div>\n<\/div>\n<\/div>\n<\/div>\n<\/div>","protected":false},"excerpt":{"rendered":"<p>Descubra la excelencia del t\u00e9 con Tapal Danedar Tea Bags 300's, ahora disponible en Sultan Spices &amp; Supermarket. Saboree el rico sabor y el vigorizante aroma de esta mezcla de primera calidad, cuidadosamente elaborada para elevar su experiencia de consumo de t\u00e9. Cada bolsita de t\u00e9 redonda est\u00e1 meticulosamente rellena con hojas de t\u00e9 de alta calidad, lo que garantiza una deliciosa infusi\u00f3n en todo momento ....<\/p>","protected":false},"featured_media":3993,"comment_status":"open","ping_status":"closed","template":"","meta":{"_kad_blocks_custom_css":"","_kad_blocks_head_custom_js":"","_kad_blocks_body_custom_js":"","_kad_blocks_footer_custom_js":"","_kadence_starter_templates_imported_post":false,"_kad_post_transparent":"default","_kad_post_title":"","_kad_post_layout":"default","_kad_post_sidebar_id":"","_kad_post_content_style":"default","_kad_post_vertical_padding":"default","_kad_post_feature":"","_kad_post_feature_position":"","_kad_post_header":false,"_kad_post_footer":false,"_kad_post_classname":""},"product_brand":[],"product_cat":[57],"product_tag":[],"class_list":{"0":"post-3985","1":"product","2":"type-product","3":"status-publish","4":"has-post-thumbnail","6":"product_cat-tea-chai-pati","8":"first","9":"instock","10":"shipping-taxable","11":"purchasable","12":"product-type-simple","13":"entry","14":"content-bg","15":"loop-entry"},"taxonomy_info":{"product_cat":[{"value":57,"label":"Tea (Chai Pati)"}]},"featured_image_src_large":["https:\/\/sultanspices.es\/wp-content\/uploads\/2024\/02\/ProductsPIX-2-1024x1024.png",1024,1024,true],"author_info":[],"comment_info":0,"jetpack_sharing_enabled":true,"_links":{"self":[{"href":"https:\/\/sultanspices.es\/es\/wp-json\/wp\/v2\/product\/3985","targetHints":{"allow":["GET"]}}],"collection":[{"href":"https:\/\/sultanspices.es\/es\/wp-json\/wp\/v2\/product"}],"about":[{"href":"https:\/\/sultanspices.es\/es\/wp-json\/wp\/v2\/types\/product"}],"replies":[{"embeddable":true,"href":"https:\/\/sultanspices.es\/es\/wp-json\/wp\/v2\/comments?post=3985"}],"wp:featuredmedia":[{"embeddable":true,"href":"https:\/\/sultanspices.es\/es\/wp-json\/wp\/v2\/media\/3993"}],"wp:attachment":[{"href":"https:\/\/sultanspices.es\/es\/wp-json\/wp\/v2\/media?parent=3985"}],"wp:term":[{"taxonomy":"product_brand","embeddable":true,"href":"https:\/\/sultanspices.es\/es\/wp-json\/wp\/v2\/product_brand?post=3985"},{"taxonomy":"product_cat","embeddable":true,"href":"https:\/\/sultanspices.es\/es\/wp-json\/wp\/v2\/product_cat?post=3985"},{"taxonomy":"product_tag","embeddable":true,"href":"https:\/\/sultanspices.es\/es\/wp-json\/wp\/v2\/product_tag?post=3985"}],"curies":[{"name":"wp","href":"https:\/\/api.w.org\/{rel}","templated":true}]}}