{"id":3984,"date":"2024-02-12T09:14:14","date_gmt":"2024-02-12T08:14:14","guid":{"rendered":"https:\/\/sultanspices.es\/tandoori-masala-trs-100g\/"},"modified":"2026-04-15T10:32:48","modified_gmt":"2026-04-15T08:32:48","slug":"tandoori-masala-trs-100g","status":"publish","type":"product","link":"https:\/\/sultanspices.es\/es\/producto\/tandoori-masala-trs-100g\/","title":{"rendered":"TANDOORI MASALA TRS 100G"},"content":{"rendered":"<div class=\"flex-1 overflow-hidden\">\n<div class=\"react-scroll-to-bottom--css-qbbne-79elbk h-full\">\n<div class=\"react-scroll-to-bottom--css-qbbne-1n7m0yu\">\n<div class=\"flex flex-col pb-9 text-sm\">\n<div class=\"w-full text-token-text-primary\" data-testid=\"conversation-turn-11\">\n<div class=\"px-4 py-2 justify-center text-base md:gap-6 m-auto\">\n<div class=\"flex flex-1 text-base mx-auto gap-3 md:px-5 lg:px-1 xl:px-5 md:max-w-3xl lg:max-w-[40rem] xl:max-w-[48rem] group final-completion\">\n<div class=\"relative flex w-full flex-col lg:w-[calc(100%-115px)] agent-turn\">\n<div class=\"flex-col gap-1 md:gap-3\">\n<div class=\"flex flex-grow flex-col max-w-full\">\n<div class=\"min-h-[20px] text-message flex flex-col items-start gap-3 whitespace-pre-wrap break-words [.text-message+&amp;]:mt-5 overflow-x-auto\" data-message-author-role=\"assistant\" data-message-id=\"5bc2d312-f4b0-4045-99da-353d8b7e6707\">\n<div class=\"markdown prose w-full break-words dark:prose-invert dark\">\n<p>Transporte sus papilas gustativas a las vibrantes calles de la India con TRS Tandoori Masala 100g, ahora disponible en Sultan Spices &amp; Supermarket. Esta aut\u00e9ntica mezcla de especias est\u00e1 meticulosamente elaborada para llevar a su cocina los sabores atrevidos y arom\u00e1ticos de la cocina tandoori.<\/p>\n<p>Con una armoniosa mezcla de especias tradicionales de la India, como comino, cilantro, piment\u00f3n, etc., TRS Tandoori Masala a\u00f1ade profundidad y complejidad a sus platos. Ya sea para marinar pollo, paneer o verduras, este vers\u00e1til masala garantiza una explosi\u00f3n de sabor en cada bocado.<\/p>\n<p>Con su pr\u00e1ctico envase de 100 g, TRS Tandoori Masala es perfecto tanto para experimentos ocasionales como para su uso habitual en sus creaciones culinarias. Mejore sus recetas a la parrilla o condimente sus comidas entre semana con el aut\u00e9ntico sabor del tandoori, cortes\u00eda de TRS.<\/p>\n<p>Pida su paquete de TRS Tandoori Masala 100g a Sultan Spices &amp; Supermarket, su tienda online de confianza de productos indios en Espa\u00f1a, y emb\u00e1rquese en un viaje culinario lleno de delicias que le har\u00e1n la boca agua. A\u00f1ade un toque de la India a tu repertorio culinario hoy mismo.<\/p>\n<\/div>\n<\/div>\n<\/div>\n<\/div>\n<\/div>\n<\/div>\n<\/div>\n<\/div>\n<\/div>\n<\/div>\n<\/div>\n<\/div>","protected":false},"excerpt":{"rendered":"<p>Transporte sus papilas gustativas a las vibrantes calles de la India con TRS Tandoori Masala 100g, ahora disponible en Sultan Spices &amp; Supermarket. Esta aut\u00e9ntica mezcla de especias est\u00e1 meticulosamente elaborada para llevar a su cocina los sabores atrevidos y arom\u00e1ticos de la cocina tandoori. Con una armoniosa mezcla de especias tradicionales de la India, como comino, cilantro,...<\/p>","protected":false},"featured_media":3994,"comment_status":"open","ping_status":"closed","template":"","meta":{"_kad_blocks_custom_css":"","_kad_blocks_head_custom_js":"","_kad_blocks_body_custom_js":"","_kad_blocks_footer_custom_js":"","_kadence_starter_templates_imported_post":false,"_kad_post_transparent":"default","_kad_post_title":"","_kad_post_layout":"default","_kad_post_sidebar_id":"","_kad_post_content_style":"default","_kad_post_vertical_padding":"default","_kad_post_feature":"","_kad_post_feature_position":"","_kad_post_header":false,"_kad_post_footer":false,"_kad_post_classname":""},"product_brand":[],"product_cat":[50],"product_tag":[],"class_list":{"0":"post-3984","1":"product","2":"type-product","3":"status-publish","4":"has-post-thumbnail","6":"product_cat-spices","8":"first","9":"instock","10":"shipping-taxable","11":"purchasable","12":"product-type-simple","13":"entry","14":"content-bg","15":"loop-entry"},"taxonomy_info":{"product_cat":[{"value":50,"label":"Spices"}]},"featured_image_src_large":["https:\/\/sultanspices.es\/wp-content\/uploads\/2024\/02\/ProductsPIX-3-1024x1024.png",1024,1024,true],"author_info":[],"comment_info":1,"jetpack_sharing_enabled":true,"_links":{"self":[{"href":"https:\/\/sultanspices.es\/es\/wp-json\/wp\/v2\/product\/3984","targetHints":{"allow":["GET"]}}],"collection":[{"href":"https:\/\/sultanspices.es\/es\/wp-json\/wp\/v2\/product"}],"about":[{"href":"https:\/\/sultanspices.es\/es\/wp-json\/wp\/v2\/types\/product"}],"replies":[{"embeddable":true,"href":"https:\/\/sultanspices.es\/es\/wp-json\/wp\/v2\/comments?post=3984"}],"wp:featuredmedia":[{"embeddable":true,"href":"https:\/\/sultanspices.es\/es\/wp-json\/wp\/v2\/media\/3994"}],"wp:attachment":[{"href":"https:\/\/sultanspices.es\/es\/wp-json\/wp\/v2\/media?parent=3984"}],"wp:term":[{"taxonomy":"product_brand","embeddable":true,"href":"https:\/\/sultanspices.es\/es\/wp-json\/wp\/v2\/product_brand?post=3984"},{"taxonomy":"product_cat","embeddable":true,"href":"https:\/\/sultanspices.es\/es\/wp-json\/wp\/v2\/product_cat?post=3984"},{"taxonomy":"product_tag","embeddable":true,"href":"https:\/\/sultanspices.es\/es\/wp-json\/wp\/v2\/product_tag?post=3984"}],"curies":[{"name":"wp","href":"https:\/\/api.w.org\/{rel}","templated":true}]}}