{"id":3983,"date":"2024-02-12T09:14:11","date_gmt":"2024-02-12T08:14:11","guid":{"rendered":"https:\/\/sultanspices.es\/sweet-mango-chutney-ali-baba-25kg\/"},"modified":"2026-02-23T12:41:19","modified_gmt":"2026-02-23T11:41:19","slug":"sweet-mango-chutney-ali-baba-25kg","status":"publish","type":"product","link":"https:\/\/sultanspices.es\/es\/producto\/mango-dulce-chutney-ali-baba-25kg\/","title":{"rendered":"MANGO DULCE CHUTNEY ALI BABA 20KG"},"content":{"rendered":"<div class=\"flex-1 overflow-hidden\">\n<div class=\"react-scroll-to-bottom--css-qbbne-79elbk h-full\">\n<div class=\"react-scroll-to-bottom--css-qbbne-1n7m0yu\">\n<div class=\"flex flex-col pb-9 text-sm\">\n<div class=\"w-full text-token-text-primary\" data-testid=\"conversation-turn-13\">\n<div class=\"px-4 py-2 justify-center text-base md:gap-6 m-auto\">\n<div class=\"flex flex-1 text-base mx-auto gap-3 md:px-5 lg:px-1 xl:px-5 md:max-w-3xl lg:max-w-[40rem] xl:max-w-[48rem] group final-completion\">\n<div class=\"relative flex w-full flex-col lg:w-[calc(100%-115px)] agent-turn\">\n<div class=\"flex-col gap-1 md:gap-3\">\n<div class=\"flex flex-grow flex-col max-w-full\">\n<div class=\"min-h-[20px] text-message flex flex-col items-start gap-3 whitespace-pre-wrap break-words [.text-message+&amp;]:mt-5 overflow-x-auto\" data-message-author-role=\"assistant\" data-message-id=\"2b8f081a-e7ca-40a1-b2a7-fc1a35aa6876\">\n<div class=\"markdown prose w-full break-words dark:prose-invert dark\">\n<p>Del\u00e9itese con el sabor rico y \u00e1cido del Chutney de Mango Dulce Ali Baba, ahora disponible en un generoso envase de 25 kg en Sultan Spices &amp; Supermarket. Elaborado con los mejores mangos y una mezcla de especias arom\u00e1ticas, este chutney es un condimento b\u00e1sico de la cocina india que a\u00f1ade una explosi\u00f3n de sabor a sus platos favoritos.<\/p>\n<p>Ali Baba Sweet Mango Chutney se prepara meticulosamente para lograr el equilibrio perfecto de dulzor y acidez, por lo que es un acompa\u00f1amiento ideal para samosas, pakoras, curry, y mucho m\u00e1s. Tanto si va a celebrar una gran reuni\u00f3n como si va a abastecerse para su restaurante o negocio de catering, este envase a granel le garantiza que tendr\u00e1 m\u00e1s que suficiente para todos.<\/p>\n<p>Experimente el aut\u00e9ntico sabor del chutney indio con Ali Baba, un nombre de confianza en condimentos de calidad. Elaborado con esmero y maestr\u00eda, cada lote de Ali Baba Sweet Mango Chutney promete elevar sus creaciones culinarias a nuevas cotas.<\/p>\n<p>Pida su paquete de 25kg de Ali Baba Sweet Mango Chutney a Sultan Spices &amp; Supermarket, su principal destino online para aut\u00e9nticos art\u00edculos de alimentaci\u00f3n indios en Espa\u00f1a. A\u00f1ade un toque dulce y picante a tus comidas con Ali Baba Sweet Mango Chutney.<\/p>\n<\/div>\n<\/div>\n<\/div>\n<\/div>\n<\/div>\n<\/div>\n<\/div>\n<\/div>\n<\/div>\n<\/div>\n<\/div>\n<\/div>","protected":false},"excerpt":{"rendered":"<p>Del\u00e9itese con el sabor rico y \u00e1cido del Chutney de Mango Dulce Ali Baba, ahora disponible en un generoso envase de 25 kg en Sultan Spices &amp; Supermarket. Elaborado con los mejores mangos y una mezcla de especias arom\u00e1ticas, este chutney es un condimento b\u00e1sico en la cocina india, a\u00f1adiendo una explosi\u00f3n de sabor a sus platos favoritos. Ali...<\/p>","protected":false},"featured_media":0,"comment_status":"open","ping_status":"closed","template":"","meta":{"_kad_blocks_custom_css":"","_kad_blocks_head_custom_js":"","_kad_blocks_body_custom_js":"","_kad_blocks_footer_custom_js":"","_kadence_starter_templates_imported_post":false,"_kad_post_transparent":"default","_kad_post_title":"","_kad_post_layout":"default","_kad_post_sidebar_id":"","_kad_post_content_style":"default","_kad_post_vertical_padding":"default","_kad_post_feature":"","_kad_post_feature_position":"","_kad_post_header":false,"_kad_post_footer":false,"_kad_post_classname":""},"product_brand":[],"product_cat":[51,55],"product_tag":[],"class_list":{"0":"post-3983","1":"product","2":"type-product","3":"status-publish","5":"product_cat-desserts-sweets","6":"product_cat-pastes","8":"first","9":"outofstock","10":"shipping-taxable","11":"purchasable","12":"product-type-simple","13":"entry","14":"content-bg","15":"loop-entry"},"taxonomy_info":{"product_cat":[{"value":51,"label":"Desserts and Sweets"},{"value":55,"label":"Pastes, Pickles &amp; Sauces"}]},"featured_image_src_large":false,"author_info":[],"comment_info":0,"jetpack_sharing_enabled":true,"_links":{"self":[{"href":"https:\/\/sultanspices.es\/es\/wp-json\/wp\/v2\/product\/3983","targetHints":{"allow":["GET"]}}],"collection":[{"href":"https:\/\/sultanspices.es\/es\/wp-json\/wp\/v2\/product"}],"about":[{"href":"https:\/\/sultanspices.es\/es\/wp-json\/wp\/v2\/types\/product"}],"replies":[{"embeddable":true,"href":"https:\/\/sultanspices.es\/es\/wp-json\/wp\/v2\/comments?post=3983"}],"wp:attachment":[{"href":"https:\/\/sultanspices.es\/es\/wp-json\/wp\/v2\/media?parent=3983"}],"wp:term":[{"taxonomy":"product_brand","embeddable":true,"href":"https:\/\/sultanspices.es\/es\/wp-json\/wp\/v2\/product_brand?post=3983"},{"taxonomy":"product_cat","embeddable":true,"href":"https:\/\/sultanspices.es\/es\/wp-json\/wp\/v2\/product_cat?post=3983"},{"taxonomy":"product_tag","embeddable":true,"href":"https:\/\/sultanspices.es\/es\/wp-json\/wp\/v2\/product_tag?post=3983"}],"curies":[{"name":"wp","href":"https:\/\/api.w.org\/{rel}","templated":true}]}}