{"id":3981,"date":"2024-02-12T09:14:07","date_gmt":"2024-02-12T08:14:07","guid":{"rendered":"https:\/\/sultanspices.es\/soya-chunks-ali-baba-250g\/"},"modified":"2026-04-08T00:00:27","modified_gmt":"2026-04-07T22:00:27","slug":"soya-chunks-ali-baba-250g","status":"publish","type":"product","link":"https:\/\/sultanspices.es\/es\/producto\/trozos-de-soja-ali-baba-250g\/","title":{"rendered":"TROZOS DE SOJA ALI BABA 250G"},"content":{"rendered":"<div class=\"flex-1 overflow-hidden\">\n<div class=\"react-scroll-to-bottom--css-qbbne-79elbk h-full\">\n<div class=\"react-scroll-to-bottom--css-qbbne-1n7m0yu\">\n<div class=\"flex flex-col pb-9 text-sm\">\n<div class=\"w-full text-token-text-primary\" data-testid=\"conversation-turn-15\">\n<div class=\"px-4 py-2 justify-center text-base md:gap-6 m-auto\">\n<div class=\"flex flex-1 text-base mx-auto gap-3 md:px-5 lg:px-1 xl:px-5 md:max-w-3xl lg:max-w-[40rem] xl:max-w-[48rem] group final-completion\">\n<div class=\"relative flex w-full flex-col lg:w-[calc(100%-115px)] agent-turn\">\n<div class=\"flex-col gap-1 md:gap-3\">\n<div class=\"flex flex-grow flex-col max-w-full\">\n<div class=\"min-h-[20px] text-message flex flex-col items-start gap-3 whitespace-pre-wrap break-words [.text-message+&amp;]:mt-5 overflow-x-auto\" data-message-author-role=\"assistant\" data-message-id=\"83073cbf-945a-4578-8522-9740c7d48e35\">\n<div class=\"markdown prose w-full break-words dark:prose-invert dark\">\n<p>Mejore su cocina vegetariana con Ali Baba Soja en trozos 250g, ahora disponible en Sultan Spices &amp; Supermarket. Estos vers\u00e1tiles y nutritivos trozos de soja son una fuente de prote\u00edna saludable, perfecta para a\u00f1adir textura y sustancia a tus platos favoritos.<\/p>\n<p>Repletos de nutrientes esenciales y prote\u00ednas, los trozos de soja Ali Baba est\u00e1n elaborados con soja de alta calidad, lo que garantiza una experiencia culinaria satisfactoria y sabrosa. Tanto si preparas curry, salteados o biryanis, estos trozos de soja absorben los sabores del plato y proporcionan una opci\u00f3n de comida sustanciosa y saciante.<\/p>\n<p>Los trozos de soja Ali Baba son f\u00e1ciles de preparar y s\u00f3lo requieren unos minutos de remojo en agua caliente antes de estar listos para su uso. Con su c\u00f3modo envase de 250 g, son ideales tanto para comidas individuales como para reuniones familiares.<\/p>\n<p>Mejora tu repertorio vegetariano con Ali Baba Soja en Trozos 250g, ya disponible en Sultan Spices &amp; Supermarket, tu tienda online de confianza de productos indios en Espa\u00f1a. Eleva tus platos con la bondad de la soja y experimenta una nueva dimensi\u00f3n de sabor y nutrici\u00f3n.<\/p>\n<\/div>\n<\/div>\n<\/div>\n<\/div>\n<\/div>\n<\/div>\n<\/div>\n<\/div>\n<\/div>\n<\/div>\n<\/div>\n<\/div>","protected":false},"excerpt":{"rendered":"<p>Mejore su cocina vegetariana con Ali Baba Soja en trozos 250g, ahora disponible en Sultan Spices &amp; Supermarket. Estos vers\u00e1tiles y nutritivos trozos de soja son una fuente de prote\u00ednas saludables, perfectos para a\u00f1adir textura y sustancia a sus platos favoritos. Repletos de nutrientes esenciales y prote\u00ednas, los trozos de soja Ali Baba se elaboran con soja de alta calidad,...<\/p>","protected":false},"featured_media":3996,"comment_status":"open","ping_status":"closed","template":"","meta":{"_kad_blocks_custom_css":"","_kad_blocks_head_custom_js":"","_kad_blocks_body_custom_js":"","_kad_blocks_footer_custom_js":"","_kadence_starter_templates_imported_post":false,"_kad_post_transparent":"default","_kad_post_title":"","_kad_post_layout":"default","_kad_post_sidebar_id":"","_kad_post_content_style":"default","_kad_post_vertical_padding":"default","_kad_post_feature":"","_kad_post_feature_position":"","_kad_post_header":false,"_kad_post_footer":false,"_kad_post_classname":""},"product_brand":[],"product_cat":[47,50],"product_tag":[],"class_list":{"0":"post-3981","1":"product","2":"type-product","3":"status-publish","4":"has-post-thumbnail","6":"product_cat-lentils","7":"product_cat-spices","9":"first","10":"instock","11":"shipping-taxable","12":"purchasable","13":"product-type-simple","14":"entry","15":"content-bg","16":"loop-entry"},"taxonomy_info":{"product_cat":[{"value":47,"label":"Lentils"},{"value":50,"label":"Spices"}]},"featured_image_src_large":["https:\/\/sultanspices.es\/wp-content\/uploads\/2024\/02\/ProductsPIX-4-1024x1024.png",1024,1024,true],"author_info":[],"comment_info":2,"jetpack_sharing_enabled":true,"_links":{"self":[{"href":"https:\/\/sultanspices.es\/es\/wp-json\/wp\/v2\/product\/3981","targetHints":{"allow":["GET"]}}],"collection":[{"href":"https:\/\/sultanspices.es\/es\/wp-json\/wp\/v2\/product"}],"about":[{"href":"https:\/\/sultanspices.es\/es\/wp-json\/wp\/v2\/types\/product"}],"replies":[{"embeddable":true,"href":"https:\/\/sultanspices.es\/es\/wp-json\/wp\/v2\/comments?post=3981"}],"wp:featuredmedia":[{"embeddable":true,"href":"https:\/\/sultanspices.es\/es\/wp-json\/wp\/v2\/media\/3996"}],"wp:attachment":[{"href":"https:\/\/sultanspices.es\/es\/wp-json\/wp\/v2\/media?parent=3981"}],"wp:term":[{"taxonomy":"product_brand","embeddable":true,"href":"https:\/\/sultanspices.es\/es\/wp-json\/wp\/v2\/product_brand?post=3981"},{"taxonomy":"product_cat","embeddable":true,"href":"https:\/\/sultanspices.es\/es\/wp-json\/wp\/v2\/product_cat?post=3981"},{"taxonomy":"product_tag","embeddable":true,"href":"https:\/\/sultanspices.es\/es\/wp-json\/wp\/v2\/product_tag?post=3981"}],"curies":[{"name":"wp","href":"https:\/\/api.w.org\/{rel}","templated":true}]}}