{"id":3979,"date":"2024-02-12T09:14:01","date_gmt":"2024-02-12T08:14:01","guid":{"rendered":"https:\/\/sultanspices.es\/rte-tata-dal-makhni-285g\/"},"modified":"2026-02-23T12:41:14","modified_gmt":"2026-02-23T11:41:14","slug":"rte-tata-dal-makhni-285g","status":"publish","type":"product","link":"https:\/\/sultanspices.es\/es\/producto\/rte-tata-dal-makhni-285g\/","title":{"rendered":"RTE TATA DAL MAKHNI 285G"},"content":{"rendered":"<div class=\"flex-1 overflow-hidden\">\n<div class=\"react-scroll-to-bottom--css-qbbne-79elbk h-full\">\n<div class=\"react-scroll-to-bottom--css-qbbne-1n7m0yu\">\n<div class=\"flex flex-col pb-9 text-sm\">\n<div class=\"w-full text-token-text-primary\" data-testid=\"conversation-turn-19\">\n<div class=\"px-4 py-2 justify-center text-base md:gap-6 m-auto\">\n<div class=\"flex flex-1 text-base mx-auto gap-3 md:px-5 lg:px-1 xl:px-5 md:max-w-3xl lg:max-w-[40rem] xl:max-w-[48rem] group final-completion\">\n<div class=\"relative flex w-full flex-col lg:w-[calc(100%-115px)] agent-turn\">\n<div class=\"flex-col gap-1 md:gap-3\">\n<div class=\"flex flex-grow flex-col max-w-full\">\n<div class=\"min-h-[20px] text-message flex flex-col items-start gap-3 whitespace-pre-wrap break-words [.text-message+&amp;]:mt-5 overflow-x-auto\" data-message-author-role=\"assistant\" data-message-id=\"04838de6-7e58-4ac3-9949-1294a6c24644\">\n<div class=\"markdown prose w-full break-words dark:prose-invert dark\">\n<p>Experimente los ricos sabores de la cocina del norte de la India con Tata Dal Makhni 285g, ahora disponible en Sultan Spices &amp; Supermarket. Elaborado con esmero y utilizando los mejores ingredientes, este plato listo para comer lleva el aut\u00e9ntico sabor del dal makhni directamente a su mesa sin la molestia de una larga preparaci\u00f3n.<\/p>\n<p>Del\u00e9itese con la cremosa bondad de las lentejas negras y las alubias cocidas a fuego lento en una sabrosa mezcla de especias arom\u00e1ticas y salsa cremosa a base de tomate. Tata Dal Makhni ofrece un delicioso equilibrio de sabores sabrosos y ligeramente especiados, lo que lo convierte en una reconfortante opci\u00f3n de comida para cualquier momento del d\u00eda.<\/p>\n<p>Perfecto para los d\u00edas ajetreados o cuando se le antoja un sabor casero sin esfuerzo, Tata Dal Makhni se puede calentar en el microondas y est\u00e1 listo para servir en cuesti\u00f3n de minutos. Simplemente calentar y disfrutar con arroz al vapor, naan, o su pan indio favorito para una comida satisfactoria que es seguro que por favor.<\/p>\n<p>A\u00f1ade comodidad y sabor a tus comidas con Tata Dal Makhni 285g, ya disponible en Sultan Spices &amp; Supermarket, tu tienda online de alimentaci\u00f3n india de confianza en Espa\u00f1a. Eleva tu experiencia culinaria con la comodidad de los productos listos para comer de Tata.<\/p>\n<\/div>\n<\/div>\n<\/div>\n<\/div>\n<\/div>\n<\/div>\n<\/div>\n<\/div>\n<\/div>\n<\/div>\n<\/div>\n<\/div>","protected":false},"excerpt":{"rendered":"<p>Experimente los ricos sabores de la cocina del norte de la India con Tata Dal Makhni 285g, ahora disponible en Sultan Spices &amp; Supermarket. Elaborado con esmero y utilizando los mejores ingredientes, este plato listo para comer lleva el aut\u00e9ntico sabor del dal makhni directamente a su mesa sin la molestia de una larga preparaci\u00f3n. Del\u00e9itese con la cremosidad de las lentejas negras...<\/p>","protected":false},"featured_media":3999,"comment_status":"open","ping_status":"closed","template":"","meta":{"_kad_blocks_custom_css":"","_kad_blocks_head_custom_js":"","_kad_blocks_body_custom_js":"","_kad_blocks_footer_custom_js":"","_kadence_starter_templates_imported_post":false,"_kad_post_transparent":"default","_kad_post_title":"","_kad_post_layout":"default","_kad_post_sidebar_id":"","_kad_post_content_style":"default","_kad_post_vertical_padding":"default","_kad_post_feature":"","_kad_post_feature_position":"","_kad_post_header":false,"_kad_post_footer":false,"_kad_post_classname":""},"product_brand":[],"product_cat":[54],"product_tag":[],"class_list":{"0":"post-3979","1":"product","2":"type-product","3":"status-publish","4":"has-post-thumbnail","6":"product_cat-instant-meals-rte","8":"first","9":"instock","10":"shipping-taxable","11":"purchasable","12":"product-type-simple","13":"entry","14":"content-bg","15":"loop-entry"},"taxonomy_info":{"product_cat":[{"value":54,"label":"Instant meals RTE"}]},"featured_image_src_large":["https:\/\/sultanspices.es\/wp-content\/uploads\/2024\/02\/ProductsPIX-6-1024x1024.png",1024,1024,true],"author_info":[],"comment_info":0,"jetpack_sharing_enabled":true,"_links":{"self":[{"href":"https:\/\/sultanspices.es\/es\/wp-json\/wp\/v2\/product\/3979","targetHints":{"allow":["GET"]}}],"collection":[{"href":"https:\/\/sultanspices.es\/es\/wp-json\/wp\/v2\/product"}],"about":[{"href":"https:\/\/sultanspices.es\/es\/wp-json\/wp\/v2\/types\/product"}],"replies":[{"embeddable":true,"href":"https:\/\/sultanspices.es\/es\/wp-json\/wp\/v2\/comments?post=3979"}],"wp:featuredmedia":[{"embeddable":true,"href":"https:\/\/sultanspices.es\/es\/wp-json\/wp\/v2\/media\/3999"}],"wp:attachment":[{"href":"https:\/\/sultanspices.es\/es\/wp-json\/wp\/v2\/media?parent=3979"}],"wp:term":[{"taxonomy":"product_brand","embeddable":true,"href":"https:\/\/sultanspices.es\/es\/wp-json\/wp\/v2\/product_brand?post=3979"},{"taxonomy":"product_cat","embeddable":true,"href":"https:\/\/sultanspices.es\/es\/wp-json\/wp\/v2\/product_cat?post=3979"},{"taxonomy":"product_tag","embeddable":true,"href":"https:\/\/sultanspices.es\/es\/wp-json\/wp\/v2\/product_tag?post=3979"}],"curies":[{"name":"wp","href":"https:\/\/api.w.org\/{rel}","templated":true}]}}