{"id":3974,"date":"2024-02-12T09:13:47","date_gmt":"2024-02-12T08:13:47","guid":{"rendered":"https:\/\/sultanspices.es\/regal-bomby-mix-hot-375g\/"},"modified":"2026-02-23T12:41:12","modified_gmt":"2026-02-23T11:41:12","slug":"regal-bomby-mix-hot-375g","status":"publish","type":"product","link":"https:\/\/sultanspices.es\/es\/producto\/regal-bomby-mix-hot-375g\/","title":{"rendered":"REGAL BOMBY MIX CALIENTE 375G"},"content":{"rendered":"<div class=\"flex-1 overflow-hidden\">\n<div class=\"react-scroll-to-bottom--css-qbbne-79elbk h-full\">\n<div class=\"react-scroll-to-bottom--css-qbbne-1n7m0yu\">\n<div class=\"flex flex-col pb-9 text-sm\">\n<div class=\"w-full text-token-text-primary\" data-testid=\"conversation-turn-27\">\n<div class=\"px-4 py-2 justify-center text-base md:gap-6 m-auto\">\n<div class=\"flex flex-1 text-base mx-auto gap-3 md:px-5 lg:px-1 xl:px-5 md:max-w-3xl lg:max-w-[40rem] xl:max-w-[48rem] group final-completion\">\n<div class=\"relative flex w-full flex-col lg:w-[calc(100%-115px)] agent-turn\">\n<div class=\"flex-col gap-1 md:gap-3\">\n<div class=\"flex flex-grow flex-col max-w-full\">\n<div class=\"min-h-[20px] text-message flex flex-col items-start gap-3 whitespace-pre-wrap break-words [.text-message+&amp;]:mt-5 overflow-x-auto\" data-message-author-role=\"assistant\" data-message-id=\"46c3e024-21f8-4855-a2f7-c9cd1e8a9a7b\">\n<div class=\"markdown prose w-full break-words dark:prose-invert dark\">\n<p>Saborea el toque picante de Regal Bomby Mix Hot 375g, ahora disponible en Sultan Spices &amp; Supermarket. Esta tentadora mezcla de aperitivos est\u00e1 pensada para los amantes de los sabores atrevidos y de un crujiente picante que enciende las papilas gustativas.<\/p>\n<p>Regal Bomby Mix Hot presenta una combinaci\u00f3n din\u00e1mica de delicias crujientes, como sabrosos palitos de lentejas, cacahuetes tostados, crujientes fideos de harina de garbanzos y mucho m\u00e1s, todo ello aderezado con una ardiente mezcla de especias. Cada bocado es una explosi\u00f3n de calor y sabor que emocionar\u00e1 tus sentidos.<\/p>\n<p>Tanto si quieres darle un toque picante a tu noche de cine, como si eres el anfitri\u00f3n de una fiesta o necesitas un estimulante durante el d\u00eda, Regal Bomby Mix Hot es el acompa\u00f1ante perfecto. Su pr\u00e1ctico envase de 375 g te garantiza que tendr\u00e1s suficiente para compartir o disfrutar solo.<\/p>\n<p>Experimenta los sabores atrevidos y adictivos de Regal Bomby Mix Hot, cuidadosamente elaborados por un nombre de confianza en aperitivos de calidad. Pide tu paquete de Regal Bomby Mix Hot 375g a Sultan Spices &amp; Supermarket, tu destino online para comprar aut\u00e9nticos productos indios en Espa\u00f1a. Prep\u00e1rate para subir la temperatura con cada bocado crujiente.<\/p>\n<\/div>\n<\/div>\n<\/div>\n<\/div>\n<\/div>\n<\/div>\n<\/div>\n<\/div>\n<\/div>\n<\/div>\n<\/div>\n<\/div>","protected":false},"excerpt":{"rendered":"<p>Saborea el toque picante de Regal Bomby Mix Hot 375g, ahora disponible en Sultan Spices &amp; Supermarket. Esta tentadora mezcla de aperitivos est\u00e1 pensada para los amantes de los sabores atrevidos y los crujientes picantes que encienden las papilas gustativas. Regal Bomby Mix Hot presenta una combinaci\u00f3n din\u00e1mica de delicias crujientes, como sabrosos palitos de lentejas,...<\/p>","protected":false},"featured_media":4005,"comment_status":"open","ping_status":"closed","template":"","meta":{"_kad_blocks_custom_css":"","_kad_blocks_head_custom_js":"","_kad_blocks_body_custom_js":"","_kad_blocks_footer_custom_js":"","_kadence_starter_templates_imported_post":false,"_kad_post_transparent":"default","_kad_post_title":"","_kad_post_layout":"default","_kad_post_sidebar_id":"","_kad_post_content_style":"default","_kad_post_vertical_padding":"default","_kad_post_feature":"","_kad_post_feature_position":"","_kad_post_header":false,"_kad_post_footer":false,"_kad_post_classname":""},"product_brand":[],"product_cat":[56],"product_tag":[],"class_list":{"0":"post-3974","1":"product","2":"type-product","3":"status-publish","4":"has-post-thumbnail","6":"product_cat-indian-snacks","8":"first","9":"outofstock","10":"shipping-taxable","11":"purchasable","12":"product-type-simple","13":"entry","14":"content-bg","15":"loop-entry"},"taxonomy_info":{"product_cat":[{"value":56,"label":"Snacks"}]},"featured_image_src_large":["https:\/\/sultanspices.es\/wp-content\/uploads\/2024\/02\/ProductsPIX-10-1024x1024.png",1024,1024,true],"author_info":[],"comment_info":0,"jetpack_sharing_enabled":true,"_links":{"self":[{"href":"https:\/\/sultanspices.es\/es\/wp-json\/wp\/v2\/product\/3974","targetHints":{"allow":["GET"]}}],"collection":[{"href":"https:\/\/sultanspices.es\/es\/wp-json\/wp\/v2\/product"}],"about":[{"href":"https:\/\/sultanspices.es\/es\/wp-json\/wp\/v2\/types\/product"}],"replies":[{"embeddable":true,"href":"https:\/\/sultanspices.es\/es\/wp-json\/wp\/v2\/comments?post=3974"}],"wp:featuredmedia":[{"embeddable":true,"href":"https:\/\/sultanspices.es\/es\/wp-json\/wp\/v2\/media\/4005"}],"wp:attachment":[{"href":"https:\/\/sultanspices.es\/es\/wp-json\/wp\/v2\/media?parent=3974"}],"wp:term":[{"taxonomy":"product_brand","embeddable":true,"href":"https:\/\/sultanspices.es\/es\/wp-json\/wp\/v2\/product_brand?post=3974"},{"taxonomy":"product_cat","embeddable":true,"href":"https:\/\/sultanspices.es\/es\/wp-json\/wp\/v2\/product_cat?post=3974"},{"taxonomy":"product_tag","embeddable":true,"href":"https:\/\/sultanspices.es\/es\/wp-json\/wp\/v2\/product_tag?post=3974"}],"curies":[{"name":"wp","href":"https:\/\/api.w.org\/{rel}","templated":true}]}}