{"id":3973,"date":"2024-02-12T09:13:43","date_gmt":"2024-02-12T08:13:43","guid":{"rendered":"https:\/\/sultanspices.es\/pistacho-grano-cru-piel-1k\/"},"modified":"2026-02-23T12:41:12","modified_gmt":"2026-02-23T11:41:12","slug":"pistacho-grano-cru-piel-1k","status":"publish","type":"product","link":"https:\/\/sultanspices.es\/es\/producto\/pistacho-grano-cru-piel-1k\/","title":{"rendered":"PISTACHO GRANO CRU PIEL 1KG"},"content":{"rendered":"<div class=\"w-full text-token-text-primary\" data-testid=\"conversation-turn-29\">\n<div class=\"px-4 py-2 justify-center text-base md:gap-6 m-auto\">\n<div class=\"flex flex-1 text-base mx-auto gap-3 md:px-5 lg:px-1 xl:px-5 md:max-w-3xl lg:max-w-[40rem] xl:max-w-[48rem] group\">\n<div class=\"relative flex w-full flex-col lg:w-[calc(100%-115px)] agent-turn\">\n<div class=\"flex-col gap-1 md:gap-3\">\n<div class=\"flex flex-grow flex-col max-w-full\">\n<div class=\"min-h-[20px] text-message flex flex-col items-start gap-3 whitespace-pre-wrap break-words [.text-message+&amp;]:mt-5 overflow-x-auto\" data-message-author-role=\"assistant\" data-message-id=\"ca404810-b000-46f9-9519-b09663555a6f\">\n<div class=\"markdown prose w-full break-words dark:prose-invert dark\">\n<p>Del\u00e9itese con las bondades naturales de los Pistachos Enteros Crudos (Piel) 1kg, disponibles en Sultan Spices &amp; Supermarket. Estos pistachos de primera calidad se seleccionan y envasan meticulosamente para ofrecer la m\u00e1xima calidad y frescura, directamente a su cocina.<\/p>\n<p>Repletos de nutrientes esenciales, los pistachos crudos ofrecen un crujido satisfactorio y un rico sabor a nuez que es perfecto para picar o incorporar a sus recetas favoritas. Ya sea que los espolvoree sobre ensaladas, los hornee en postres o los disfrute solos, estos pistachos seguramente deleitar\u00e1n sus papilas gustativas.<\/p>\n<p>Cada pistacho est\u00e1 envuelto en su piel natural, preservando su frescura y sabor. Con un c\u00f3modo envase de 1 kg, tendr\u00e1s una amplia provisi\u00f3n de estos nutritivos frutos secos para disfrutarlos siempre que te apetezca.<\/p>\n<p>Experimente la bondad natural de los Pistachos Enteros Crudos (Piel) 1kg, disponibles ahora en Sultan Spices &amp; Supermarket, su destino online de confianza para ingredientes de calidad en Espa\u00f1a. Mejore su experiencia como snack y a\u00f1ada un toque de frutos secos a su vida hoy mismo.<\/p>\n<\/div>\n<\/div>\n<\/div>\n<\/div>\n<\/div>\n<\/div>\n<\/div>\n<\/div>","protected":false},"excerpt":{"rendered":"<p>Del\u00e9itese con las bondades naturales de los Pistachos Enteros Crudos (Piel) 1kg, disponibles en Sultan Spices &amp; Supermarket. Estos pistachos de primera calidad se seleccionan y envasan meticulosamente para ofrecer la m\u00e1xima calidad y frescura, directamente a su cocina. Repletos de nutrientes esenciales, los pistachos crudos ofrecen un crujido satisfactorio y un rico sabor a nuez, perfecto para picar...<\/p>","protected":false},"featured_media":4008,"comment_status":"open","ping_status":"closed","template":"","meta":{"_kad_blocks_custom_css":"","_kad_blocks_head_custom_js":"","_kad_blocks_body_custom_js":"","_kad_blocks_footer_custom_js":"","_kadence_starter_templates_imported_post":false,"_kad_post_transparent":"default","_kad_post_title":"","_kad_post_layout":"default","_kad_post_sidebar_id":"","_kad_post_content_style":"default","_kad_post_vertical_padding":"default","_kad_post_feature":"","_kad_post_feature_position":"","_kad_post_header":false,"_kad_post_footer":false,"_kad_post_classname":""},"product_brand":[],"product_cat":[60],"product_tag":[],"class_list":{"0":"post-3973","1":"product","2":"type-product","3":"status-publish","4":"has-post-thumbnail","6":"product_cat-dry-fruits","8":"first","9":"instock","10":"shipping-taxable","11":"purchasable","12":"product-type-simple","13":"entry","14":"content-bg","15":"loop-entry"},"taxonomy_info":{"product_cat":[{"value":60,"label":"Dry Fruits"}]},"featured_image_src_large":["https:\/\/sultanspices.es\/wp-content\/uploads\/2024\/02\/ProductsPIX-11-1024x1024.png",1024,1024,true],"author_info":[],"comment_info":0,"jetpack_sharing_enabled":true,"_links":{"self":[{"href":"https:\/\/sultanspices.es\/es\/wp-json\/wp\/v2\/product\/3973","targetHints":{"allow":["GET"]}}],"collection":[{"href":"https:\/\/sultanspices.es\/es\/wp-json\/wp\/v2\/product"}],"about":[{"href":"https:\/\/sultanspices.es\/es\/wp-json\/wp\/v2\/types\/product"}],"replies":[{"embeddable":true,"href":"https:\/\/sultanspices.es\/es\/wp-json\/wp\/v2\/comments?post=3973"}],"wp:featuredmedia":[{"embeddable":true,"href":"https:\/\/sultanspices.es\/es\/wp-json\/wp\/v2\/media\/4008"}],"wp:attachment":[{"href":"https:\/\/sultanspices.es\/es\/wp-json\/wp\/v2\/media?parent=3973"}],"wp:term":[{"taxonomy":"product_brand","embeddable":true,"href":"https:\/\/sultanspices.es\/es\/wp-json\/wp\/v2\/product_brand?post=3973"},{"taxonomy":"product_cat","embeddable":true,"href":"https:\/\/sultanspices.es\/es\/wp-json\/wp\/v2\/product_cat?post=3973"},{"taxonomy":"product_tag","embeddable":true,"href":"https:\/\/sultanspices.es\/es\/wp-json\/wp\/v2\/product_tag?post=3973"}],"curies":[{"name":"wp","href":"https:\/\/api.w.org\/{rel}","templated":true}]}}