{"id":3972,"date":"2024-02-12T09:13:40","date_gmt":"2024-02-12T08:13:40","guid":{"rendered":"https:\/\/sultanspices.es\/pickle-pachranga-mix-800g\/"},"modified":"2025-10-18T18:43:25","modified_gmt":"2025-10-18T16:43:25","slug":"pickle-pachranga-mix-800g","status":"publish","type":"product","link":"https:\/\/sultanspices.es\/es\/producto\/encurtido-pachranga-mix-800g\/","title":{"rendered":"PEPINILLO PACHRANGA MIX 800G"},"content":{"rendered":"<div class=\"flex-1 overflow-hidden\">\n<div class=\"react-scroll-to-bottom--css-qbbne-79elbk h-full\">\n<div class=\"react-scroll-to-bottom--css-qbbne-1n7m0yu\">\n<div class=\"flex flex-col pb-9 text-sm\">\n<div class=\"w-full text-token-text-primary\" data-testid=\"conversation-turn-31\">\n<div class=\"px-4 py-2 justify-center text-base md:gap-6 m-auto\">\n<div class=\"flex flex-1 text-base mx-auto gap-3 md:px-5 lg:px-1 xl:px-5 md:max-w-3xl lg:max-w-[40rem] xl:max-w-[48rem] group final-completion\">\n<div class=\"relative flex w-full flex-col lg:w-[calc(100%-115px)] agent-turn\">\n<div class=\"flex-col gap-1 md:gap-3\">\n<div class=\"flex flex-grow flex-col max-w-full\">\n<div class=\"min-h-[20px] text-message flex flex-col items-start gap-3 whitespace-pre-wrap break-words [.text-message+&amp;]:mt-5 overflow-x-auto\" data-message-author-role=\"assistant\" data-message-id=\"ffc12158-adab-403f-b33b-fcd0770ec4ce\">\n<div class=\"markdown prose w-full break-words dark:prose-invert dark\">\n<p>Experimente el aut\u00e9ntico sabor de la India con Pachranga Mixed Pickle 800g, ahora disponible en Sultan Spices &amp; Supermarket. Esta deliciosa mezcla de encurtidos re\u00fane una armoniosa combinaci\u00f3n de sabores \u00e1cidos, picantes y sabrosos, creando una experiencia culinaria realmente inolvidable.<\/p>\n<p>Pachranga Mixed Pickle se elabora con una variada selecci\u00f3n de verduras y frutas, como mango, lima, guindillas, etc., marinadas en una mezcla tradicional de especias arom\u00e1ticas y vinagre \u00e1cido. Cada bocado ofrece un estallido de sabor que seguro tentar\u00e1 a sus papilas gustativas.<\/p>\n<p>Ya sea con arroz, naan o su curry favorito, Pachranga Mixed Pickle a\u00f1ade un toque picante a cualquier comida. Su naturaleza vers\u00e1til lo convierte en el acompa\u00f1amiento perfecto para una amplia gama de platos, elevando su experiencia gastron\u00f3mica con cada cucharada.<\/p>\n<p>Experimente el aut\u00e9ntico sabor de la India con Pachranga Mixed Pickle 800g, disponible ahora en Sultan Spices &amp; Supermarket, su principal destino online para aut\u00e9nticos art\u00edculos de alimentaci\u00f3n indios en Espa\u00f1a. A\u00f1ada una explosi\u00f3n de sabor a sus comidas y disfrute de la verdadera esencia de la cocina india.<\/p>\n<\/div>\n<\/div>\n<\/div>\n<\/div>\n<\/div>\n<\/div>\n<\/div>\n<\/div>\n<\/div>\n<\/div>\n<\/div>\n<\/div>","protected":false},"excerpt":{"rendered":"<p>Experimente el aut\u00e9ntico sabor de la India con Pachranga Mixed Pickle 800g, ahora disponible en Sultan Spices &amp; Supermarket. Esta deliciosa mezcla de encurtidos re\u00fane una armoniosa combinaci\u00f3n de sabores \u00e1cidos, picantes y sabrosos, creando una experiencia culinaria realmente inolvidable. Pachranga Mixed Pickle se elabora con una variada selecci\u00f3n de verduras y frutas, como mango,...<\/p>","protected":false},"featured_media":4009,"comment_status":"open","ping_status":"closed","template":"","meta":{"_kad_blocks_custom_css":"","_kad_blocks_head_custom_js":"","_kad_blocks_body_custom_js":"","_kad_blocks_footer_custom_js":"","_kadence_starter_templates_imported_post":false,"_kad_post_transparent":"default","_kad_post_title":"","_kad_post_layout":"default","_kad_post_sidebar_id":"","_kad_post_content_style":"default","_kad_post_vertical_padding":"default","_kad_post_feature":"","_kad_post_feature_position":"","_kad_post_header":false,"_kad_post_footer":false,"_kad_post_classname":""},"product_brand":[],"product_cat":[55],"product_tag":[],"class_list":{"0":"post-3972","1":"product","2":"type-product","3":"status-publish","4":"has-post-thumbnail","6":"product_cat-pastes","8":"first","9":"outofstock","10":"shipping-taxable","11":"purchasable","12":"product-type-simple","13":"entry","14":"content-bg","15":"loop-entry"},"taxonomy_info":{"product_cat":[{"value":55,"label":"Pastes, Pickles &amp; Sauces"}]},"featured_image_src_large":["https:\/\/sultanspices.es\/wp-content\/uploads\/2024\/02\/ProductsPIX-12-1024x1024.png",1024,1024,true],"author_info":[],"comment_info":1,"jetpack_sharing_enabled":true,"_links":{"self":[{"href":"https:\/\/sultanspices.es\/es\/wp-json\/wp\/v2\/product\/3972","targetHints":{"allow":["GET"]}}],"collection":[{"href":"https:\/\/sultanspices.es\/es\/wp-json\/wp\/v2\/product"}],"about":[{"href":"https:\/\/sultanspices.es\/es\/wp-json\/wp\/v2\/types\/product"}],"replies":[{"embeddable":true,"href":"https:\/\/sultanspices.es\/es\/wp-json\/wp\/v2\/comments?post=3972"}],"wp:featuredmedia":[{"embeddable":true,"href":"https:\/\/sultanspices.es\/es\/wp-json\/wp\/v2\/media\/4009"}],"wp:attachment":[{"href":"https:\/\/sultanspices.es\/es\/wp-json\/wp\/v2\/media?parent=3972"}],"wp:term":[{"taxonomy":"product_brand","embeddable":true,"href":"https:\/\/sultanspices.es\/es\/wp-json\/wp\/v2\/product_brand?post=3972"},{"taxonomy":"product_cat","embeddable":true,"href":"https:\/\/sultanspices.es\/es\/wp-json\/wp\/v2\/product_cat?post=3972"},{"taxonomy":"product_tag","embeddable":true,"href":"https:\/\/sultanspices.es\/es\/wp-json\/wp\/v2\/product_tag?post=3972"}],"curies":[{"name":"wp","href":"https:\/\/api.w.org\/{rel}","templated":true}]}}