{"id":3968,"date":"2024-02-12T09:13:34","date_gmt":"2024-02-12T08:13:34","guid":{"rendered":"https:\/\/sultanspices.es\/peanuts-red-ali-baba-375g\/"},"modified":"2026-02-23T12:41:10","modified_gmt":"2026-02-23T11:41:10","slug":"peanuts-red-ali-baba-375g","status":"publish","type":"product","link":"https:\/\/sultanspices.es\/es\/producto\/cacahuetes-rojos-ali-baba-375g\/","title":{"rendered":"CACAHUETES ALI BABA ROJO 375G"},"content":{"rendered":"<div class=\"flex-1 overflow-hidden\">\n<div class=\"react-scroll-to-bottom--css-qbbne-79elbk h-full\">\n<div class=\"react-scroll-to-bottom--css-qbbne-1n7m0yu\">\n<div class=\"flex flex-col pb-9 text-sm\">\n<div class=\"w-full text-token-text-primary\" data-testid=\"conversation-turn-35\">\n<div class=\"px-4 py-2 justify-center text-base md:gap-6 m-auto\">\n<div class=\"flex flex-1 text-base mx-auto gap-3 md:px-5 lg:px-1 xl:px-5 md:max-w-3xl lg:max-w-[40rem] xl:max-w-[48rem] group final-completion\">\n<div class=\"relative flex w-full flex-col lg:w-[calc(100%-115px)] agent-turn\">\n<div class=\"flex-col gap-1 md:gap-3\">\n<div class=\"flex flex-grow flex-col max-w-full\">\n<div class=\"min-h-[20px] text-message flex flex-col items-start gap-3 whitespace-pre-wrap break-words [.text-message+&amp;]:mt-5 overflow-x-auto\" data-message-author-role=\"assistant\" data-message-id=\"fb33ab54-e33b-40e8-8e82-803cfd87d77b\">\n<div class=\"markdown prose w-full break-words dark:prose-invert dark\">\n<p>Mejore sus aperitivos con los cacahuetes rojos Ali Baba 375 g, ahora disponibles en Sultan Spices &amp; Supermarket. Estos cacahuetes de primera calidad se tuestan a la perfecci\u00f3n y se recubren con una mezcla especial de especias, ofreciendo una tentadora experiencia de sabor en cada bocado.<\/p>\n<p>Los cacahuetes rojos Ali Baba tienen una capa de color rojo vibrante, que insin\u00faa los atrevidos sabores que les esperan. Cada cacahuete est\u00e1 cuidadosamente sazonado con una mezcla \u00fanica de especias, creando un equilibrio armonioso de picante y sabrosa bondad que es seguro para satisfacer sus antojos.<\/p>\n<p>Los cacahuetes rojos Ali Baba son la elecci\u00f3n perfecta tanto si est\u00e1s celebrando una reuni\u00f3n, disfrutando de una noche de cine o si necesitas un sabroso tentempi\u00e9 para reponer fuerzas. Su textura crujiente y su toque picante los convierten en un bocado irresistible para los amantes de los aperitivos de todas las edades.<\/p>\n<p>Experimenta los sabores atrevidos y adictivos de Ali Baba Red Peanuts 375g, disponible ahora en Sultan Spices &amp; Supermarket, tu destino online de confianza para aut\u00e9nticos productos de alimentaci\u00f3n indios en Espa\u00f1a. Disfrute de una explosi\u00f3n de sabor con cada bocado crujiente.<\/p>\n<\/div>\n<\/div>\n<\/div>\n<\/div>\n<\/div>\n<\/div>\n<\/div>\n<\/div>\n<\/div>\n<\/div>\n<\/div>\n<\/div>","protected":false},"excerpt":{"rendered":"<p>Mejore sus aperitivos con los cacahuetes rojos Ali Baba 375 g, ahora disponibles en Sultan Spices &amp; Supermarket. Estos cacahuetes de primera calidad se tuestan a la perfecci\u00f3n y se recubren con una mezcla especial de especias, ofreciendo una tentadora experiencia de sabor en cada bocado. Los cacahuetes rojos Ali Baba est\u00e1n recubiertos de un rojo vibrante que...<\/p>","protected":false},"featured_media":4014,"comment_status":"open","ping_status":"closed","template":"","meta":{"_kad_blocks_custom_css":"","_kad_blocks_head_custom_js":"","_kad_blocks_body_custom_js":"","_kad_blocks_footer_custom_js":"","_kadence_starter_templates_imported_post":false,"_kad_post_transparent":"default","_kad_post_title":"","_kad_post_layout":"default","_kad_post_sidebar_id":"","_kad_post_content_style":"default","_kad_post_vertical_padding":"default","_kad_post_feature":"","_kad_post_feature_position":"","_kad_post_header":false,"_kad_post_footer":false,"_kad_post_classname":""},"product_brand":[],"product_cat":[60],"product_tag":[],"class_list":{"0":"post-3968","1":"product","2":"type-product","3":"status-publish","4":"has-post-thumbnail","6":"product_cat-dry-fruits","8":"first","9":"outofstock","10":"shipping-taxable","11":"purchasable","12":"product-type-simple","13":"entry","14":"content-bg","15":"loop-entry"},"taxonomy_info":{"product_cat":[{"value":60,"label":"Dry Fruits"}]},"featured_image_src_large":["https:\/\/sultanspices.es\/wp-content\/uploads\/2024\/02\/ProductsPIX-14-1024x1024.png",1024,1024,true],"author_info":[],"comment_info":1,"jetpack_sharing_enabled":true,"_links":{"self":[{"href":"https:\/\/sultanspices.es\/es\/wp-json\/wp\/v2\/product\/3968","targetHints":{"allow":["GET"]}}],"collection":[{"href":"https:\/\/sultanspices.es\/es\/wp-json\/wp\/v2\/product"}],"about":[{"href":"https:\/\/sultanspices.es\/es\/wp-json\/wp\/v2\/types\/product"}],"replies":[{"embeddable":true,"href":"https:\/\/sultanspices.es\/es\/wp-json\/wp\/v2\/comments?post=3968"}],"wp:featuredmedia":[{"embeddable":true,"href":"https:\/\/sultanspices.es\/es\/wp-json\/wp\/v2\/media\/4014"}],"wp:attachment":[{"href":"https:\/\/sultanspices.es\/es\/wp-json\/wp\/v2\/media?parent=3968"}],"wp:term":[{"taxonomy":"product_brand","embeddable":true,"href":"https:\/\/sultanspices.es\/es\/wp-json\/wp\/v2\/product_brand?post=3968"},{"taxonomy":"product_cat","embeddable":true,"href":"https:\/\/sultanspices.es\/es\/wp-json\/wp\/v2\/product_cat?post=3968"},{"taxonomy":"product_tag","embeddable":true,"href":"https:\/\/sultanspices.es\/es\/wp-json\/wp\/v2\/product_tag?post=3968"}],"curies":[{"name":"wp","href":"https:\/\/api.w.org\/{rel}","templated":true}]}}