{"id":3967,"date":"2024-02-12T09:13:31","date_gmt":"2024-02-12T08:13:31","guid":{"rendered":"https:\/\/sultanspices.es\/patak-jalfarezi-paste-283g\/"},"modified":"2026-02-23T12:41:09","modified_gmt":"2026-02-23T11:41:09","slug":"patak-jalfarezi-paste-283g","status":"publish","type":"product","link":"https:\/\/sultanspices.es\/es\/producto\/patak-jalfarezi-pasta-283g\/","title":{"rendered":"PATAK PASTA JALFAREZI 283G"},"content":{"rendered":"<div class=\"flex-1 overflow-hidden\">\n<div class=\"react-scroll-to-bottom--css-qbbne-79elbk h-full\">\n<div class=\"react-scroll-to-bottom--css-qbbne-1n7m0yu\">\n<div class=\"flex flex-col pb-9 text-sm\">\n<div class=\"w-full text-token-text-primary\" data-testid=\"conversation-turn-37\">\n<div class=\"px-4 py-2 justify-center text-base md:gap-6 m-auto\">\n<div class=\"flex flex-1 text-base mx-auto gap-3 md:px-5 lg:px-1 xl:px-5 md:max-w-3xl lg:max-w-[40rem] xl:max-w-[48rem] group final-completion\">\n<div class=\"relative flex w-full flex-col lg:w-[calc(100%-115px)] agent-turn\">\n<div class=\"flex-col gap-1 md:gap-3\">\n<div class=\"flex flex-grow flex-col max-w-full\">\n<div class=\"min-h-[20px] text-message flex flex-col items-start gap-3 whitespace-pre-wrap break-words [.text-message+&amp;]:mt-5 overflow-x-auto\" data-message-author-role=\"assistant\" data-message-id=\"6a9495aa-38f5-4c39-b7ef-884b9c68f997\">\n<div class=\"markdown prose w-full break-words dark:prose-invert dark\">\n<p>Prepare f\u00e1cilmente deliciosos platos indios con Patak's Jalfrezi Paste 283 g, disponible en Sultan Spices &amp; Supermarket. Esta sabrosa pasta captura la esencia de la cocina tradicional india, permiti\u00e9ndole preparar arom\u00e1ticos y picantes platos jalfrezi en un abrir y cerrar de ojos.<\/p>\n<p>La pasta Jalfrezi de Patak est\u00e1 elaborada con una mezcla de especias aut\u00e9nticas, como cilantro, comino, jengibre y chile, que proporcionan un equilibrio perfecto de picante y sabor. Tanto si cocina pollo, verduras o tofu, esta vers\u00e1til pasta a\u00f1ade profundidad y complejidad a su curry, transformando platos ordinarios en extraordinarias delicias culinarias.<\/p>\n<p>Con su c\u00f3modo envase de 283 g, la Pasta Jalfrezi de Patak es ideal tanto para cocinar ocasionalmente como para su uso habitual. S\u00f3lo tiene que servir la cantidad deseada con una cuchara, mezclarla con los ingredientes de su elecci\u00f3n y disfrutar de un delicioso curry jalfrezi casero en cuesti\u00f3n de minutos.<\/p>\n<p>Experimente el sabor de la India con Patak's Jalfrezi Paste 283g, ya disponible en Sultan Spices &amp; Supermarket, su destino online para comprar aut\u00e9nticos productos indios en Espa\u00f1a. Eleve su cocina y deleite su paladar con los ricos y arom\u00e1ticos sabores del curry jalfrezi.<\/p>\n<\/div>\n<\/div>\n<\/div>\n<\/div>\n<\/div>\n<\/div>\n<\/div>\n<\/div>\n<\/div>\n<\/div>\n<\/div>\n<\/div>","protected":false},"excerpt":{"rendered":"<p>Prepare f\u00e1cilmente deliciosos platos indios con Patak's Jalfrezi Paste 283 g, disponible en Sultan Spices &amp; Supermarket. Esta sabrosa pasta captura la esencia de la cocina tradicional india, permiti\u00e9ndole preparar arom\u00e1ticos y picantes platos jalfrezi en un abrir y cerrar de ojos. La pasta Patak's Jalfrezi est\u00e1 elaborada con una mezcla de especias aut\u00e9nticas, como cilantro, comino, jengibre,...<\/p>","protected":false},"featured_media":4016,"comment_status":"open","ping_status":"closed","template":"","meta":{"_kad_blocks_custom_css":"","_kad_blocks_head_custom_js":"","_kad_blocks_body_custom_js":"","_kad_blocks_footer_custom_js":"","_kadence_starter_templates_imported_post":false,"_kad_post_transparent":"default","_kad_post_title":"","_kad_post_layout":"default","_kad_post_sidebar_id":"","_kad_post_content_style":"default","_kad_post_vertical_padding":"default","_kad_post_feature":"","_kad_post_feature_position":"","_kad_post_header":false,"_kad_post_footer":false,"_kad_post_classname":""},"product_brand":[],"product_cat":[55],"product_tag":[],"class_list":{"0":"post-3967","1":"product","2":"type-product","3":"status-publish","4":"has-post-thumbnail","6":"product_cat-pastes","8":"first","9":"instock","10":"shipping-taxable","11":"purchasable","12":"product-type-simple","13":"entry","14":"content-bg","15":"loop-entry"},"taxonomy_info":{"product_cat":[{"value":55,"label":"Pastes, Pickles &amp; Sauces"}]},"featured_image_src_large":["https:\/\/sultanspices.es\/wp-content\/uploads\/2024\/02\/ProductsPIX-15-1024x1024.png",1024,1024,true],"author_info":[],"comment_info":0,"jetpack_sharing_enabled":true,"_links":{"self":[{"href":"https:\/\/sultanspices.es\/es\/wp-json\/wp\/v2\/product\/3967","targetHints":{"allow":["GET"]}}],"collection":[{"href":"https:\/\/sultanspices.es\/es\/wp-json\/wp\/v2\/product"}],"about":[{"href":"https:\/\/sultanspices.es\/es\/wp-json\/wp\/v2\/types\/product"}],"replies":[{"embeddable":true,"href":"https:\/\/sultanspices.es\/es\/wp-json\/wp\/v2\/comments?post=3967"}],"wp:featuredmedia":[{"embeddable":true,"href":"https:\/\/sultanspices.es\/es\/wp-json\/wp\/v2\/media\/4016"}],"wp:attachment":[{"href":"https:\/\/sultanspices.es\/es\/wp-json\/wp\/v2\/media?parent=3967"}],"wp:term":[{"taxonomy":"product_brand","embeddable":true,"href":"https:\/\/sultanspices.es\/es\/wp-json\/wp\/v2\/product_brand?post=3967"},{"taxonomy":"product_cat","embeddable":true,"href":"https:\/\/sultanspices.es\/es\/wp-json\/wp\/v2\/product_cat?post=3967"},{"taxonomy":"product_tag","embeddable":true,"href":"https:\/\/sultanspices.es\/es\/wp-json\/wp\/v2\/product_tag?post=3967"}],"curies":[{"name":"wp","href":"https:\/\/api.w.org\/{rel}","templated":true}]}}