{"id":3965,"date":"2024-02-12T09:13:24","date_gmt":"2024-02-12T08:13:24","guid":{"rendered":"https:\/\/sultanspices.es\/murabba-pachranga-amla-800g\/"},"modified":"2026-02-23T12:40:58","modified_gmt":"2026-02-23T11:40:58","slug":"murabba-pachranga-amla-800g","status":"publish","type":"product","link":"https:\/\/sultanspices.es\/es\/producto\/murabba-pachranga-amla-800g\/","title":{"rendered":"MURABBA PACHRANGA AMLA 800G"},"content":{"rendered":"<div class=\"flex-1 overflow-hidden\">\n<div class=\"react-scroll-to-bottom--css-qbbne-79elbk h-full\">\n<div class=\"react-scroll-to-bottom--css-qbbne-1n7m0yu\">\n<div class=\"flex flex-col pb-9 text-sm\">\n<div class=\"w-full text-token-text-primary\" data-testid=\"conversation-turn-41\">\n<div class=\"px-4 py-2 justify-center text-base md:gap-6 m-auto\">\n<div class=\"flex flex-1 text-base mx-auto gap-3 md:px-5 lg:px-1 xl:px-5 md:max-w-3xl lg:max-w-[40rem] xl:max-w-[48rem] group final-completion\">\n<div class=\"relative flex w-full flex-col lg:w-[calc(100%-115px)] agent-turn\">\n<div class=\"flex-col gap-1 md:gap-3\">\n<div class=\"flex flex-grow flex-col max-w-full\">\n<div class=\"min-h-[20px] text-message flex flex-col items-start gap-3 whitespace-pre-wrap break-words [.text-message+&amp;]:mt-5 overflow-x-auto\" data-message-author-role=\"assistant\" data-message-id=\"e71028fb-ba36-4190-a97e-b79a4ff3ae57\">\n<div class=\"markdown prose w-full break-words dark:prose-invert dark\">\n<p>Del\u00e9itese con el sabor dulce y \u00e1cido de Pachranga Amla Murabba 800 g, ahora disponible en Sultan Spices &amp; Supermarket. Este manjar tradicional de la India contiene frutos enteros de amla (grosella espinosa india) conservados en un rico sirope infusionado con especias arom\u00e1ticas, creando un delicioso manjar para sus papilas gustativas.<\/p>\n<p>El Pachranga Amla Murabba es conocido por su mezcla \u00fanica de dulzor y acidez, que lo convierte en un acompa\u00f1amiento vers\u00e1til para una gran variedad de platos. Disfr\u00fatelo como postre independiente, acomp\u00e1\u00f1elo con yogur o helado para un capricho refrescante, o incorp\u00f3relo a sus recetas favoritas para a\u00f1adir una explosi\u00f3n de sabor.<\/p>\n<p>Elaborado artesanalmente con esmero y maestr\u00eda, Pachranga Amla Murabba ofrece el sabor de la aut\u00e9ntica tradici\u00f3n culinaria india. Su generoso envase de 800 g le garantiza una gran cantidad para disfrutar y compartir con familiares y amigos.<\/p>\n<p>Experimente los ricos sabores de Pachranga Amla Murabba 800g, disponible ahora en Sultan Spices &amp; Supermarket, su principal destino online para aut\u00e9nticos productos de alimentaci\u00f3n indios en Espa\u00f1a. Disfrute del sabor dulce y \u00e1cido de este manjar tradicional y eleve sus creaciones culinarias hoy mismo.<\/p>\n<\/div>\n<\/div>\n<\/div>\n<\/div>\n<\/div>\n<\/div>\n<\/div>\n<\/div>\n<\/div>\n<\/div>\n<\/div>\n<\/div>","protected":false},"excerpt":{"rendered":"<p>Del\u00e9itese con el sabor dulce y \u00e1cido de Pachranga Amla Murabba 800 g, ahora disponible en Sultan Spices &amp; Supermarket. Esta exquisitez tradicional de la India contiene frutos enteros de amla (grosella espinosa india) conservados en un rico sirope con especias arom\u00e1ticas, creando un delicioso manjar para sus papilas gustativas. Pachranga Amla Murabba es conocido por su mezcla \u00fanica...<\/p>","protected":false},"featured_media":4018,"comment_status":"open","ping_status":"closed","template":"","meta":{"_kad_blocks_custom_css":"","_kad_blocks_head_custom_js":"","_kad_blocks_body_custom_js":"","_kad_blocks_footer_custom_js":"","_kadence_starter_templates_imported_post":false,"_kad_post_transparent":"default","_kad_post_title":"","_kad_post_layout":"default","_kad_post_sidebar_id":"","_kad_post_content_style":"default","_kad_post_vertical_padding":"default","_kad_post_feature":"","_kad_post_feature_position":"","_kad_post_header":false,"_kad_post_footer":false,"_kad_post_classname":""},"product_brand":[],"product_cat":[55,51],"product_tag":[],"class_list":{"0":"post-3965","1":"product","2":"type-product","3":"status-publish","4":"has-post-thumbnail","6":"product_cat-pastes","7":"product_cat-desserts-sweets","9":"first","10":"outofstock","11":"shipping-taxable","12":"purchasable","13":"product-type-simple","14":"entry","15":"content-bg","16":"loop-entry"},"taxonomy_info":{"product_cat":[{"value":55,"label":"Pastes, Pickles &amp; Sauces"},{"value":51,"label":"Desserts and Sweets"}]},"featured_image_src_large":["https:\/\/sultanspices.es\/wp-content\/uploads\/2024\/02\/ProductsPIX-17-1024x1024.png",1024,1024,true],"author_info":[],"comment_info":0,"jetpack_sharing_enabled":true,"_links":{"self":[{"href":"https:\/\/sultanspices.es\/es\/wp-json\/wp\/v2\/product\/3965","targetHints":{"allow":["GET"]}}],"collection":[{"href":"https:\/\/sultanspices.es\/es\/wp-json\/wp\/v2\/product"}],"about":[{"href":"https:\/\/sultanspices.es\/es\/wp-json\/wp\/v2\/types\/product"}],"replies":[{"embeddable":true,"href":"https:\/\/sultanspices.es\/es\/wp-json\/wp\/v2\/comments?post=3965"}],"wp:featuredmedia":[{"embeddable":true,"href":"https:\/\/sultanspices.es\/es\/wp-json\/wp\/v2\/media\/4018"}],"wp:attachment":[{"href":"https:\/\/sultanspices.es\/es\/wp-json\/wp\/v2\/media?parent=3965"}],"wp:term":[{"taxonomy":"product_brand","embeddable":true,"href":"https:\/\/sultanspices.es\/es\/wp-json\/wp\/v2\/product_brand?post=3965"},{"taxonomy":"product_cat","embeddable":true,"href":"https:\/\/sultanspices.es\/es\/wp-json\/wp\/v2\/product_cat?post=3965"},{"taxonomy":"product_tag","embeddable":true,"href":"https:\/\/sultanspices.es\/es\/wp-json\/wp\/v2\/product_tag?post=3965"}],"curies":[{"name":"wp","href":"https:\/\/api.w.org\/{rel}","templated":true}]}}