{"id":3964,"date":"2024-02-12T09:13:20","date_gmt":"2024-02-12T08:13:20","guid":{"rendered":"https:\/\/sultanspices.es\/mint-sauce-salsa-de-menta-2-34k\/"},"modified":"2026-02-28T00:54:43","modified_gmt":"2026-02-27T23:54:43","slug":"mint-sauce-salsa-de-menta-2-34k","status":"publish","type":"product","link":"https:\/\/sultanspices.es\/es\/producto\/mint-sauce-salsa-de-menta-2-34k\/","title":{"rendered":"SALSA DE MENTA 2.34K"},"content":{"rendered":"<div class=\"flex-1 overflow-hidden\">\n<div class=\"react-scroll-to-bottom--css-qbbne-79elbk h-full\">\n<div class=\"react-scroll-to-bottom--css-qbbne-1n7m0yu\">\n<div class=\"flex flex-col pb-9 text-sm\">\n<div class=\"w-full text-token-text-primary\" data-testid=\"conversation-turn-43\">\n<div class=\"px-4 py-2 justify-center text-base md:gap-6 m-auto\">\n<div class=\"flex flex-1 text-base mx-auto gap-3 md:px-5 lg:px-1 xl:px-5 md:max-w-3xl lg:max-w-[40rem] xl:max-w-[48rem] group final-completion\">\n<div class=\"relative flex w-full flex-col lg:w-[calc(100%-115px)] agent-turn\">\n<div class=\"flex-col gap-1 md:gap-3\">\n<div class=\"flex flex-grow flex-col max-w-full\">\n<div class=\"min-h-[20px] text-message flex flex-col items-start gap-3 whitespace-pre-wrap break-words [.text-message+&amp;]:mt-5 overflow-x-auto\" data-message-author-role=\"assistant\" data-message-id=\"1b1c0f50-59e1-41b5-8dc0-0f3a16dd5501\">\n<div class=\"markdown prose w-full break-words dark:prose-invert dark\">\n<p>Realce sus platos con el refrescante sabor de la Salsa de Menta 2,34 kg, ahora disponible en Sultan Spices &amp; Supermarket. Este vers\u00e1til condimento se elabora con hojas de menta fresca, mezcladas expertamente con vinagre y especias para crear una salsa \u00e1cida y arom\u00e1tica que complementa una gran variedad de platos.<\/p>\n<p>Perfecta para acompa\u00f1ar platos salados como cordero asado, verduras a la parrilla o kebabs, la salsa de menta a\u00f1ade un toque de frescor y sabor a cada bocado. Sus propiedades refrescantes la convierten en el acompa\u00f1amiento ideal de platos picantes, equilibrando el calor con su sabor refrescante.<\/p>\n<p>Las hojas de menta se seleccionan cuidadosamente para asegurar la m\u00e1xima calidad y frescura, garantizando una experiencia de sabor superior. Con un generoso envase de 2,34 kg, tendr\u00e1 un amplio suministro de salsa de menta para elevar sus creaciones culinarias.<\/p>\n<p>Experimenta el sabor de la Salsa de Menta 2.34kg, disponible ahora en Sultan Spices &amp; Supermarket, tu tienda online de confianza para condimentos de calidad en Espa\u00f1a. A\u00f1ade un toque de frescura a tus comidas y deleita tu paladar con los vibrantes sabores de la menta.<\/p>\n<\/div>\n<\/div>\n<\/div>\n<\/div>\n<\/div>\n<\/div>\n<\/div>\n<\/div>\n<\/div>\n<\/div>\n<\/div>\n<\/div>","protected":false},"excerpt":{"rendered":"<p>Realce sus platos con el refrescante sabor de la Salsa de Menta 2,34 kg, ahora disponible en Sultan Spices &amp; Supermarket. Este vers\u00e1til condimento se elabora con hojas de menta fresca, mezcladas expertamente con vinagre y especias para crear una salsa \u00e1cida y arom\u00e1tica que complementa una gran variedad de platos. Perfecta para acompa\u00f1ar platos salados...<\/p>","protected":false},"featured_media":4021,"comment_status":"open","ping_status":"closed","template":"","meta":{"_kad_blocks_custom_css":"","_kad_blocks_head_custom_js":"","_kad_blocks_body_custom_js":"","_kad_blocks_footer_custom_js":"","_kadence_starter_templates_imported_post":false,"_kad_post_transparent":"default","_kad_post_title":"","_kad_post_layout":"default","_kad_post_sidebar_id":"","_kad_post_content_style":"default","_kad_post_vertical_padding":"default","_kad_post_feature":"","_kad_post_feature_position":"","_kad_post_header":false,"_kad_post_footer":false,"_kad_post_classname":""},"product_brand":[],"product_cat":[55],"product_tag":[],"class_list":{"0":"post-3964","1":"product","2":"type-product","3":"status-publish","4":"has-post-thumbnail","6":"product_cat-pastes","8":"first","9":"instock","10":"shipping-taxable","11":"purchasable","12":"product-type-simple","13":"entry","14":"content-bg","15":"loop-entry"},"taxonomy_info":{"product_cat":[{"value":55,"label":"Pastes, Pickles &amp; Sauces"}]},"featured_image_src_large":["https:\/\/sultanspices.es\/wp-content\/uploads\/2024\/02\/ProductsPIX-19-1024x1024.png",1024,1024,true],"author_info":[],"comment_info":0,"jetpack_sharing_enabled":true,"_links":{"self":[{"href":"https:\/\/sultanspices.es\/es\/wp-json\/wp\/v2\/product\/3964","targetHints":{"allow":["GET"]}}],"collection":[{"href":"https:\/\/sultanspices.es\/es\/wp-json\/wp\/v2\/product"}],"about":[{"href":"https:\/\/sultanspices.es\/es\/wp-json\/wp\/v2\/types\/product"}],"replies":[{"embeddable":true,"href":"https:\/\/sultanspices.es\/es\/wp-json\/wp\/v2\/comments?post=3964"}],"wp:featuredmedia":[{"embeddable":true,"href":"https:\/\/sultanspices.es\/es\/wp-json\/wp\/v2\/media\/4021"}],"wp:attachment":[{"href":"https:\/\/sultanspices.es\/es\/wp-json\/wp\/v2\/media?parent=3964"}],"wp:term":[{"taxonomy":"product_brand","embeddable":true,"href":"https:\/\/sultanspices.es\/es\/wp-json\/wp\/v2\/product_brand?post=3964"},{"taxonomy":"product_cat","embeddable":true,"href":"https:\/\/sultanspices.es\/es\/wp-json\/wp\/v2\/product_cat?post=3964"},{"taxonomy":"product_tag","embeddable":true,"href":"https:\/\/sultanspices.es\/es\/wp-json\/wp\/v2\/product_tag?post=3964"}],"curies":[{"name":"wp","href":"https:\/\/api.w.org\/{rel}","templated":true}]}}