{"id":3962,"date":"2024-02-12T09:13:14","date_gmt":"2024-02-12T08:13:14","guid":{"rendered":"https:\/\/sultanspices.es\/mdh-chunky-chaat-masala-100g\/"},"modified":"2026-04-02T13:33:56","modified_gmt":"2026-04-02T11:33:56","slug":"mdh-chunky-chaat-masala-100g","status":"publish","type":"product","link":"https:\/\/sultanspices.es\/es\/producto\/mdh-chunky-chaat-masala-100g\/","title":{"rendered":"MDH CHUNKY CHAAT MASALA 100G"},"content":{"rendered":"<div class=\"flex-1 overflow-hidden\">\n<div class=\"react-scroll-to-bottom--css-qbbne-79elbk h-full\">\n<div class=\"react-scroll-to-bottom--css-qbbne-1n7m0yu\">\n<div class=\"flex flex-col pb-9 text-sm\">\n<div class=\"w-full text-token-text-primary\" data-testid=\"conversation-turn-47\">\n<div class=\"px-4 py-2 justify-center text-base md:gap-6 m-auto\">\n<div class=\"flex flex-1 text-base mx-auto gap-3 md:px-5 lg:px-1 xl:px-5 md:max-w-3xl lg:max-w-[40rem] xl:max-w-[48rem] group final-completion\">\n<div class=\"relative flex w-full flex-col lg:w-[calc(100%-115px)] agent-turn\">\n<div class=\"flex-col gap-1 md:gap-3\">\n<div class=\"flex flex-grow flex-col max-w-full\">\n<div class=\"min-h-[20px] text-message flex flex-col items-start gap-3 whitespace-pre-wrap break-words [.text-message+&amp;]:mt-5 overflow-x-auto\" data-message-author-role=\"assistant\" data-message-id=\"2d98ae70-5d08-4726-b16d-103abda6e488\">\n<div class=\"markdown prose w-full break-words dark:prose-invert dark\">\n<p>Eleve sus creaciones culinarias con MDH Chunky Chaat Masala 100g, ahora disponible en Sultan Spices &amp; Supermarket. Esta ic\u00f3nica mezcla de especias a\u00f1ade una explosi\u00f3n de sabor a sus platos, realzando su sabor con su perfil \u00e1cido y arom\u00e1tico.<\/p>\n<p>MDH Chunky Chaat Masala se elabora meticulosamente a partir de una mezcla de especias de primera calidad, como comino, cilantro, sal negra y mango seco en polvo, entre otras. Su textura \u00fanica, con gr\u00e1nulos gruesos, garantiza que cada bocado est\u00e9 repleto de sabor y a\u00f1ade un delicioso toque crujiente a sus platos.<\/p>\n<p>Perfecto para espolvorear sobre frutas, ensaladas, aperitivos o platos callejeros favoritos como chaats y golgappas, MDH Chunky Chaat Masala transforma platos ordinarios en extraordinarias delicias culinarias. Su versatilidad lo convierte en un condimento imprescindible en cualquier cocina.<\/p>\n<p>Experimenta el aut\u00e9ntico sabor de la comida callejera india con MDH Chunky Chaat Masala 100g, disponible ahora en Especias y Supermercados Sult\u00e1n, tu destino online de confianza para comprar aut\u00e9nticas especias indias en Espa\u00f1a. A\u00f1ade un toque de sabor a tus platos y deleita tu paladar con MDH Chunky Chaat Masala.<\/p>\n<\/div>\n<\/div>\n<\/div>\n<\/div>\n<\/div>\n<\/div>\n<\/div>\n<\/div>\n<\/div>\n<\/div>\n<\/div>\n<\/div>","protected":false},"excerpt":{"rendered":"<p>Eleve sus creaciones culinarias con MDH Chunky Chaat Masala 100g, ahora disponible en Sultan Spices &amp; Supermarket. Esta ic\u00f3nica mezcla de especias a\u00f1ade una explosi\u00f3n de sabor a sus platos, realzando su sabor con su perfil \u00e1cido y arom\u00e1tico. MDH Chunky Chaat Masala se elabora meticulosamente a partir de una mezcla de especias de primera calidad,...<\/p>","protected":false},"featured_media":4022,"comment_status":"open","ping_status":"closed","template":"","meta":{"_kad_blocks_custom_css":"","_kad_blocks_head_custom_js":"","_kad_blocks_body_custom_js":"","_kad_blocks_footer_custom_js":"","_kadence_starter_templates_imported_post":false,"_kad_post_transparent":"default","_kad_post_title":"","_kad_post_layout":"default","_kad_post_sidebar_id":"","_kad_post_content_style":"default","_kad_post_vertical_padding":"default","_kad_post_feature":"","_kad_post_feature_position":"","_kad_post_header":false,"_kad_post_footer":false,"_kad_post_classname":""},"product_brand":[],"product_cat":[49],"product_tag":[],"class_list":{"0":"post-3962","1":"product","2":"type-product","3":"status-publish","4":"has-post-thumbnail","6":"product_cat-mix-spices-seasoning","8":"first","9":"instock","10":"shipping-taxable","11":"purchasable","12":"product-type-simple","13":"entry","14":"content-bg","15":"loop-entry"},"taxonomy_info":{"product_cat":[{"value":49,"label":"Mix Spices &amp; Seasoning"}]},"featured_image_src_large":["https:\/\/sultanspices.es\/wp-content\/uploads\/2024\/02\/ProductsPIX-20-1024x1024.png",1024,1024,true],"author_info":[],"comment_info":0,"jetpack_sharing_enabled":true,"_links":{"self":[{"href":"https:\/\/sultanspices.es\/es\/wp-json\/wp\/v2\/product\/3962","targetHints":{"allow":["GET"]}}],"collection":[{"href":"https:\/\/sultanspices.es\/es\/wp-json\/wp\/v2\/product"}],"about":[{"href":"https:\/\/sultanspices.es\/es\/wp-json\/wp\/v2\/types\/product"}],"replies":[{"embeddable":true,"href":"https:\/\/sultanspices.es\/es\/wp-json\/wp\/v2\/comments?post=3962"}],"wp:featuredmedia":[{"embeddable":true,"href":"https:\/\/sultanspices.es\/es\/wp-json\/wp\/v2\/media\/4022"}],"wp:attachment":[{"href":"https:\/\/sultanspices.es\/es\/wp-json\/wp\/v2\/media?parent=3962"}],"wp:term":[{"taxonomy":"product_brand","embeddable":true,"href":"https:\/\/sultanspices.es\/es\/wp-json\/wp\/v2\/product_brand?post=3962"},{"taxonomy":"product_cat","embeddable":true,"href":"https:\/\/sultanspices.es\/es\/wp-json\/wp\/v2\/product_cat?post=3962"},{"taxonomy":"product_tag","embeddable":true,"href":"https:\/\/sultanspices.es\/es\/wp-json\/wp\/v2\/product_tag?post=3962"}],"curies":[{"name":"wp","href":"https:\/\/api.w.org\/{rel}","templated":true}]}}