{"id":3961,"date":"2024-02-12T09:13:10","date_gmt":"2024-02-12T08:13:10","guid":{"rendered":"https:\/\/sultanspices.es\/laila-light-medium-atta-20kg\/"},"modified":"2026-02-23T12:40:52","modified_gmt":"2026-02-23T11:40:52","slug":"laila-light-medium-atta-20kg","status":"publish","type":"product","link":"https:\/\/sultanspices.es\/es\/producto\/laila-ligera-media-atta-20kg\/","title":{"rendered":"LAILA LIGHT MEDIUM ATTA 20KG"},"content":{"rendered":"<div class=\"flex-1 overflow-hidden\">\n<div class=\"react-scroll-to-bottom--css-qbbne-79elbk h-full\">\n<div class=\"react-scroll-to-bottom--css-qbbne-1n7m0yu\">\n<div class=\"flex flex-col pb-9 text-sm\">\n<div class=\"w-full text-token-text-primary\" data-testid=\"conversation-turn-49\">\n<div class=\"px-4 py-2 justify-center text-base md:gap-6 m-auto\">\n<div class=\"flex flex-1 text-base mx-auto gap-3 md:px-5 lg:px-1 xl:px-5 md:max-w-3xl lg:max-w-[40rem] xl:max-w-[48rem] group final-completion\">\n<div class=\"relative flex w-full flex-col lg:w-[calc(100%-115px)] agent-turn\">\n<div class=\"flex-col gap-1 md:gap-3\">\n<div class=\"flex flex-grow flex-col max-w-full\">\n<div class=\"min-h-[20px] text-message flex flex-col items-start gap-3 whitespace-pre-wrap break-words [.text-message+&amp;]:mt-5 overflow-x-auto\" data-message-author-role=\"assistant\" data-message-id=\"edb99dd3-2310-4850-91cc-603d48f7af9c\">\n<div class=\"markdown prose w-full break-words dark:prose-invert dark\">\n<p>Descubra el secreto de unos rotis esponjosos y deliciosos con Laila Light Medium Atta 20kg, ahora disponible en Sultan Spices &amp; Supermarket. Esta harina de trigo integral de primera calidad se muele meticulosamente a la perfecci\u00f3n, garantizando una textura y un sabor superiores en cada bocado.<\/p>\n<p>Laila Light Medium Atta es famosa por su fina consistencia y su alto contenido en fibra, lo que la convierte en la opci\u00f3n ideal para elaborar rotis, chapatis y pan suaves y nutritivos. Tanto si es un chef experimentado como un cocinero principiante, apreciar\u00e1 la facilidad de uso y los excelentes resultados que proporciona esta harina.<\/p>\n<p>Con su envase de 20 kg, Laila Light Medium Atta es perfecta para hogares, restaurantes y empresas de catering. Abast\u00e9zcase de esta harina vers\u00e1til y disfrute de la comodidad de tener a mano un ingrediente b\u00e1sico para todas sus necesidades de reposter\u00eda.<\/p>\n<p>Experimente la diferencia que la harina de calidad puede marcar en su cocina con Laila Light Medium Atta 20kg, disponible ahora en Sultan Spices &amp; Supermarket, su tienda online de confianza para aut\u00e9nticos productos indios en Espa\u00f1a. Mejore sus creaciones culinarias con los mejores ingredientes.<\/p>\n<\/div>\n<\/div>\n<\/div>\n<\/div>\n<\/div>\n<\/div>\n<\/div>\n<\/div>\n<\/div>\n<\/div>\n<\/div>\n<\/div>","protected":false},"excerpt":{"rendered":"<p>Descubra el secreto de unos rotis esponjosos y deliciosos con Laila Light Medium Atta 20kg, ahora disponible en Sultan Spices &amp; Supermarket. Esta harina integral de trigo de primera calidad se muele meticulosamente a la perfecci\u00f3n, garantizando una textura y un sabor superiores en cada bocado. Laila Light Medium Atta es famosa por su fina consistencia y su alto contenido en fibra,...<\/p>","protected":false},"featured_media":4024,"comment_status":"open","ping_status":"closed","template":"","meta":{"_kad_blocks_custom_css":"","_kad_blocks_head_custom_js":"","_kad_blocks_body_custom_js":"","_kad_blocks_footer_custom_js":"","_kadence_starter_templates_imported_post":false,"_kad_post_transparent":"default","_kad_post_title":"","_kad_post_layout":"default","_kad_post_sidebar_id":"","_kad_post_content_style":"default","_kad_post_vertical_padding":"default","_kad_post_feature":"","_kad_post_feature_position":"","_kad_post_header":false,"_kad_post_footer":false,"_kad_post_classname":""},"product_brand":[],"product_cat":[52],"product_tag":[],"class_list":{"0":"post-3961","1":"product","2":"type-product","3":"status-publish","4":"has-post-thumbnail","6":"product_cat-flour","8":"first","9":"instock","10":"shipping-taxable","11":"purchasable","12":"product-type-simple","13":"entry","14":"content-bg","15":"loop-entry"},"taxonomy_info":{"product_cat":[{"value":52,"label":"Flour"}]},"featured_image_src_large":["https:\/\/sultanspices.es\/wp-content\/uploads\/2024\/02\/ProductsPIX-21-1024x1024.png",1024,1024,true],"author_info":[],"comment_info":0,"jetpack_sharing_enabled":true,"_links":{"self":[{"href":"https:\/\/sultanspices.es\/es\/wp-json\/wp\/v2\/product\/3961","targetHints":{"allow":["GET"]}}],"collection":[{"href":"https:\/\/sultanspices.es\/es\/wp-json\/wp\/v2\/product"}],"about":[{"href":"https:\/\/sultanspices.es\/es\/wp-json\/wp\/v2\/types\/product"}],"replies":[{"embeddable":true,"href":"https:\/\/sultanspices.es\/es\/wp-json\/wp\/v2\/comments?post=3961"}],"wp:featuredmedia":[{"embeddable":true,"href":"https:\/\/sultanspices.es\/es\/wp-json\/wp\/v2\/media\/4024"}],"wp:attachment":[{"href":"https:\/\/sultanspices.es\/es\/wp-json\/wp\/v2\/media?parent=3961"}],"wp:term":[{"taxonomy":"product_brand","embeddable":true,"href":"https:\/\/sultanspices.es\/es\/wp-json\/wp\/v2\/product_brand?post=3961"},{"taxonomy":"product_cat","embeddable":true,"href":"https:\/\/sultanspices.es\/es\/wp-json\/wp\/v2\/product_cat?post=3961"},{"taxonomy":"product_tag","embeddable":true,"href":"https:\/\/sultanspices.es\/es\/wp-json\/wp\/v2\/product_tag?post=3961"}],"curies":[{"name":"wp","href":"https:\/\/api.w.org\/{rel}","templated":true}]}}