{"id":3959,"date":"2024-02-12T09:13:04","date_gmt":"2024-02-12T08:13:04","guid":{"rendered":"https:\/\/sultanspices.es\/kurkure-naughty-tomato-75g\/"},"modified":"2026-04-05T10:13:41","modified_gmt":"2026-04-05T08:13:41","slug":"kurkure-naughty-tomato-75g","status":"publish","type":"product","link":"https:\/\/sultanspices.es\/es\/producto\/kurkure-naughty-tomato-75g\/","title":{"rendered":"KURKURE TOMATE TRAVIESO 75G"},"content":{"rendered":"<div class=\"flex-1 overflow-hidden\">\n<div class=\"react-scroll-to-bottom--css-qbbne-79elbk h-full\">\n<div class=\"react-scroll-to-bottom--css-qbbne-1n7m0yu\">\n<div class=\"flex flex-col pb-9 text-sm\">\n<div class=\"w-full text-token-text-primary\" data-testid=\"conversation-turn-53\">\n<div class=\"px-4 py-2 justify-center text-base md:gap-6 m-auto\">\n<div class=\"flex flex-1 text-base mx-auto gap-3 md:px-5 lg:px-1 xl:px-5 md:max-w-3xl lg:max-w-[40rem] xl:max-w-[48rem] group final-completion\">\n<div class=\"relative flex w-full flex-col lg:w-[calc(100%-115px)] agent-turn\">\n<div class=\"flex-col gap-1 md:gap-3\">\n<div class=\"flex flex-grow flex-col max-w-full\">\n<div class=\"min-h-[20px] text-message flex flex-col items-start gap-3 whitespace-pre-wrap break-words [.text-message+&amp;]:mt-5 overflow-x-auto\" data-message-author-role=\"assistant\" data-message-id=\"957e7244-7bff-4413-83fe-08024f6f1005\">\n<div class=\"markdown prose w-full break-words dark:prose-invert dark\">\n<p>Experimente la juguetona acidez de Kurkure Naughty Tomato 75g, ahora disponible en Sultan Spices &amp; Supermarket. Estos crujientes snacks rebosan del intenso sabor de los tomates maduros, creando una delicia adictiva para cualquier ocasi\u00f3n.<\/p>\n<p>Kurkure Naughty Tomato presenta una mezcla \u00fanica de especias y un sabroso sabor a tomate, combinado con el gratificante crujido del ma\u00edz frito y el arroz. Cada bocado ofrece una tentadora mezcla de acidez y especias, lo que lo convierte en el tentempi\u00e9 perfecto para aquellos que disfrutan de un poco de travesura con sus bocadillos.<\/p>\n<p>Tanto si est\u00e1s descansando en casa, como si necesitas un tentempi\u00e9 r\u00e1pido para llevar o eres el anfitri\u00f3n de una fiesta, Kurkure Tomate P\u00edcaro a\u00f1adir\u00e1 una explosi\u00f3n de sabor a tu d\u00eda. Su c\u00f3modo envase de 75 g permite disfrutarlo en cualquier momento y lugar.<\/p>\n<p>Abrace el sabor atrevido y picante de Kurkure Naughty Tomato 75g, disponible ahora en Sultan Spices &amp; Supermarket, su fuente online de confianza para aut\u00e9nticos aperitivos indios en Espa\u00f1a. Disfrute de un aperitivo que es a la vez travieso y bueno, y deje que la diversi\u00f3n comience con cada bocado crujiente.<\/p>\n<\/div>\n<\/div>\n<\/div>\n<\/div>\n<\/div>\n<\/div>\n<\/div>\n<\/div>\n<\/div>\n<\/div>\n<\/div>\n<\/div>","protected":false},"excerpt":{"rendered":"<p>Experimente la juguetona acidez de Kurkure Naughty Tomato 75g, ahora disponible en Sultan Spices &amp; Supermarket. Estos crujientes snacks rebosan del intenso sabor de los tomates maduros, creando una delicia adictiva para cualquier ocasi\u00f3n. Kurkure Naughty Tomato presenta una mezcla \u00fanica de especias y sabroso sabor a tomate, combinado con el crujiente...<\/p>","protected":false},"featured_media":4029,"comment_status":"open","ping_status":"closed","template":"","meta":{"_kad_blocks_custom_css":"","_kad_blocks_head_custom_js":"","_kad_blocks_body_custom_js":"","_kad_blocks_footer_custom_js":"","_kadence_starter_templates_imported_post":false,"_kad_post_transparent":"default","_kad_post_title":"","_kad_post_layout":"default","_kad_post_sidebar_id":"","_kad_post_content_style":"default","_kad_post_vertical_padding":"default","_kad_post_feature":"","_kad_post_feature_position":"","_kad_post_header":false,"_kad_post_footer":false,"_kad_post_classname":""},"product_brand":[],"product_cat":[56],"product_tag":[],"class_list":{"0":"post-3959","1":"product","2":"type-product","3":"status-publish","4":"has-post-thumbnail","6":"product_cat-indian-snacks","8":"first","9":"instock","10":"shipping-taxable","11":"purchasable","12":"product-type-simple","13":"entry","14":"content-bg","15":"loop-entry"},"taxonomy_info":{"product_cat":[{"value":56,"label":"Snacks"}]},"featured_image_src_large":["https:\/\/sultanspices.es\/wp-content\/uploads\/2024\/02\/ProductsPIX-23-1024x1024.png",1024,1024,true],"author_info":[],"comment_info":0,"jetpack_sharing_enabled":true,"_links":{"self":[{"href":"https:\/\/sultanspices.es\/es\/wp-json\/wp\/v2\/product\/3959","targetHints":{"allow":["GET"]}}],"collection":[{"href":"https:\/\/sultanspices.es\/es\/wp-json\/wp\/v2\/product"}],"about":[{"href":"https:\/\/sultanspices.es\/es\/wp-json\/wp\/v2\/types\/product"}],"replies":[{"embeddable":true,"href":"https:\/\/sultanspices.es\/es\/wp-json\/wp\/v2\/comments?post=3959"}],"wp:featuredmedia":[{"embeddable":true,"href":"https:\/\/sultanspices.es\/es\/wp-json\/wp\/v2\/media\/4029"}],"wp:attachment":[{"href":"https:\/\/sultanspices.es\/es\/wp-json\/wp\/v2\/media?parent=3959"}],"wp:term":[{"taxonomy":"product_brand","embeddable":true,"href":"https:\/\/sultanspices.es\/es\/wp-json\/wp\/v2\/product_brand?post=3959"},{"taxonomy":"product_cat","embeddable":true,"href":"https:\/\/sultanspices.es\/es\/wp-json\/wp\/v2\/product_cat?post=3959"},{"taxonomy":"product_tag","embeddable":true,"href":"https:\/\/sultanspices.es\/es\/wp-json\/wp\/v2\/product_tag?post=3959"}],"curies":[{"name":"wp","href":"https:\/\/api.w.org\/{rel}","templated":true}]}}