{"id":3957,"date":"2024-02-12T09:12:58","date_gmt":"2024-02-12T08:12:58","guid":{"rendered":"https:\/\/sultanspices.es\/kolson-slanty-vegetable-60g\/"},"modified":"2026-02-23T12:40:52","modified_gmt":"2026-02-23T11:40:52","slug":"kolson-slanty-vegetable-60g","status":"publish","type":"product","link":"https:\/\/sultanspices.es\/es\/producto\/kolson-slanty-vegetal-60g\/","title":{"rendered":"KOLSON SLANTY VEGETAL 60G"},"content":{"rendered":"<div class=\"flex-1 overflow-hidden\">\n<div class=\"react-scroll-to-bottom--css-qbbne-79elbk h-full\">\n<div class=\"react-scroll-to-bottom--css-qbbne-1n7m0yu\">\n<div class=\"flex flex-col pb-9 text-sm\">\n<div class=\"w-full text-token-text-primary\" data-testid=\"conversation-turn-57\">\n<div class=\"px-4 py-2 justify-center text-base md:gap-6 m-auto\">\n<div class=\"flex flex-1 text-base mx-auto gap-3 md:px-5 lg:px-1 xl:px-5 md:max-w-3xl lg:max-w-[40rem] xl:max-w-[48rem] group final-completion\">\n<div class=\"relative flex w-full flex-col lg:w-[calc(100%-115px)] agent-turn\">\n<div class=\"flex-col gap-1 md:gap-3\">\n<div class=\"flex flex-grow flex-col max-w-full\">\n<div class=\"min-h-[20px] text-message flex flex-col items-start gap-3 whitespace-pre-wrap break-words [.text-message+&amp;]:mt-5 overflow-x-auto\" data-message-author-role=\"assistant\" data-message-id=\"e789f7f7-008f-48fa-8dbf-7a2af53c1320\">\n<div class=\"markdown prose w-full break-words dark:prose-invert dark\">\n<p>Disfrute de las delicias crujientes de Kolson Slanty Vegetable 60g, ya disponible en Sultan Spices &amp; Supermarket. Estos sabrosos aperitivos ofrecen un toque delicioso con los sabores de las verduras frescas, lo que los convierte en un bocado sabroso y satisfactorio para cualquier momento de la merienda.<\/p>\n<p>Kolson Slanty Vegetable es un snack crujiente e inclinado elaborado con ingredientes de la mejor calidad, como harina de ma\u00edz y extractos vegetales. Cada bocado est\u00e1 lleno de la bondad saludable de las verduras, la entrega de una explosi\u00f3n de sabor y textura en cada crujido.<\/p>\n<p>Perfecto para picar en cualquier lugar, disfrutar durante noches de cine, o servir como una opci\u00f3n de aperitivo divertido para reuniones, Kolson Slanty Vegetable es seguro que ser\u00e1 un \u00e9xito entre los entusiastas de aperitivos de todas las edades. Su c\u00f3modo envase de 60 g hace que sea f\u00e1cil de llevar y compartir all\u00e1 donde vayas.<\/p>\n<p>Experimenta la deliciosa fusi\u00f3n de snacks crujientes y verduras con Kolson Slanty Vegetable 60g, ya disponible en Sultan Spices &amp; Supermarket, tu destino online de confianza para aut\u00e9nticos snacks en Espa\u00f1a. Disfrute de un sabroso aperitivo que es a la vez divertido y satisfactorio.<\/p>\n<\/div>\n<\/div>\n<\/div>\n<\/div>\n<\/div>\n<\/div>\n<\/div>\n<\/div>\n<\/div>\n<\/div>\n<\/div>\n<\/div>","protected":false},"excerpt":{"rendered":"<p>Disfrute de las delicias crujientes de Kolson Slanty Vegetable 60g, ya disponible en Sultan Spices &amp; Supermarket. Estos sabrosos snacks ofrecen un delicioso toque con los sabores de las verduras frescas, convirti\u00e9ndolos en un sabroso y satisfactorio capricho para cualquier momento de la merienda. Kolson Slanty Vegetable son unos snacks crujientes y sesgados elaborados con ingredientes de la mejor calidad,...<\/p>","protected":false},"featured_media":4033,"comment_status":"open","ping_status":"closed","template":"","meta":{"_kad_blocks_custom_css":"","_kad_blocks_head_custom_js":"","_kad_blocks_body_custom_js":"","_kad_blocks_footer_custom_js":"","_kadence_starter_templates_imported_post":false,"_kad_post_transparent":"default","_kad_post_title":"","_kad_post_layout":"default","_kad_post_sidebar_id":"","_kad_post_content_style":"default","_kad_post_vertical_padding":"default","_kad_post_feature":"","_kad_post_feature_position":"","_kad_post_header":false,"_kad_post_footer":false,"_kad_post_classname":""},"product_brand":[],"product_cat":[56],"product_tag":[],"class_list":{"0":"post-3957","1":"product","2":"type-product","3":"status-publish","4":"has-post-thumbnail","6":"product_cat-indian-snacks","8":"first","9":"instock","10":"shipping-taxable","11":"purchasable","12":"product-type-simple","13":"entry","14":"content-bg","15":"loop-entry"},"taxonomy_info":{"product_cat":[{"value":56,"label":"Snacks"}]},"featured_image_src_large":["https:\/\/sultanspices.es\/wp-content\/uploads\/2024\/02\/ProductsPIX-25-1024x1024.png",1024,1024,true],"author_info":[],"comment_info":0,"jetpack_sharing_enabled":true,"_links":{"self":[{"href":"https:\/\/sultanspices.es\/es\/wp-json\/wp\/v2\/product\/3957","targetHints":{"allow":["GET"]}}],"collection":[{"href":"https:\/\/sultanspices.es\/es\/wp-json\/wp\/v2\/product"}],"about":[{"href":"https:\/\/sultanspices.es\/es\/wp-json\/wp\/v2\/types\/product"}],"replies":[{"embeddable":true,"href":"https:\/\/sultanspices.es\/es\/wp-json\/wp\/v2\/comments?post=3957"}],"wp:featuredmedia":[{"embeddable":true,"href":"https:\/\/sultanspices.es\/es\/wp-json\/wp\/v2\/media\/4033"}],"wp:attachment":[{"href":"https:\/\/sultanspices.es\/es\/wp-json\/wp\/v2\/media?parent=3957"}],"wp:term":[{"taxonomy":"product_brand","embeddable":true,"href":"https:\/\/sultanspices.es\/es\/wp-json\/wp\/v2\/product_brand?post=3957"},{"taxonomy":"product_cat","embeddable":true,"href":"https:\/\/sultanspices.es\/es\/wp-json\/wp\/v2\/product_cat?post=3957"},{"taxonomy":"product_tag","embeddable":true,"href":"https:\/\/sultanspices.es\/es\/wp-json\/wp\/v2\/product_tag?post=3957"}],"curies":[{"name":"wp","href":"https:\/\/api.w.org\/{rel}","templated":true}]}}