{"id":3956,"date":"2024-02-12T09:12:56","date_gmt":"2024-02-12T08:12:56","guid":{"rendered":"https:\/\/sultanspices.es\/kolson-slanty-salted-60g\/"},"modified":"2026-02-23T12:40:51","modified_gmt":"2026-02-23T11:40:51","slug":"kolson-slanty-salted-60g","status":"publish","type":"product","link":"https:\/\/sultanspices.es\/es\/producto\/kolson-slanty-salado-60g\/","title":{"rendered":"KOLSON SLANTY SALADO 60G"},"content":{"rendered":"<div class=\"flex-1 overflow-hidden\">\n<div class=\"react-scroll-to-bottom--css-qbbne-79elbk h-full\">\n<div class=\"react-scroll-to-bottom--css-qbbne-1n7m0yu\">\n<div class=\"flex flex-col pb-9 text-sm\">\n<div class=\"w-full text-token-text-primary\" data-testid=\"conversation-turn-59\">\n<div class=\"px-4 py-2 justify-center text-base md:gap-6 m-auto\">\n<div class=\"flex flex-1 text-base mx-auto gap-3 md:px-5 lg:px-1 xl:px-5 md:max-w-3xl lg:max-w-[40rem] xl:max-w-[48rem] group final-completion\">\n<div class=\"relative flex w-full flex-col lg:w-[calc(100%-115px)] agent-turn\">\n<div class=\"flex-col gap-1 md:gap-3\">\n<div class=\"flex flex-grow flex-col max-w-full\">\n<div class=\"min-h-[20px] text-message flex flex-col items-start gap-3 whitespace-pre-wrap break-words [.text-message+&amp;]:mt-5 overflow-x-auto\" data-message-author-role=\"assistant\" data-message-id=\"4d43ff6b-5ca9-4ea2-8aa9-6ba237e9c29f\">\n<div class=\"markdown prose w-full break-words dark:prose-invert dark\">\n<p>Del\u00e9itese con el delicioso crujido de Kolson Slanty Salted 60g, ahora disponible en Sultan Spices &amp; Supermarket. Estos sabrosos aperitivos est\u00e1n sazonados con la cantidad justa de sal, lo que los convierte en un capricho perfecto para satisfacer sus antojos de aperitivos en cualquier momento y lugar.<\/p>\n<p>Kolson Slanty Salted presenta unos snacks inclinados y crujientes elaborados con ingredientes de primera calidad, incluida harina de ma\u00edz, cuidadosamente sazonados a la perfecci\u00f3n con sal. Cada bocado ofrece un delicioso equilibrio de sabor sabroso y crujiente satisfactorio, por lo que es uno de los favoritos entre los entusiastas de los aperitivos.<\/p>\n<p>Tanto si est\u00e1s disfrutando de una noche de cine en casa, como si necesitas un tentempi\u00e9 r\u00e1pido en el trabajo o eres el anfitri\u00f3n de una reuni\u00f3n con amigos, Kolson Slanty Salted es el tentempi\u00e9 perfecto. Su pr\u00e1ctico envase de 60 g te permite disfrutar de su delicioso sabor sobre la marcha.<\/p>\n<p>Experimenta el simple placer de picar algo con Kolson Slanty Salted 60g, ya disponible en Sultan Spices &amp; Supermarket, tu tienda online de confianza para aut\u00e9nticos aperitivos en Espa\u00f1a. Del\u00e9itese con una delicia salada que seguro satisfar\u00e1 sus antojos.<\/p>\n<\/div>\n<\/div>\n<\/div>\n<\/div>\n<\/div>\n<\/div>\n<\/div>\n<\/div>\n<\/div>\n<\/div>\n<\/div>\n<\/div>","protected":false},"excerpt":{"rendered":"<p>Del\u00e9itese con el delicioso crujido de Kolson Slanty Salted 60g, ahora disponible en Sultan Spices &amp; Supermarket. Estos sabrosos aperitivos est\u00e1n sazonados con la cantidad justa de sal, lo que los convierte en un capricho perfecto para satisfacer sus antojos de aperitivos en cualquier momento y lugar. Kolson Slanty Salted presenta unos snacks inclinados y crujientes elaborados con ingredientes de primera calidad,...<\/p>","protected":false},"featured_media":4034,"comment_status":"open","ping_status":"closed","template":"","meta":{"_kad_blocks_custom_css":"","_kad_blocks_head_custom_js":"","_kad_blocks_body_custom_js":"","_kad_blocks_footer_custom_js":"","_kadence_starter_templates_imported_post":false,"_kad_post_transparent":"default","_kad_post_title":"","_kad_post_layout":"default","_kad_post_sidebar_id":"","_kad_post_content_style":"default","_kad_post_vertical_padding":"default","_kad_post_feature":"","_kad_post_feature_position":"","_kad_post_header":false,"_kad_post_footer":false,"_kad_post_classname":""},"product_brand":[],"product_cat":[56],"product_tag":[],"class_list":{"0":"post-3956","1":"product","2":"type-product","3":"status-publish","4":"has-post-thumbnail","6":"product_cat-indian-snacks","8":"first","9":"outofstock","10":"shipping-taxable","11":"purchasable","12":"product-type-simple","13":"entry","14":"content-bg","15":"loop-entry"},"taxonomy_info":{"product_cat":[{"value":56,"label":"Snacks"}]},"featured_image_src_large":["https:\/\/sultanspices.es\/wp-content\/uploads\/2024\/02\/ProductsPIX-26-1024x1024.png",1024,1024,true],"author_info":[],"comment_info":1,"jetpack_sharing_enabled":true,"_links":{"self":[{"href":"https:\/\/sultanspices.es\/es\/wp-json\/wp\/v2\/product\/3956","targetHints":{"allow":["GET"]}}],"collection":[{"href":"https:\/\/sultanspices.es\/es\/wp-json\/wp\/v2\/product"}],"about":[{"href":"https:\/\/sultanspices.es\/es\/wp-json\/wp\/v2\/types\/product"}],"replies":[{"embeddable":true,"href":"https:\/\/sultanspices.es\/es\/wp-json\/wp\/v2\/comments?post=3956"}],"wp:featuredmedia":[{"embeddable":true,"href":"https:\/\/sultanspices.es\/es\/wp-json\/wp\/v2\/media\/4034"}],"wp:attachment":[{"href":"https:\/\/sultanspices.es\/es\/wp-json\/wp\/v2\/media?parent=3956"}],"wp:term":[{"taxonomy":"product_brand","embeddable":true,"href":"https:\/\/sultanspices.es\/es\/wp-json\/wp\/v2\/product_brand?post=3956"},{"taxonomy":"product_cat","embeddable":true,"href":"https:\/\/sultanspices.es\/es\/wp-json\/wp\/v2\/product_cat?post=3956"},{"taxonomy":"product_tag","embeddable":true,"href":"https:\/\/sultanspices.es\/es\/wp-json\/wp\/v2\/product_tag?post=3956"}],"curies":[{"name":"wp","href":"https:\/\/api.w.org\/{rel}","templated":true}]}}