{"id":3955,"date":"2024-02-12T09:12:53","date_gmt":"2024-02-12T08:12:53","guid":{"rendered":"https:\/\/sultanspices.es\/kolson-slanty-jalapeno-60g\/"},"modified":"2026-03-31T18:37:41","modified_gmt":"2026-03-31T16:37:41","slug":"kolson-slanty-jalapeno-60g","status":"publish","type":"product","link":"https:\/\/sultanspices.es\/es\/producto\/kolson-slanty-jalapeno-60g\/","title":{"rendered":"KOLSON SLANTY JALAPENO 60G"},"content":{"rendered":"<div class=\"flex-1 overflow-hidden\">\n<div class=\"react-scroll-to-bottom--css-qbbne-79elbk h-full\">\n<div class=\"react-scroll-to-bottom--css-qbbne-1n7m0yu\">\n<div class=\"flex flex-col pb-9 text-sm\">\n<div class=\"w-full text-token-text-primary\" data-testid=\"conversation-turn-61\">\n<div class=\"px-4 py-2 justify-center text-base md:gap-6 m-auto\">\n<div class=\"flex flex-1 text-base mx-auto gap-3 md:px-5 lg:px-1 xl:px-5 md:max-w-3xl lg:max-w-[40rem] xl:max-w-[48rem] group final-completion\">\n<div class=\"relative flex w-full flex-col lg:w-[calc(100%-115px)] agent-turn\">\n<div class=\"flex-col gap-1 md:gap-3\">\n<div class=\"flex flex-grow flex-col max-w-full\">\n<div class=\"min-h-[20px] text-message flex flex-col items-start gap-3 whitespace-pre-wrap break-words [.text-message+&amp;]:mt-5 overflow-x-auto\" data-message-author-role=\"assistant\" data-message-id=\"ada8898d-4adc-4af5-9853-de8f1cf4c20c\">\n<div class=\"markdown prose w-full break-words dark:prose-invert dark\">\n<p>Experimenta un toque picante con Kolson Slanty Jalapeno 60g, ahora disponible en Sultan Spices &amp; Supermarket. Estos crujientes snacks est\u00e1n impregnados del intenso sabor de los pimientos jalape\u00f1os, creando un delicioso bocado picante para tus papilas gustativas.<\/p>\n<p>Kolson Slanty Jalapeno presenta bocaditos inclinados y crujientes elaborados con ingredientes de la mejor calidad, incluida harina de ma\u00edz, sazonados con sabroso sabor a jalape\u00f1o. Cada bocado ofrece una tentadora combinaci\u00f3n de picante y crujiente, lo que lo convierte en el favorito de los amantes de las especias.<\/p>\n<p>Si usted est\u00e1 disfrutando de una noche de cine en casa, necesita un bocadillo sabroso en el trabajo, o la celebraci\u00f3n de una reuni\u00f3n con amigos, Kolson Slanty jalape\u00f1o est\u00e1 seguro de a\u00f1adir una patada a su experiencia de aperitivos. Su c\u00f3modo envase de 60 g hace que sea f\u00e1cil de disfrutar en cualquier momento y en cualquier lugar.<\/p>\n<p>Satisface tus antojos de sabores atrevidos con Kolson Slanty Jalapeno 60g, disponible ahora en Sultan Spices &amp; Supermarket, tu destino online de confianza para aut\u00e9nticos aperitivos en Espa\u00f1a. Disfrute de una delicia picante que le dejar\u00e1 con ganas de m\u00e1s.<\/p>\n<\/div>\n<\/div>\n<\/div>\n<\/div>\n<\/div>\n<\/div>\n<\/div>\n<\/div>\n<\/div>\n<\/div>\n<\/div>\n<\/div>","protected":false},"excerpt":{"rendered":"<p>Experimenta un toque picante con Kolson Slanty Jalapeno 60g, ahora disponible en Sultan Spices &amp; Supermarket. Estos crujientes aperitivos est\u00e1n impregnados con el atrevido sabor de los pimientos jalape\u00f1os, creando un delicioso placer picante para sus papilas gustativas. Los Slanty Jalapeno de Kolson son unos snacks inclinados y crujientes elaborados con ingredientes de la mejor calidad, como harina de ma\u00edz, sazonados con...<\/p>","protected":false},"featured_media":4036,"comment_status":"open","ping_status":"closed","template":"","meta":{"_kad_blocks_custom_css":"","_kad_blocks_head_custom_js":"","_kad_blocks_body_custom_js":"","_kad_blocks_footer_custom_js":"","_kadence_starter_templates_imported_post":false,"_kad_post_transparent":"default","_kad_post_title":"","_kad_post_layout":"default","_kad_post_sidebar_id":"","_kad_post_content_style":"default","_kad_post_vertical_padding":"default","_kad_post_feature":"","_kad_post_feature_position":"","_kad_post_header":false,"_kad_post_footer":false,"_kad_post_classname":""},"product_brand":[],"product_cat":[56],"product_tag":[],"class_list":{"0":"post-3955","1":"product","2":"type-product","3":"status-publish","4":"has-post-thumbnail","6":"product_cat-indian-snacks","8":"first","9":"instock","10":"shipping-taxable","11":"purchasable","12":"product-type-simple","13":"entry","14":"content-bg","15":"loop-entry"},"taxonomy_info":{"product_cat":[{"value":56,"label":"Snacks"}]},"featured_image_src_large":["https:\/\/sultanspices.es\/wp-content\/uploads\/2024\/02\/ProductsPIX-27-1024x1024.png",1024,1024,true],"author_info":[],"comment_info":0,"jetpack_sharing_enabled":true,"_links":{"self":[{"href":"https:\/\/sultanspices.es\/es\/wp-json\/wp\/v2\/product\/3955","targetHints":{"allow":["GET"]}}],"collection":[{"href":"https:\/\/sultanspices.es\/es\/wp-json\/wp\/v2\/product"}],"about":[{"href":"https:\/\/sultanspices.es\/es\/wp-json\/wp\/v2\/types\/product"}],"replies":[{"embeddable":true,"href":"https:\/\/sultanspices.es\/es\/wp-json\/wp\/v2\/comments?post=3955"}],"wp:featuredmedia":[{"embeddable":true,"href":"https:\/\/sultanspices.es\/es\/wp-json\/wp\/v2\/media\/4036"}],"wp:attachment":[{"href":"https:\/\/sultanspices.es\/es\/wp-json\/wp\/v2\/media?parent=3955"}],"wp:term":[{"taxonomy":"product_brand","embeddable":true,"href":"https:\/\/sultanspices.es\/es\/wp-json\/wp\/v2\/product_brand?post=3955"},{"taxonomy":"product_cat","embeddable":true,"href":"https:\/\/sultanspices.es\/es\/wp-json\/wp\/v2\/product_cat?post=3955"},{"taxonomy":"product_tag","embeddable":true,"href":"https:\/\/sultanspices.es\/es\/wp-json\/wp\/v2\/product_tag?post=3955"}],"curies":[{"name":"wp","href":"https:\/\/api.w.org\/{rel}","templated":true}]}}