{"id":3950,"date":"2024-02-12T09:12:46","date_gmt":"2024-02-12T08:12:46","guid":{"rendered":"https:\/\/sultanspices.es\/jelly-ahmed-strawbery-70g\/"},"modified":"2026-02-23T12:40:49","modified_gmt":"2026-02-23T11:40:49","slug":"jelly-ahmed-strawbery-70g","status":"publish","type":"product","link":"https:\/\/sultanspices.es\/es\/producto\/gelatina-ahmed-paja-70g\/","title":{"rendered":"JALEA AHMED STRAWBERY 70G"},"content":{"rendered":"<div class=\"flex-1 overflow-hidden\">\n<div class=\"react-scroll-to-bottom--css-qbbne-79elbk h-full\">\n<div class=\"react-scroll-to-bottom--css-qbbne-1n7m0yu\">\n<div class=\"flex flex-col pb-9 text-sm\">\n<div class=\"w-full text-token-text-primary\" data-testid=\"conversation-turn-69\">\n<div class=\"px-4 py-2 justify-center text-base md:gap-6 m-auto\">\n<div class=\"flex flex-1 text-base mx-auto gap-3 md:px-5 lg:px-1 xl:px-5 md:max-w-3xl lg:max-w-[40rem] xl:max-w-[48rem] group final-completion\">\n<div class=\"relative flex w-full flex-col lg:w-[calc(100%-115px)] agent-turn\">\n<div class=\"flex-col gap-1 md:gap-3\">\n<div class=\"flex flex-grow flex-col max-w-full\">\n<div class=\"min-h-[20px] text-message flex flex-col items-start gap-3 whitespace-pre-wrap break-words [.text-message+&amp;]:mt-5 overflow-x-auto\" data-message-author-role=\"assistant\" data-message-id=\"8a2f32f0-bf1f-42fc-9962-72c90af22c66\">\n<div class=\"markdown prose w-full break-words dark:prose-invert dark\">\n<p>Del\u00e9itese con el delicioso sabor de la gelatina de fresa Ahmed 70g, ahora disponible en Sultan Spices &amp; Supermarket. Esta cl\u00e1sica opci\u00f3n de postre ofrece una explosi\u00f3n de sabor dulce y \u00e1cido, perfecta para satisfacer sus antojos golosos.<\/p>\n<p>La gelatina de fresa Ahmed se elabora con esmero utilizando ingredientes de la mejor calidad, incluido el aut\u00e9ntico aroma de fresa, para garantizar una experiencia de sabor aut\u00e9ntica y agradable. Su textura suave y gelatinosa la convierte en una opci\u00f3n de postre refrescante y ligera para cualquier ocasi\u00f3n.<\/p>\n<p>La preparaci\u00f3n de la gelatina de fresa Ahmed es r\u00e1pida y sencilla. Basta con disolver los cristales de gelatina en agua caliente, dejar que se enfr\u00ede y cuaje en el frigor\u00edfico y, en un abrir y cerrar de ojos, tendr\u00e1 un delicioso manjar listo para disfrutar. S\u00edrvala fr\u00eda sola o como cobertura de helados o natillas para darle un toque m\u00e1s goloso.<\/p>\n<p>Experimente la dulzura de Ahmed Strawberry Jelly 70g, disponible ahora en Sultan Spices &amp; Supermarket, su fuente online de confianza para aut\u00e9nticas opciones de postres indios en Espa\u00f1a. Del\u00e9itese con la bondad afrutada de la fresa y a\u00f1ada un toque de dulzura a su d\u00eda.<\/p>\n<\/div>\n<\/div>\n<\/div>\n<\/div>\n<\/div>\n<\/div>\n<\/div>\n<\/div>\n<\/div>\n<\/div>\n<\/div>\n<\/div>","protected":false},"excerpt":{"rendered":"<p>Del\u00e9itese con el delicioso sabor de la gelatina de fresa Ahmed 70g, ahora disponible en Sultan Spices &amp; Supermarket. Este postre cl\u00e1sico ofrece una explosi\u00f3n de sabor dulce y \u00e1cido, perfecto para satisfacer sus antojos de dulce. La gelatina de fresa Ahmed se elabora con esmero utilizando ingredientes de la mejor calidad, incluido el aut\u00e9ntico aroma de fresa, para...<\/p>","protected":false},"featured_media":4041,"comment_status":"open","ping_status":"closed","template":"","meta":{"_kad_blocks_custom_css":"","_kad_blocks_head_custom_js":"","_kad_blocks_body_custom_js":"","_kad_blocks_footer_custom_js":"","_kadence_starter_templates_imported_post":false,"_kad_post_transparent":"default","_kad_post_title":"","_kad_post_layout":"default","_kad_post_sidebar_id":"","_kad_post_content_style":"default","_kad_post_vertical_padding":"default","_kad_post_feature":"","_kad_post_feature_position":"","_kad_post_header":false,"_kad_post_footer":false,"_kad_post_classname":""},"product_brand":[],"product_cat":[48],"product_tag":[],"class_list":{"0":"post-3950","1":"product","2":"type-product","3":"status-publish","4":"has-post-thumbnail","6":"product_cat-dessert-mixes-for-indian-sweets","8":"first","9":"instock","10":"shipping-taxable","11":"purchasable","12":"product-type-simple","13":"entry","14":"content-bg","15":"loop-entry"},"taxonomy_info":{"product_cat":[{"value":48,"label":"Dessert Mixes for Indian Sweets"}]},"featured_image_src_large":["https:\/\/sultanspices.es\/wp-content\/uploads\/2024\/02\/ProductsPIX-30-1024x1024.png",1024,1024,true],"author_info":[],"comment_info":0,"jetpack_sharing_enabled":true,"_links":{"self":[{"href":"https:\/\/sultanspices.es\/es\/wp-json\/wp\/v2\/product\/3950","targetHints":{"allow":["GET"]}}],"collection":[{"href":"https:\/\/sultanspices.es\/es\/wp-json\/wp\/v2\/product"}],"about":[{"href":"https:\/\/sultanspices.es\/es\/wp-json\/wp\/v2\/types\/product"}],"replies":[{"embeddable":true,"href":"https:\/\/sultanspices.es\/es\/wp-json\/wp\/v2\/comments?post=3950"}],"wp:featuredmedia":[{"embeddable":true,"href":"https:\/\/sultanspices.es\/es\/wp-json\/wp\/v2\/media\/4041"}],"wp:attachment":[{"href":"https:\/\/sultanspices.es\/es\/wp-json\/wp\/v2\/media?parent=3950"}],"wp:term":[{"taxonomy":"product_brand","embeddable":true,"href":"https:\/\/sultanspices.es\/es\/wp-json\/wp\/v2\/product_brand?post=3950"},{"taxonomy":"product_cat","embeddable":true,"href":"https:\/\/sultanspices.es\/es\/wp-json\/wp\/v2\/product_cat?post=3950"},{"taxonomy":"product_tag","embeddable":true,"href":"https:\/\/sultanspices.es\/es\/wp-json\/wp\/v2\/product_tag?post=3950"}],"curies":[{"name":"wp","href":"https:\/\/api.w.org\/{rel}","templated":true}]}}