{"id":3949,"date":"2024-02-12T09:12:43","date_gmt":"2024-02-12T08:12:43","guid":{"rendered":"https:\/\/sultanspices.es\/jelly-ahmed-pineapple-70g\/"},"modified":"2026-02-23T12:40:49","modified_gmt":"2026-02-23T11:40:49","slug":"jelly-ahmed-pineapple-70g","status":"publish","type":"product","link":"https:\/\/sultanspices.es\/es\/producto\/gelatina-ahmed-pina-70g\/","title":{"rendered":"GELATINA AHMED PI\u00d1A 70G"},"content":{"rendered":"<div class=\"flex-1 overflow-hidden\">\n<div class=\"react-scroll-to-bottom--css-qbbne-79elbk h-full\">\n<div class=\"react-scroll-to-bottom--css-qbbne-1n7m0yu\">\n<div class=\"flex flex-col pb-9 text-sm\">\n<div class=\"w-full text-token-text-primary\" data-testid=\"conversation-turn-71\">\n<div class=\"px-4 py-2 justify-center text-base md:gap-6 m-auto\">\n<div class=\"flex flex-1 text-base mx-auto gap-3 md:px-5 lg:px-1 xl:px-5 md:max-w-3xl lg:max-w-[40rem] xl:max-w-[48rem] group final-completion\">\n<div class=\"relative flex w-full flex-col lg:w-[calc(100%-115px)] agent-turn\">\n<div class=\"flex-col gap-1 md:gap-3\">\n<div class=\"flex flex-grow flex-col max-w-full\">\n<div class=\"min-h-[20px] text-message flex flex-col items-start gap-3 whitespace-pre-wrap break-words [.text-message+&amp;]:mt-5 overflow-x-auto\" data-message-author-role=\"assistant\" data-message-id=\"650dc301-b4dc-42fc-9c72-d397f925e7f2\">\n<div class=\"markdown prose w-full break-words dark:prose-invert dark\">\n<p>Experimente los sabores tropicales de la gelatina de pi\u00f1a Ahmed 70g, ahora disponible en Sultan Spices &amp; Supermarket. Este delicioso postre ofrece una explosi\u00f3n de sabor dulce y \u00e1cido a pi\u00f1a, perfecto para deleitar su paladar con un sabor paradis\u00edaco.<\/p>\n<p>Elaborada con esmero utilizando ingredientes de primera calidad, incluido extracto de pi\u00f1a real, la Jalea de Pi\u00f1a Ahmed garantiza una experiencia de sabor aut\u00e9ntica y agradable. Su textura suave y gelatinosa la convierte en un postre refrescante y ligero para cualquier ocasi\u00f3n.<\/p>\n<p>La preparaci\u00f3n de la gelatina de pi\u00f1a Ahmed es r\u00e1pida y no requiere ning\u00fan esfuerzo. Basta con disolver los cristales de gelatina en agua caliente, dejar que se enfr\u00ede y cuaje en el frigor\u00edfico, y en pocos minutos tendr\u00e1 un delicioso manjar listo para disfrutar. S\u00edrvala fr\u00eda sola o como cobertura de helado o yogur para un capricho tropical a\u00f1adido.<\/p>\n<p>Del\u00e9itese con la dulzura de Ahmed Pineapple Jelly 70g, ya disponible en Sultan Spices &amp; Supermarket, su destino online de confianza para aut\u00e9nticas opciones de postres indios en Espa\u00f1a. Deje que los sabores tropicales le transporten a un para\u00edso ba\u00f1ado por el sol con cada delicioso bocado.<\/p>\n<\/div>\n<\/div>\n<\/div>\n<\/div>\n<\/div>\n<\/div>\n<\/div>\n<\/div>\n<\/div>\n<\/div>\n<\/div>\n<\/div>","protected":false},"excerpt":{"rendered":"<p>Experimente los sabores tropicales de la Jalea de Pi\u00f1a Ahmed 70g, ahora disponible en Sultan Spices &amp; Supermarket. Este delicioso postre ofrece una explosi\u00f3n de sabor dulce y \u00e1cido a pi\u00f1a, perfecto para deleitar su paladar con un sabor paradis\u00edaco. Elaborada con esmero y utilizando ingredientes de primera calidad, como extracto de pi\u00f1a real, la Jalea de Pi\u00f1a Ahmed...<\/p>","protected":false},"featured_media":4043,"comment_status":"open","ping_status":"closed","template":"","meta":{"_kad_blocks_custom_css":"","_kad_blocks_head_custom_js":"","_kad_blocks_body_custom_js":"","_kad_blocks_footer_custom_js":"","_kadence_starter_templates_imported_post":false,"_kad_post_transparent":"default","_kad_post_title":"","_kad_post_layout":"default","_kad_post_sidebar_id":"","_kad_post_content_style":"default","_kad_post_vertical_padding":"default","_kad_post_feature":"","_kad_post_feature_position":"","_kad_post_header":false,"_kad_post_footer":false,"_kad_post_classname":""},"product_brand":[],"product_cat":[51,48],"product_tag":[],"class_list":{"0":"post-3949","1":"product","2":"type-product","3":"status-publish","4":"has-post-thumbnail","6":"product_cat-desserts-sweets","7":"product_cat-dessert-mixes-for-indian-sweets","9":"first","10":"instock","11":"shipping-taxable","12":"purchasable","13":"product-type-simple","14":"entry","15":"content-bg","16":"loop-entry"},"taxonomy_info":{"product_cat":[{"value":51,"label":"Desserts and Sweets"},{"value":48,"label":"Dessert Mixes for Indian Sweets"}]},"featured_image_src_large":["https:\/\/sultanspices.es\/wp-content\/uploads\/2024\/02\/ProductsPIX-31-1024x1024.png",1024,1024,true],"author_info":[],"comment_info":0,"jetpack_sharing_enabled":true,"_links":{"self":[{"href":"https:\/\/sultanspices.es\/es\/wp-json\/wp\/v2\/product\/3949","targetHints":{"allow":["GET"]}}],"collection":[{"href":"https:\/\/sultanspices.es\/es\/wp-json\/wp\/v2\/product"}],"about":[{"href":"https:\/\/sultanspices.es\/es\/wp-json\/wp\/v2\/types\/product"}],"replies":[{"embeddable":true,"href":"https:\/\/sultanspices.es\/es\/wp-json\/wp\/v2\/comments?post=3949"}],"wp:featuredmedia":[{"embeddable":true,"href":"https:\/\/sultanspices.es\/es\/wp-json\/wp\/v2\/media\/4043"}],"wp:attachment":[{"href":"https:\/\/sultanspices.es\/es\/wp-json\/wp\/v2\/media?parent=3949"}],"wp:term":[{"taxonomy":"product_brand","embeddable":true,"href":"https:\/\/sultanspices.es\/es\/wp-json\/wp\/v2\/product_brand?post=3949"},{"taxonomy":"product_cat","embeddable":true,"href":"https:\/\/sultanspices.es\/es\/wp-json\/wp\/v2\/product_cat?post=3949"},{"taxonomy":"product_tag","embeddable":true,"href":"https:\/\/sultanspices.es\/es\/wp-json\/wp\/v2\/product_tag?post=3949"}],"curies":[{"name":"wp","href":"https:\/\/api.w.org\/{rel}","templated":true}]}}