{"id":3948,"date":"2024-02-12T09:12:40","date_gmt":"2024-02-12T08:12:40","guid":{"rendered":"https:\/\/sultanspices.es\/jelly-ahmed-banana-70g\/"},"modified":"2026-02-23T12:40:49","modified_gmt":"2026-02-23T11:40:49","slug":"jelly-ahmed-banana-70g","status":"publish","type":"product","link":"https:\/\/sultanspices.es\/es\/producto\/gelatina-ahmed-banana-70g\/","title":{"rendered":"GELATINA AHMED PL\u00c1TANO 70G"},"content":{"rendered":"<div class=\"flex-1 overflow-hidden\">\n<div class=\"react-scroll-to-bottom--css-qbbne-79elbk h-full\">\n<div class=\"react-scroll-to-bottom--css-qbbne-1n7m0yu\">\n<div class=\"flex flex-col pb-9 text-sm\">\n<div class=\"w-full text-token-text-primary\" data-testid=\"conversation-turn-73\">\n<div class=\"px-4 py-2 justify-center text-base md:gap-6 m-auto\">\n<div class=\"flex flex-1 text-base mx-auto gap-3 md:px-5 lg:px-1 xl:px-5 md:max-w-3xl lg:max-w-[40rem] xl:max-w-[48rem] group final-completion\">\n<div class=\"relative flex w-full flex-col lg:w-[calc(100%-115px)] agent-turn\">\n<div class=\"flex-col gap-1 md:gap-3\">\n<div class=\"flex flex-grow flex-col max-w-full\">\n<div class=\"min-h-[20px] text-message flex flex-col items-start gap-3 whitespace-pre-wrap break-words [.text-message+&amp;]:mt-5 overflow-x-auto\" data-message-author-role=\"assistant\" data-message-id=\"dca76d30-30c2-42c7-999e-c1c55fabce18\">\n<div class=\"markdown prose w-full break-words dark:prose-invert dark\">\n<p>Del\u00e9itese con la cremosa dulzura de Ahmed Banana Jelly 70g, ahora en Sultan Spices &amp; Supermarket. Este postre ofrece una deliciosa explosi\u00f3n de sabor a pl\u00e1tano, perfecta para satisfacer sus antojos de dulce con un toque tropical.<\/p>\n<p>Elaborada con una meticulosa atenci\u00f3n a la calidad, la gelatina de pl\u00e1tano Ahmed contiene aut\u00e9ntica esencia de pl\u00e1tano, lo que garantiza una experiencia de sabor aut\u00e9ntica y agradable. Su textura suave y aterciopelada la convierte en una deliciosa opci\u00f3n de postre para cualquier ocasi\u00f3n.<\/p>\n<p>Preparar la gelatina de pl\u00e1tano Ahmed es facil\u00edsimo. Basta con disolver los cristales de gelatina en agua caliente, dejar que se enfr\u00ede y cuaje en el frigor\u00edfico y, en un abrir y cerrar de ojos, tendr\u00e1 una delicia lista para disfrutar. S\u00edrvala fr\u00eda sola o como cobertura de helados o tortitas para darle un toque extra de placer.<\/p>\n<p>Del\u00e9itese con la cremosa dulzura de Ahmed Banana Jelly 70g, ahora disponible en Sultan Spices &amp; Supermarket, su fuente online de confianza para aut\u00e9nticas opciones de postres indios en Espa\u00f1a. Deje que el sabor tropical del pl\u00e1tano le alegre el d\u00eda con cada cucharada.<\/p>\n<\/div>\n<\/div>\n<\/div>\n<\/div>\n<\/div>\n<\/div>\n<\/div>\n<\/div>\n<\/div>\n<\/div>\n<\/div>\n<\/div>","protected":false},"excerpt":{"rendered":"<p>Del\u00e9itese con la cremosa dulzura de Ahmed Banana Jelly 70g, ahora en Sultan Spices &amp; Supermarket. Este postre ofrece una deliciosa explosi\u00f3n de sabor a pl\u00e1tano, perfecta para satisfacer sus antojos de dulce con un toque tropical. Elaborada con una meticulosa atenci\u00f3n a la calidad, la gelatina de pl\u00e1tano Ahmed contiene aut\u00e9ntica esencia de pl\u00e1tano,...<\/p>","protected":false},"featured_media":4044,"comment_status":"open","ping_status":"closed","template":"","meta":{"_kad_blocks_custom_css":"","_kad_blocks_head_custom_js":"","_kad_blocks_body_custom_js":"","_kad_blocks_footer_custom_js":"","_kadence_starter_templates_imported_post":false,"_kad_post_transparent":"default","_kad_post_title":"","_kad_post_layout":"default","_kad_post_sidebar_id":"","_kad_post_content_style":"default","_kad_post_vertical_padding":"default","_kad_post_feature":"","_kad_post_feature_position":"","_kad_post_header":false,"_kad_post_footer":false,"_kad_post_classname":""},"product_brand":[],"product_cat":[48],"product_tag":[],"class_list":{"0":"post-3948","1":"product","2":"type-product","3":"status-publish","4":"has-post-thumbnail","6":"product_cat-dessert-mixes-for-indian-sweets","8":"first","9":"instock","10":"shipping-taxable","11":"purchasable","12":"product-type-simple","13":"entry","14":"content-bg","15":"loop-entry"},"taxonomy_info":{"product_cat":[{"value":48,"label":"Dessert Mixes for Indian Sweets"}]},"featured_image_src_large":["https:\/\/sultanspices.es\/wp-content\/uploads\/2024\/02\/ProductsPIX-32-1024x1024.png",1024,1024,true],"author_info":[],"comment_info":0,"jetpack_sharing_enabled":true,"_links":{"self":[{"href":"https:\/\/sultanspices.es\/es\/wp-json\/wp\/v2\/product\/3948","targetHints":{"allow":["GET"]}}],"collection":[{"href":"https:\/\/sultanspices.es\/es\/wp-json\/wp\/v2\/product"}],"about":[{"href":"https:\/\/sultanspices.es\/es\/wp-json\/wp\/v2\/types\/product"}],"replies":[{"embeddable":true,"href":"https:\/\/sultanspices.es\/es\/wp-json\/wp\/v2\/comments?post=3948"}],"wp:featuredmedia":[{"embeddable":true,"href":"https:\/\/sultanspices.es\/es\/wp-json\/wp\/v2\/media\/4044"}],"wp:attachment":[{"href":"https:\/\/sultanspices.es\/es\/wp-json\/wp\/v2\/media?parent=3948"}],"wp:term":[{"taxonomy":"product_brand","embeddable":true,"href":"https:\/\/sultanspices.es\/es\/wp-json\/wp\/v2\/product_brand?post=3948"},{"taxonomy":"product_cat","embeddable":true,"href":"https:\/\/sultanspices.es\/es\/wp-json\/wp\/v2\/product_cat?post=3948"},{"taxonomy":"product_tag","embeddable":true,"href":"https:\/\/sultanspices.es\/es\/wp-json\/wp\/v2\/product_tag?post=3948"}],"curies":[{"name":"wp","href":"https:\/\/api.w.org\/{rel}","templated":true}]}}