{"id":3943,"date":"2024-02-12T09:12:29","date_gmt":"2024-02-12T08:12:29","guid":{"rendered":"https:\/\/sultanspices.es\/goor-pesi-ali-baba-500g\/"},"modified":"2026-02-23T12:40:46","modified_gmt":"2026-02-23T11:40:46","slug":"goor-pesi-ali-baba-500g","status":"publish","type":"product","link":"https:\/\/sultanspices.es\/es\/producto\/goor-pesi-ali-baba-500g\/","title":{"rendered":"GOOR PESI ALI BABA 500G"},"content":{"rendered":"<div class=\"flex-1 overflow-hidden\">\n<div class=\"react-scroll-to-bottom--css-dyfsc-79elbk h-full\">\n<div class=\"react-scroll-to-bottom--css-dyfsc-1n7m0yu\">\n<div class=\"flex flex-col pb-9 text-sm\">\n<div class=\"w-full text-token-text-primary\" data-testid=\"conversation-turn-83\">\n<div class=\"px-4 py-2 justify-center text-base md:gap-6 m-auto\">\n<div class=\"flex flex-1 text-base mx-auto gap-3 md:px-5 lg:px-1 xl:px-5 md:max-w-3xl lg:max-w-[40rem] xl:max-w-[48rem] group final-completion\">\n<div class=\"relative flex w-full flex-col lg:w-[calc(100%-115px)] agent-turn\">\n<div class=\"flex-col gap-1 md:gap-3\">\n<div class=\"flex flex-grow flex-col max-w-full\">\n<div class=\"min-h-[20px] text-message flex flex-col items-start gap-3 whitespace-pre-wrap break-words [.text-message+&amp;]:mt-5 overflow-x-auto\" data-message-author-role=\"assistant\" data-message-id=\"d1155772-c597-412b-9b01-b382c660d9a0\">\n<div class=\"markdown prose w-full break-words dark:prose-invert dark\">\n<p>Del\u00e9itese con el rico dulzor de Ali Baba Goor Pesi 500g, ahora disponible en Sultan Spices &amp; Supermarket. Este az\u00facar de ca\u00f1a de primera calidad, tambi\u00e9n conocido como jaggery, es apreciado por su dulzor natural y su rico sabor, lo que lo convierte en un ingrediente muy apreciado en diversas cocinas de todo el mundo.<\/p>\n<p>Ali Baba Goor Pesi se elabora a partir de jugo de ca\u00f1a puro y natural, cuidadosamente procesado para conservar su valor nutritivo y su inconfundible sabor. Sin aditivos ni ingredientes artificiales, este jengibre ofrece una alternativa sana a los az\u00facares refinados, a\u00f1adiendo profundidad y complejidad a sus platos.<\/p>\n<p>Perfecto para endulzar bebidas, postres y platos salados por igual, Ali Baba Goor Pesi infunde un sabor c\u00e1lido y acaramelado que realza la experiencia gustativa global. Su naturaleza vers\u00e1til lo convierte en el favorito de los cocineros caseros y los chefs profesionales que buscan a\u00f1adir un toque de dulzor a sus creaciones culinarias.<\/p>\n<p>Experimenta la dulzura pura de Ali Baba Goor Pesi 500g, disponible ahora en Sultan Spices &amp; Supermarket, tu destino online de confianza para aut\u00e9nticos ingredientes indios en Espa\u00f1a. Eleve su cocina con la bondad natural del jengibre y deleite su paladar con cada plato.<\/p>\n<\/div>\n<\/div>\n<\/div>\n<\/div>\n<\/div>\n<\/div>\n<\/div>\n<\/div>\n<\/div>\n<\/div>\n<\/div>\n<\/div>","protected":false},"excerpt":{"rendered":"<p>Del\u00e9itese con el rico dulzor de Ali Baba Goor Pesi 500g, ahora disponible en Sultan Spices &amp; Supermarket. Este az\u00facar de ca\u00f1a de primera calidad, tambi\u00e9n conocido como jengibre, es apreciado por su dulzor natural y su rico sabor, lo que lo convierte en un ingrediente muy apreciado en diversas cocinas de todo el mundo. Ali Baba Goor Pesi se elabora a partir de...<\/p>","protected":false},"featured_media":4053,"comment_status":"open","ping_status":"closed","template":"","meta":{"_kad_blocks_custom_css":"","_kad_blocks_head_custom_js":"","_kad_blocks_body_custom_js":"","_kad_blocks_footer_custom_js":"","_kadence_starter_templates_imported_post":false,"_kad_post_transparent":"default","_kad_post_title":"","_kad_post_layout":"default","_kad_post_sidebar_id":"","_kad_post_content_style":"default","_kad_post_vertical_padding":"default","_kad_post_feature":"","_kad_post_feature_position":"","_kad_post_header":false,"_kad_post_footer":false,"_kad_post_classname":""},"product_brand":[],"product_cat":[51,15],"product_tag":[],"class_list":{"0":"post-3943","1":"product","2":"type-product","3":"status-publish","4":"has-post-thumbnail","6":"product_cat-desserts-sweets","7":"product_cat-indian-items","9":"first","10":"instock","11":"shipping-taxable","12":"purchasable","13":"product-type-simple","14":"entry","15":"content-bg","16":"loop-entry"},"taxonomy_info":{"product_cat":[{"value":51,"label":"Desserts and Sweets"},{"value":15,"label":"Other Indian Items"}]},"featured_image_src_large":["https:\/\/sultanspices.es\/wp-content\/uploads\/2024\/02\/ProductsPIX-37-1024x1024.png",1024,1024,true],"author_info":[],"comment_info":1,"jetpack_sharing_enabled":true,"_links":{"self":[{"href":"https:\/\/sultanspices.es\/es\/wp-json\/wp\/v2\/product\/3943","targetHints":{"allow":["GET"]}}],"collection":[{"href":"https:\/\/sultanspices.es\/es\/wp-json\/wp\/v2\/product"}],"about":[{"href":"https:\/\/sultanspices.es\/es\/wp-json\/wp\/v2\/types\/product"}],"replies":[{"embeddable":true,"href":"https:\/\/sultanspices.es\/es\/wp-json\/wp\/v2\/comments?post=3943"}],"wp:featuredmedia":[{"embeddable":true,"href":"https:\/\/sultanspices.es\/es\/wp-json\/wp\/v2\/media\/4053"}],"wp:attachment":[{"href":"https:\/\/sultanspices.es\/es\/wp-json\/wp\/v2\/media?parent=3943"}],"wp:term":[{"taxonomy":"product_brand","embeddable":true,"href":"https:\/\/sultanspices.es\/es\/wp-json\/wp\/v2\/product_brand?post=3943"},{"taxonomy":"product_cat","embeddable":true,"href":"https:\/\/sultanspices.es\/es\/wp-json\/wp\/v2\/product_cat?post=3943"},{"taxonomy":"product_tag","embeddable":true,"href":"https:\/\/sultanspices.es\/es\/wp-json\/wp\/v2\/product_tag?post=3943"}],"curies":[{"name":"wp","href":"https:\/\/api.w.org\/{rel}","templated":true}]}}