{"id":3941,"date":"2024-02-12T09:12:23","date_gmt":"2024-02-12T08:12:23","guid":{"rendered":"https:\/\/sultanspices.es\/ginger-paste-ali-baba-300g\/"},"modified":"2026-04-01T00:07:19","modified_gmt":"2026-03-31T22:07:19","slug":"ginger-paste-ali-baba-300g","status":"publish","type":"product","link":"https:\/\/sultanspices.es\/es\/producto\/jengibre-pasta-ali-baba-300g\/","title":{"rendered":"PASTA DE JENGIBRE ALI BABA 300G"},"content":{"rendered":"<div class=\"flex-1 overflow-hidden\">\n<div class=\"react-scroll-to-bottom--css-dyfsc-79elbk h-full\">\n<div class=\"react-scroll-to-bottom--css-dyfsc-1n7m0yu\">\n<div class=\"flex flex-col pb-9 text-sm\">\n<div class=\"w-full text-token-text-primary\" data-testid=\"conversation-turn-85\">\n<div class=\"px-4 py-2 justify-center text-base md:gap-6 m-auto\">\n<div class=\"flex flex-1 text-base mx-auto gap-3 md:px-5 lg:px-1 xl:px-5 md:max-w-3xl lg:max-w-[40rem] xl:max-w-[48rem] group final-completion\">\n<div class=\"relative flex w-full flex-col lg:w-[calc(100%-115px)] agent-turn\">\n<div class=\"flex-col gap-1 md:gap-3\">\n<div class=\"flex flex-grow flex-col max-w-full\">\n<div class=\"min-h-[20px] text-message flex flex-col items-start gap-3 whitespace-pre-wrap break-words [.text-message+&amp;]:mt-5 overflow-x-auto\" data-message-author-role=\"assistant\" data-message-id=\"8062323d-254e-4d31-b0ac-17c33d1b425d\">\n<div class=\"markdown prose w-full break-words dark:prose-invert dark\">\n<p>Mejore sus creaciones culinarias con la comodidad y el sabor vibrante de la pasta de jengibre Ali Baba 300 g, ahora disponible en Sultan Spices &amp; Supermarket. Esta pasta de jengibre de primera calidad ofrece una manera r\u00e1pida y sin complicaciones para infundir sus platos con el calor distintivo y la ralladura de jengibre.<\/p>\n<p>La pasta de jengibre Ali Baba se elabora con ra\u00edces de jengibre reci\u00e9n recolectadas, finamente molidas y mezcladas a la perfecci\u00f3n para conservar su aroma y sabor naturales. Con su textura suave y sabor intenso, esta pasta a\u00f1ade profundidad y complejidad a una amplia gama de platos salados, desde currys y salteados hasta adobos y salsas.<\/p>\n<p>Perfecta tanto para cocineros caseros ocupados como para chefs profesionales, la pasta de jengibre Ali Baba le ahorra tiempo en la cocina sin renunciar al sabor. Su pr\u00e1ctico envase garantiza una frescura duradera, permiti\u00e9ndole disfrutar del atrevido sabor del jengibre siempre que le llegue la inspiraci\u00f3n.<\/p>\n<p>Experimente la comodidad y el sabor de Ali Baba Pasta de Jengibre 300g, disponible ahora en Sultan Spices &amp; Supermarket, su fuente online de confianza para aut\u00e9nticos ingredientes indios en Espa\u00f1a. Mejore su cocina con la sabrosa bondad del jengibre y d\u00e9 vida a sus platos con cada cucharada.<\/p>\n<\/div>\n<\/div>\n<\/div>\n<\/div>\n<\/div>\n<\/div>\n<\/div>\n<\/div>\n<\/div>\n<\/div>\n<\/div>\n<\/div>","protected":false},"excerpt":{"rendered":"<p>Mejore sus creaciones culinarias con la comodidad y el sabor vibrante de la pasta de jengibre Ali Baba 300 g, ahora disponible en Sultan Spices &amp; Supermarket. Esta pasta de jengibre de primera calidad ofrece una manera r\u00e1pida y sin complicaciones para infundir sus platos con el calor distintivo y la ralladura de jengibre. La pasta de jengibre Ali Baba se elabora con jengibre...<\/p>","protected":false},"featured_media":4057,"comment_status":"open","ping_status":"closed","template":"","meta":{"_kad_blocks_custom_css":"","_kad_blocks_head_custom_js":"","_kad_blocks_body_custom_js":"","_kad_blocks_footer_custom_js":"","_kadence_starter_templates_imported_post":false,"_kad_post_transparent":"default","_kad_post_title":"","_kad_post_layout":"default","_kad_post_sidebar_id":"","_kad_post_content_style":"default","_kad_post_vertical_padding":"default","_kad_post_feature":"","_kad_post_feature_position":"","_kad_post_header":false,"_kad_post_footer":false,"_kad_post_classname":""},"product_brand":[],"product_cat":[55],"product_tag":[],"class_list":{"0":"post-3941","1":"product","2":"type-product","3":"status-publish","4":"has-post-thumbnail","6":"product_cat-pastes","8":"first","9":"instock","10":"shipping-taxable","11":"purchasable","12":"product-type-simple","13":"entry","14":"content-bg","15":"loop-entry"},"taxonomy_info":{"product_cat":[{"value":55,"label":"Pastes, Pickles &amp; Sauces"}]},"featured_image_src_large":["https:\/\/sultanspices.es\/wp-content\/uploads\/2024\/02\/ProductsPIX-39-1024x1024.png",1024,1024,true],"author_info":[],"comment_info":1,"jetpack_sharing_enabled":true,"_links":{"self":[{"href":"https:\/\/sultanspices.es\/es\/wp-json\/wp\/v2\/product\/3941","targetHints":{"allow":["GET"]}}],"collection":[{"href":"https:\/\/sultanspices.es\/es\/wp-json\/wp\/v2\/product"}],"about":[{"href":"https:\/\/sultanspices.es\/es\/wp-json\/wp\/v2\/types\/product"}],"replies":[{"embeddable":true,"href":"https:\/\/sultanspices.es\/es\/wp-json\/wp\/v2\/comments?post=3941"}],"wp:featuredmedia":[{"embeddable":true,"href":"https:\/\/sultanspices.es\/es\/wp-json\/wp\/v2\/media\/4057"}],"wp:attachment":[{"href":"https:\/\/sultanspices.es\/es\/wp-json\/wp\/v2\/media?parent=3941"}],"wp:term":[{"taxonomy":"product_brand","embeddable":true,"href":"https:\/\/sultanspices.es\/es\/wp-json\/wp\/v2\/product_brand?post=3941"},{"taxonomy":"product_cat","embeddable":true,"href":"https:\/\/sultanspices.es\/es\/wp-json\/wp\/v2\/product_cat?post=3941"},{"taxonomy":"product_tag","embeddable":true,"href":"https:\/\/sultanspices.es\/es\/wp-json\/wp\/v2\/product_tag?post=3941"}],"curies":[{"name":"wp","href":"https:\/\/api.w.org\/{rel}","templated":true}]}}