{"id":3937,"date":"2024-02-12T09:12:11","date_gmt":"2024-02-12T08:12:11","guid":{"rendered":"https:\/\/sultanspices.es\/fried-onions-pride-400g\/"},"modified":"2025-07-19T11:00:08","modified_gmt":"2025-07-19T09:00:08","slug":"fried-onions-pride-400g","status":"publish","type":"product","link":"https:\/\/sultanspices.es\/es\/producto\/cebolla-frita-pride-400g\/","title":{"rendered":"CEBOLLAS FRITAS ORGULLO 400G"},"content":{"rendered":"<div class=\"flex-1 overflow-hidden\">\n<div class=\"react-scroll-to-bottom--css-dyfsc-79elbk h-full\">\n<div class=\"react-scroll-to-bottom--css-dyfsc-1n7m0yu\">\n<div class=\"flex flex-col pb-9 text-sm\">\n<div class=\"w-full text-token-text-primary\" data-testid=\"conversation-turn-91\">\n<div class=\"px-4 py-2 justify-center text-base md:gap-6 m-auto\">\n<div class=\"flex flex-1 text-base mx-auto gap-3 md:px-5 lg:px-1 xl:px-5 md:max-w-3xl lg:max-w-[40rem] xl:max-w-[48rem] group final-completion\">\n<div class=\"relative flex w-full flex-col lg:w-[calc(100%-115px)] agent-turn\">\n<div class=\"flex-col gap-1 md:gap-3\">\n<div class=\"flex flex-grow flex-col max-w-full\">\n<div class=\"min-h-[20px] text-message flex flex-col items-start gap-3 whitespace-pre-wrap break-words [.text-message+&amp;]:mt-5 overflow-x-auto\" data-message-author-role=\"assistant\" data-message-id=\"d9a9f42f-7640-4490-a780-ed607a0eb4c4\">\n<div class=\"markdown prose w-full break-words dark:prose-invert dark\">\n<p>Mejore sus creaciones culinarias con las cebollas fritas Pride 400 g, ahora disponibles en Sultan Spices &amp; Supermarket. Estas crujientes y sabrosas cebollas fritas son un aderezo pr\u00e1ctico y delicioso para una gran variedad de platos salados.<\/p>\n<p>Las cebollas fritas Pride se preparan cuidadosamente a partir de cebollas de primera calidad, cortadas en rodajas finas y fritas hasta alcanzar la perfecci\u00f3n dorada. Su textura crujiente y su rico sabor caramelizado a\u00f1aden profundidad y complejidad a ensaladas, biryanis, currys, s\u00e1ndwiches y mucho m\u00e1s.<\/p>\n<p>Perfectas tanto para cocineros ocupados como para entusiastas de la cocina, las cebollas fritas Pride le ahorran tiempo en la cocina sin renunciar al sabor. Simplemente espolvor\u00e9elas sobre sus platos favoritos para realzar su sabor y presentaci\u00f3n con un crujido irresistible.<\/p>\n<p>Experimente la comodidad y el sabor de las cebollas fritas Pride 400g, ya disponibles en Sultan Spices &amp; Supermarket, su destino online de confianza para aut\u00e9nticos ingredientes en Espa\u00f1a. Eleve sus platos con la deliciosa adici\u00f3n de crujientes cebollas fritas y deleite su paladar con cada bocado.<\/p>\n<\/div>\n<\/div>\n<\/div>\n<\/div>\n<\/div>\n<\/div>\n<\/div>\n<\/div>\n<\/div>\n<\/div>\n<\/div>\n<\/div>","protected":false},"excerpt":{"rendered":"<p>Mejore sus creaciones culinarias con las cebollas fritas Pride 400 g, ahora disponibles en Sultan Spices &amp; Supermarket. Estas crujientes y sabrosas cebollas fritas ofrecen un pr\u00e1ctico y delicioso aderezo para una gran variedad de sabrosos platos. Las cebollas fritas Pride se preparan cuidadosamente con cebollas de primera calidad, se cortan en finas rodajas y se fr\u00eden hasta alcanzar la perfecci\u00f3n dorada. Su textura crujiente y...<\/p>","protected":false},"featured_media":4062,"comment_status":"open","ping_status":"closed","template":"","meta":{"_kad_blocks_custom_css":"","_kad_blocks_head_custom_js":"","_kad_blocks_body_custom_js":"","_kad_blocks_footer_custom_js":"","_kadence_starter_templates_imported_post":false,"_kad_post_transparent":"default","_kad_post_title":"","_kad_post_layout":"default","_kad_post_sidebar_id":"","_kad_post_content_style":"default","_kad_post_vertical_padding":"default","_kad_post_feature":"","_kad_post_feature_position":"","_kad_post_header":false,"_kad_post_footer":false,"_kad_post_classname":""},"product_brand":[],"product_cat":[50],"product_tag":[],"class_list":{"0":"post-3937","1":"product","2":"type-product","3":"status-publish","4":"has-post-thumbnail","6":"product_cat-spices","8":"first","9":"outofstock","10":"shipping-taxable","11":"purchasable","12":"product-type-simple","13":"entry","14":"content-bg","15":"loop-entry"},"taxonomy_info":{"product_cat":[{"value":50,"label":"Spices"}]},"featured_image_src_large":["https:\/\/sultanspices.es\/wp-content\/uploads\/2024\/02\/ProductsPIX-42-1024x1024.png",1024,1024,true],"author_info":[],"comment_info":0,"jetpack_sharing_enabled":true,"_links":{"self":[{"href":"https:\/\/sultanspices.es\/es\/wp-json\/wp\/v2\/product\/3937","targetHints":{"allow":["GET"]}}],"collection":[{"href":"https:\/\/sultanspices.es\/es\/wp-json\/wp\/v2\/product"}],"about":[{"href":"https:\/\/sultanspices.es\/es\/wp-json\/wp\/v2\/types\/product"}],"replies":[{"embeddable":true,"href":"https:\/\/sultanspices.es\/es\/wp-json\/wp\/v2\/comments?post=3937"}],"wp:featuredmedia":[{"embeddable":true,"href":"https:\/\/sultanspices.es\/es\/wp-json\/wp\/v2\/media\/4062"}],"wp:attachment":[{"href":"https:\/\/sultanspices.es\/es\/wp-json\/wp\/v2\/media?parent=3937"}],"wp:term":[{"taxonomy":"product_brand","embeddable":true,"href":"https:\/\/sultanspices.es\/es\/wp-json\/wp\/v2\/product_brand?post=3937"},{"taxonomy":"product_cat","embeddable":true,"href":"https:\/\/sultanspices.es\/es\/wp-json\/wp\/v2\/product_cat?post=3937"},{"taxonomy":"product_tag","embeddable":true,"href":"https:\/\/sultanspices.es\/es\/wp-json\/wp\/v2\/product_tag?post=3937"}],"curies":[{"name":"wp","href":"https:\/\/api.w.org\/{rel}","templated":true}]}}