{"id":3936,"date":"2024-02-12T09:12:08","date_gmt":"2024-02-12T08:12:08","guid":{"rendered":"https:\/\/sultanspices.es\/food-colour-ali-baba-red-25g\/"},"modified":"2026-02-28T00:54:43","modified_gmt":"2026-02-27T23:54:43","slug":"food-colour-ali-baba-red-25g","status":"publish","type":"product","link":"https:\/\/sultanspices.es\/es\/producto\/alimento-color-ali-baba-rojo-25g\/","title":{"rendered":"COLORANTE ALIMENTARIO ALI BABA ROJO 25G"},"content":{"rendered":"<div class=\"flex-1 overflow-hidden\">\n<div class=\"react-scroll-to-bottom--css-hxuqx-79elbk h-full\">\n<div class=\"react-scroll-to-bottom--css-hxuqx-1n7m0yu\">\n<div class=\"flex flex-col pb-9 text-sm\">\n<div class=\"w-full text-token-text-primary\" data-testid=\"conversation-turn-93\">\n<div class=\"px-4 py-2 justify-center text-base md:gap-6 m-auto\">\n<div class=\"flex flex-1 text-base mx-auto gap-3 md:px-5 lg:px-1 xl:px-5 md:max-w-3xl lg:max-w-[40rem] xl:max-w-[48rem] group final-completion\">\n<div class=\"relative flex w-full flex-col agent-turn\">\n<div class=\"flex-col gap-1 md:gap-3\">\n<div class=\"flex flex-grow flex-col max-w-full\">\n<div class=\"min-h-[20px] text-message flex flex-col items-start gap-3 whitespace-pre-wrap break-words [.text-message+&amp;]:mt-5 overflow-x-auto\" data-message-author-role=\"assistant\" data-message-id=\"cf0bb2be-f4b1-4223-a852-f67ecaaa4c0b\">\n<div class=\"markdown prose w-full break-words dark:prose-invert dark\">\n<p>A\u00f1ada un toque de color vibrante a sus creaciones culinarias con Ali Baba Colorante Alimentario Rojo 25g, ahora disponible en Sultan Spices &amp; Supermarket. Este colorante alimentario de primera calidad es perfecto para a\u00f1adir un llamativo tono rojo a una amplia gama de platos, postres y bebidas.<\/p>\n<p>El colorante alimentario rojo Ali Baba est\u00e1 meticulosamente formulado para ofrecer siempre un color intenso y uniforme. Tanto si est\u00e1 horneando vibrantes tartas de terciopelo rojo, decorando galletas festivas o a\u00f1adiendo un toque visual a platos salados, este colorante alimentario garantiza resultados vivos y cautivadores.<\/p>\n<p>Elaborado con ingredientes de alta calidad, el colorante alimentario rojo Ali Baba es f\u00e1cil de usar y se integra perfectamente en sus recetas. Con su f\u00f3rmula concentrada, un poco rinde mucho, lo que le permite conseguir el tono de rojo deseado con solo unas gotas.<\/p>\n<p>Experimente la versatilidad y vitalidad de Ali Baba Colorante Rojo 25g, ya disponible en Sultan Spices &amp; Supermarket. Eleve sus creaciones culinarias con el atrevido y bello tono del rojo y convierta cada plato en un fest\u00edn tanto para la vista como para el paladar.<\/p>\n<\/div>\n<\/div>\n<\/div>\n<\/div>\n<\/div>\n<\/div>\n<\/div>\n<\/div>\n<\/div>\n<\/div>\n<\/div>\n<\/div>","protected":false},"excerpt":{"rendered":"<p>A\u00f1ada un toque de color vibrante a sus creaciones culinarias con Ali Baba Colorante Alimentario Rojo 25g, ahora disponible en Sultan Spices &amp; Supermarket. Este colorante alimentario de primera calidad es perfecto para a\u00f1adir un llamativo tono rojo a una amplia gama de platos, postres y bebidas. Ali Baba Red Food Colour est\u00e1 meticulosamente formulado para...<\/p>","protected":false},"featured_media":4069,"comment_status":"open","ping_status":"closed","template":"","meta":{"_kad_blocks_custom_css":"","_kad_blocks_head_custom_js":"","_kad_blocks_body_custom_js":"","_kad_blocks_footer_custom_js":"","_kadence_starter_templates_imported_post":false,"_kad_post_transparent":"default","_kad_post_title":"","_kad_post_layout":"default","_kad_post_sidebar_id":"","_kad_post_content_style":"default","_kad_post_vertical_padding":"default","_kad_post_feature":"","_kad_post_feature_position":"","_kad_post_header":false,"_kad_post_footer":false,"_kad_post_classname":""},"product_brand":[],"product_cat":[63],"product_tag":[],"class_list":{"0":"post-3936","1":"product","2":"type-product","3":"status-publish","4":"has-post-thumbnail","6":"product_cat-food-colors","8":"first","9":"instock","10":"shipping-taxable","11":"purchasable","12":"product-type-simple","13":"entry","14":"content-bg","15":"loop-entry"},"taxonomy_info":{"product_cat":[{"value":63,"label":"Food Colors"}]},"featured_image_src_large":["https:\/\/sultanspices.es\/wp-content\/uploads\/2024\/02\/ProductsPIX-44-1024x1024.png",1024,1024,true],"author_info":[],"comment_info":0,"jetpack_sharing_enabled":true,"_links":{"self":[{"href":"https:\/\/sultanspices.es\/es\/wp-json\/wp\/v2\/product\/3936","targetHints":{"allow":["GET"]}}],"collection":[{"href":"https:\/\/sultanspices.es\/es\/wp-json\/wp\/v2\/product"}],"about":[{"href":"https:\/\/sultanspices.es\/es\/wp-json\/wp\/v2\/types\/product"}],"replies":[{"embeddable":true,"href":"https:\/\/sultanspices.es\/es\/wp-json\/wp\/v2\/comments?post=3936"}],"wp:featuredmedia":[{"embeddable":true,"href":"https:\/\/sultanspices.es\/es\/wp-json\/wp\/v2\/media\/4069"}],"wp:attachment":[{"href":"https:\/\/sultanspices.es\/es\/wp-json\/wp\/v2\/media?parent=3936"}],"wp:term":[{"taxonomy":"product_brand","embeddable":true,"href":"https:\/\/sultanspices.es\/es\/wp-json\/wp\/v2\/product_brand?post=3936"},{"taxonomy":"product_cat","embeddable":true,"href":"https:\/\/sultanspices.es\/es\/wp-json\/wp\/v2\/product_cat?post=3936"},{"taxonomy":"product_tag","embeddable":true,"href":"https:\/\/sultanspices.es\/es\/wp-json\/wp\/v2\/product_tag?post=3936"}],"curies":[{"name":"wp","href":"https:\/\/api.w.org\/{rel}","templated":true}]}}