{"id":3935,"date":"2024-02-12T09:12:04","date_gmt":"2024-02-12T08:12:04","guid":{"rendered":"https:\/\/sultanspices.es\/food-colour-ali-baba-orange-25g\/"},"modified":"2026-02-23T12:40:44","modified_gmt":"2026-02-23T11:40:44","slug":"food-colour-ali-baba-orange-25g","status":"publish","type":"product","link":"https:\/\/sultanspices.es\/es\/producto\/alimento-color-ali-baba-naranja-25g\/","title":{"rendered":"COLORANTE ALIMENTARIO ALI BABA NARANJA 25G"},"content":{"rendered":"<div class=\"flex-1 overflow-hidden\">\n<div class=\"react-scroll-to-bottom--css-hxuqx-79elbk h-full\">\n<div class=\"react-scroll-to-bottom--css-hxuqx-1n7m0yu\">\n<div class=\"flex flex-col pb-9 text-sm\">\n<div class=\"w-full text-token-text-primary\" data-testid=\"conversation-turn-95\">\n<div class=\"px-4 py-2 justify-center text-base md:gap-6 m-auto\">\n<div class=\"flex flex-1 text-base mx-auto gap-3 md:px-5 lg:px-1 xl:px-5 md:max-w-3xl lg:max-w-[40rem] xl:max-w-[48rem] group final-completion\">\n<div class=\"relative flex w-full flex-col agent-turn\">\n<div class=\"flex-col gap-1 md:gap-3\">\n<div class=\"flex flex-grow flex-col max-w-full\">\n<div class=\"min-h-[20px] text-message flex flex-col items-start gap-3 whitespace-pre-wrap break-words [.text-message+&amp;]:mt-5 overflow-x-auto\" data-message-author-role=\"assistant\" data-message-id=\"6bebe031-3fd7-4996-a91b-6e467d8fef10\">\n<div class=\"markdown prose w-full break-words dark:prose-invert dark\">\n<p>Presentamos Ali Baba Orange Food Colour 25g, ahora en Sultan Spices &amp; Supermarket. Este colorante alimentario de primera calidad ofrece una explosi\u00f3n de vibrante tono naranja para animar sus creaciones culinarias, postres y bebidas.<\/p>\n<p>Ali Baba Orange Food Colour est\u00e1 cuidadosamente formulado para ofrecer un color uniforme y vivo, garantizando que sus platos destaquen con un aspecto cautivador. Tanto si est\u00e1 horneando pasteles con toques c\u00edtricos, decorando magdalenas o realzando platos salados, este colorante alimentario a\u00f1ade un toque de sol a cada bocado.<\/p>\n<p>Elaborado con ingredientes de alta calidad, el colorante alimentario Ali Baba Orange es f\u00e1cil de usar y se mezcla sin esfuerzo en sus recetas. Su f\u00f3rmula concentrada le permite conseguir el tono perfecto de naranja con unas pocas gotas, d\u00e1ndole un control total sobre la intensidad del color.<\/p>\n<p>Experimente la versatilidad y vitalidad de Ali Baba Orange Food Colour 25g, ya disponible en Sultan Spices &amp; Supermarket. Ilumine sus creaciones culinarias con el tono c\u00e1lido y acogedor del naranja y convierta cada plato en una delicia visual.<\/p>\n<\/div>\n<\/div>\n<\/div>\n<\/div>\n<\/div>\n<\/div>\n<\/div>\n<\/div>\n<\/div>\n<\/div>\n<\/div>\n<\/div>","protected":false},"excerpt":{"rendered":"<p>Presentamos Ali Baba Orange Food Colour 25g, ahora en Sultan Spices &amp; Supermarket. Este colorante alimentario de primera calidad ofrece una explosi\u00f3n de vibrante tono naranja para animar sus creaciones culinarias, postres y bebidas. Ali Baba Orange Food Colour est\u00e1 cuidadosamente formulado para ofrecer un color consistente y vivo, asegurando que sus platos destaquen con una apariencia cautivadora....<\/p>","protected":false},"featured_media":4071,"comment_status":"open","ping_status":"closed","template":"","meta":{"_kad_blocks_custom_css":"","_kad_blocks_head_custom_js":"","_kad_blocks_body_custom_js":"","_kad_blocks_footer_custom_js":"","_kadence_starter_templates_imported_post":false,"_kad_post_transparent":"default","_kad_post_title":"","_kad_post_layout":"default","_kad_post_sidebar_id":"","_kad_post_content_style":"default","_kad_post_vertical_padding":"default","_kad_post_feature":"","_kad_post_feature_position":"","_kad_post_header":false,"_kad_post_footer":false,"_kad_post_classname":""},"product_brand":[],"product_cat":[63],"product_tag":[],"class_list":{"0":"post-3935","1":"product","2":"type-product","3":"status-publish","4":"has-post-thumbnail","6":"product_cat-food-colors","8":"first","9":"instock","10":"shipping-taxable","11":"purchasable","12":"product-type-simple","13":"entry","14":"content-bg","15":"loop-entry"},"taxonomy_info":{"product_cat":[{"value":63,"label":"Food Colors"}]},"featured_image_src_large":["https:\/\/sultanspices.es\/wp-content\/uploads\/2024\/02\/ProductsPIX-45-1024x1024.png",1024,1024,true],"author_info":[],"comment_info":0,"jetpack_sharing_enabled":true,"_links":{"self":[{"href":"https:\/\/sultanspices.es\/es\/wp-json\/wp\/v2\/product\/3935","targetHints":{"allow":["GET"]}}],"collection":[{"href":"https:\/\/sultanspices.es\/es\/wp-json\/wp\/v2\/product"}],"about":[{"href":"https:\/\/sultanspices.es\/es\/wp-json\/wp\/v2\/types\/product"}],"replies":[{"embeddable":true,"href":"https:\/\/sultanspices.es\/es\/wp-json\/wp\/v2\/comments?post=3935"}],"wp:featuredmedia":[{"embeddable":true,"href":"https:\/\/sultanspices.es\/es\/wp-json\/wp\/v2\/media\/4071"}],"wp:attachment":[{"href":"https:\/\/sultanspices.es\/es\/wp-json\/wp\/v2\/media?parent=3935"}],"wp:term":[{"taxonomy":"product_brand","embeddable":true,"href":"https:\/\/sultanspices.es\/es\/wp-json\/wp\/v2\/product_brand?post=3935"},{"taxonomy":"product_cat","embeddable":true,"href":"https:\/\/sultanspices.es\/es\/wp-json\/wp\/v2\/product_cat?post=3935"},{"taxonomy":"product_tag","embeddable":true,"href":"https:\/\/sultanspices.es\/es\/wp-json\/wp\/v2\/product_tag?post=3935"}],"curies":[{"name":"wp","href":"https:\/\/api.w.org\/{rel}","templated":true}]}}