{"id":3934,"date":"2024-02-12T09:12:02","date_gmt":"2024-02-12T08:12:02","guid":{"rendered":"https:\/\/sultanspices.es\/flake-rice-medium-ali-baba-300g\/"},"modified":"2026-02-23T12:40:44","modified_gmt":"2026-02-23T11:40:44","slug":"flake-rice-medium-ali-baba-300g","status":"publish","type":"product","link":"https:\/\/sultanspices.es\/es\/producto\/copo-roz-medio-ali-baba-300g\/","title":{"rendered":"COPOS DE ARROZ ALI BABA MEDIO 300G"},"content":{"rendered":"<div class=\"flex-1 overflow-hidden\">\n<div class=\"react-scroll-to-bottom--css-hxuqx-79elbk h-full\">\n<div class=\"react-scroll-to-bottom--css-hxuqx-1n7m0yu\">\n<div class=\"flex flex-col pb-9 text-sm\">\n<div class=\"w-full text-token-text-primary\" data-testid=\"conversation-turn-97\">\n<div class=\"px-4 py-2 justify-center text-base md:gap-6 m-auto\">\n<div class=\"flex flex-1 text-base mx-auto gap-3 md:px-5 lg:px-1 xl:px-5 md:max-w-3xl lg:max-w-[40rem] xl:max-w-[48rem] group final-completion\">\n<div class=\"relative flex w-full flex-col agent-turn\">\n<div class=\"flex-col gap-1 md:gap-3\">\n<div class=\"flex flex-grow flex-col max-w-full\">\n<div class=\"min-h-[20px] text-message flex flex-col items-start gap-3 whitespace-pre-wrap break-words [.text-message+&amp;]:mt-5 overflow-x-auto\" data-message-author-role=\"assistant\" data-message-id=\"acc8bf97-fbf8-446a-ba6d-4222088e6891\">\n<div class=\"markdown prose w-full break-words dark:prose-invert dark\">\n<h2>Ingrediente vers\u00e1til para un delicioso Poha<\/h2>\n<p>Explore las posibilidades culinarias con Ali Baba Medium Flake Rice 300g, tambi\u00e9n conocido como Powa Pawa, ahora disponible en Sultan Spices &amp; Supermarket. Este arroz de primera calidad es perfecto para preparar el plato tradicional indio Poha, muy apreciado por su ligereza y sabor.<\/p>\n<p>El arroz en copos medianos Ali Baba se procesa meticulosamente para garantizar el tama\u00f1o y la textura ideales para el Poha. Hecho de granos de arroz aplastados, ofrece un bocado delicado pero satisfactorio, perfecto para absorber especias y sabores durante la cocci\u00f3n.<\/p>\n<p>Tanto si est\u00e1 creando un plato cl\u00e1sico de Poha con verduras, especias y guarniciones, como si est\u00e1 experimentando con su propio toque \u00fanico, el arroz en copos medianos Ali Baba proporciona la base perfecta para una comida deliciosa. Su versatilidad va m\u00e1s all\u00e1 del Poha, convirti\u00e9ndolo en un ingrediente vers\u00e1til para diversos platos salados y dulces.<\/p>\n<p>Experimente la comodidad y la calidad de Ali Baba Medium Flake Rice 300g, ya disponible en Sultan Spices &amp; Supermarket. Eleve su cocina con el aut\u00e9ntico sabor y textura del Poha y deleite su paladar con cada bocado.<\/p>\n<\/div>\n<\/div>\n<\/div>\n<\/div>\n<\/div>\n<\/div>\n<\/div>\n<\/div>\n<\/div>\n<\/div>\n<\/div>\n<\/div>","protected":false},"excerpt":{"rendered":"<p>Ingrediente vers\u00e1til para un delicioso Poha Explore las posibilidades culinarias con Ali Baba Medium Flake Rice 300g, tambi\u00e9n conocido como Powa Pawa, ahora disponible en Sultan Spices &amp; Supermarket. Este arroz de primera calidad es perfecto para preparar el tradicional plato indio Poha, muy apreciado por su ligereza y sabor. El arroz en copos medianos Ali Baba se procesa meticulosamente...<\/p>","protected":false},"featured_media":4073,"comment_status":"open","ping_status":"closed","template":"","meta":{"_kad_blocks_custom_css":"","_kad_blocks_head_custom_js":"","_kad_blocks_body_custom_js":"","_kad_blocks_footer_custom_js":"","_kadence_starter_templates_imported_post":false,"_kad_post_transparent":"default","_kad_post_title":"","_kad_post_layout":"default","_kad_post_sidebar_id":"","_kad_post_content_style":"default","_kad_post_vertical_padding":"default","_kad_post_feature":"","_kad_post_feature_position":"","_kad_post_header":false,"_kad_post_footer":false,"_kad_post_classname":""},"product_brand":[],"product_cat":[53],"product_tag":[],"class_list":{"0":"post-3934","1":"product","2":"type-product","3":"status-publish","4":"has-post-thumbnail","6":"product_cat-rice","8":"first","9":"outofstock","10":"shipping-taxable","11":"purchasable","12":"product-type-simple","13":"entry","14":"content-bg","15":"loop-entry"},"taxonomy_info":{"product_cat":[{"value":53,"label":"Rice"}]},"featured_image_src_large":["https:\/\/sultanspices.es\/wp-content\/uploads\/2024\/02\/ProductsPIX-46-1024x1024.png",1024,1024,true],"author_info":[],"comment_info":0,"jetpack_sharing_enabled":true,"_links":{"self":[{"href":"https:\/\/sultanspices.es\/es\/wp-json\/wp\/v2\/product\/3934","targetHints":{"allow":["GET"]}}],"collection":[{"href":"https:\/\/sultanspices.es\/es\/wp-json\/wp\/v2\/product"}],"about":[{"href":"https:\/\/sultanspices.es\/es\/wp-json\/wp\/v2\/types\/product"}],"replies":[{"embeddable":true,"href":"https:\/\/sultanspices.es\/es\/wp-json\/wp\/v2\/comments?post=3934"}],"wp:featuredmedia":[{"embeddable":true,"href":"https:\/\/sultanspices.es\/es\/wp-json\/wp\/v2\/media\/4073"}],"wp:attachment":[{"href":"https:\/\/sultanspices.es\/es\/wp-json\/wp\/v2\/media?parent=3934"}],"wp:term":[{"taxonomy":"product_brand","embeddable":true,"href":"https:\/\/sultanspices.es\/es\/wp-json\/wp\/v2\/product_brand?post=3934"},{"taxonomy":"product_cat","embeddable":true,"href":"https:\/\/sultanspices.es\/es\/wp-json\/wp\/v2\/product_cat?post=3934"},{"taxonomy":"product_tag","embeddable":true,"href":"https:\/\/sultanspices.es\/es\/wp-json\/wp\/v2\/product_tag?post=3934"}],"curies":[{"name":"wp","href":"https:\/\/api.w.org\/{rel}","templated":true}]}}