{"id":3932,"date":"2024-02-12T09:11:56","date_gmt":"2024-02-12T08:11:56","guid":{"rendered":"https:\/\/sultanspices.es\/essence-ali-baba-vanilla-28ml\/"},"modified":"2026-04-08T10:23:19","modified_gmt":"2026-04-08T08:23:19","slug":"essence-ali-baba-vanilla-28ml","status":"publish","type":"product","link":"https:\/\/sultanspices.es\/es\/producto\/essence-ali-baba-vainilla-28ml\/","title":{"rendered":"ESSENCE ALI BABA VAINILLA 28ML"},"content":{"rendered":"<div class=\"flex-1 overflow-hidden\">\n<div class=\"react-scroll-to-bottom--css-hxuqx-79elbk h-full\">\n<div class=\"react-scroll-to-bottom--css-hxuqx-1n7m0yu\">\n<div class=\"flex flex-col pb-9 text-sm\">\n<div class=\"w-full text-token-text-primary\" data-testid=\"conversation-turn-101\">\n<div class=\"px-4 py-2 justify-center text-base md:gap-6 m-auto\">\n<div class=\"flex flex-1 text-base mx-auto gap-3 md:px-5 lg:px-1 xl:px-5 md:max-w-3xl lg:max-w-[40rem] xl:max-w-[48rem] group final-completion\">\n<div class=\"relative flex w-full flex-col agent-turn\">\n<div class=\"flex-col gap-1 md:gap-3\">\n<div class=\"flex flex-grow flex-col max-w-full\">\n<div class=\"min-h-[20px] text-message flex flex-col items-start gap-3 whitespace-pre-wrap break-words [.text-message+&amp;]:mt-5 overflow-x-auto\" data-message-author-role=\"assistant\" data-message-id=\"164131b5-bc0e-41de-a5f5-16a4a2bdc375\">\n<div class=\"markdown prose w-full break-words dark:prose-invert dark\">\n<p>Mejore sus creaciones de reposter\u00eda con Ali Baba Esencia de Vainilla 28 ml, ahora disponible en Sultan Spices &amp; Supermarket. Esta esencia de vainilla de primera calidad ofrece un sabor rico y arom\u00e1tico, perfecto para a\u00f1adir profundidad y calidez a una amplia gama de postres y productos horneados.<\/p>\n<p>La Esencia de Vainilla Ali Baba se elabora meticulosamente para capturar la esencia de las vainas de vainilla pura, garantizando una experiencia de sabor aut\u00e9ntica y deliciosa. Tanto si prepara pasteles, galletas, flanes o natillas, unas gotas de esta esencia aportar\u00e1n un delicioso sabor a vainilla a sus delicias.<\/p>\n<p>Elaborada con ingredientes de alta calidad, la Esencia de Vainilla Ali Baba es f\u00e1cil de usar y se integra perfectamente en sus recetas. Gracias a su f\u00f3rmula concentrada, un poco rinde mucho, lo que le permite conseguir el equilibrio perfecto de sabor sin sobrecargar sus platos.<\/p>\n<p>Experimente la riqueza y versatilidad de Ali Baba Esencia de Vainilla 28ml, ya disponible en Sultan Spices &amp; Supermarket. Mejore sus creaciones de reposter\u00eda con el sabor cl\u00e1sico de la vainilla y del\u00e9itese a s\u00ed mismo y a sus seres queridos con postres irresistibles llenos de sabor.<\/p>\n<\/div>\n<\/div>\n<\/div>\n<\/div>\n<\/div>\n<\/div>\n<\/div>\n<\/div>\n<\/div>\n<\/div>\n<\/div>\n<\/div>","protected":false},"excerpt":{"rendered":"<p>Mejore sus creaciones de reposter\u00eda con Ali Baba Esencia de Vainilla 28 ml, ahora disponible en Sultan Spices &amp; Supermarket. Esta esencia de vainilla de primera calidad ofrece un sabor rico y arom\u00e1tico, perfecto para a\u00f1adir profundidad y calidez a una amplia gama de postres y productos horneados. Ali Baba Esencia de Vainilla se elabora meticulosamente para capturar la esencia...<\/p>","protected":false},"featured_media":4076,"comment_status":"open","ping_status":"closed","template":"","meta":{"_kad_blocks_custom_css":"","_kad_blocks_head_custom_js":"","_kad_blocks_body_custom_js":"","_kad_blocks_footer_custom_js":"","_kadence_starter_templates_imported_post":false,"_kad_post_transparent":"default","_kad_post_title":"","_kad_post_layout":"default","_kad_post_sidebar_id":"","_kad_post_content_style":"default","_kad_post_vertical_padding":"default","_kad_post_feature":"","_kad_post_feature_position":"","_kad_post_header":false,"_kad_post_footer":false,"_kad_post_classname":""},"product_brand":[],"product_cat":[51,64],"product_tag":[],"class_list":{"0":"post-3932","1":"product","2":"type-product","3":"status-publish","4":"has-post-thumbnail","6":"product_cat-desserts-sweets","7":"product_cat-fragrances","9":"first","10":"instock","11":"shipping-taxable","12":"purchasable","13":"product-type-simple","14":"entry","15":"content-bg","16":"loop-entry"},"taxonomy_info":{"product_cat":[{"value":51,"label":"Desserts and Sweets"},{"value":64,"label":"Fragrances"}]},"featured_image_src_large":["https:\/\/sultanspices.es\/wp-content\/uploads\/2024\/02\/ProductsPIX-48-1024x1024.png",1024,1024,true],"author_info":[],"comment_info":1,"jetpack_sharing_enabled":true,"_links":{"self":[{"href":"https:\/\/sultanspices.es\/es\/wp-json\/wp\/v2\/product\/3932","targetHints":{"allow":["GET"]}}],"collection":[{"href":"https:\/\/sultanspices.es\/es\/wp-json\/wp\/v2\/product"}],"about":[{"href":"https:\/\/sultanspices.es\/es\/wp-json\/wp\/v2\/types\/product"}],"replies":[{"embeddable":true,"href":"https:\/\/sultanspices.es\/es\/wp-json\/wp\/v2\/comments?post=3932"}],"wp:featuredmedia":[{"embeddable":true,"href":"https:\/\/sultanspices.es\/es\/wp-json\/wp\/v2\/media\/4076"}],"wp:attachment":[{"href":"https:\/\/sultanspices.es\/es\/wp-json\/wp\/v2\/media?parent=3932"}],"wp:term":[{"taxonomy":"product_brand","embeddable":true,"href":"https:\/\/sultanspices.es\/es\/wp-json\/wp\/v2\/product_brand?post=3932"},{"taxonomy":"product_cat","embeddable":true,"href":"https:\/\/sultanspices.es\/es\/wp-json\/wp\/v2\/product_cat?post=3932"},{"taxonomy":"product_tag","embeddable":true,"href":"https:\/\/sultanspices.es\/es\/wp-json\/wp\/v2\/product_tag?post=3932"}],"curies":[{"name":"wp","href":"https:\/\/api.w.org\/{rel}","templated":true}]}}