{"id":3925,"date":"2024-02-12T09:11:42","date_gmt":"2024-02-12T08:11:42","guid":{"rendered":"https:\/\/sultanspices.es\/cashew-lp-box-2268kg-vn-2\/"},"modified":"2024-02-14T09:12:33","modified_gmt":"2024-02-14T08:12:33","slug":"cashew-lp-box-2268kg-vn-2","status":"publish","type":"product","link":"https:\/\/sultanspices.es\/es\/producto\/cashew-lp-box-2268kg-vn-2__trashed\/","title":{"rendered":"ANACARDO LP CAJA 22,68KG"},"content":{"rendered":"<p>Del\u00e9itese con los mejores anacardos con nuestra caja de anacardos Premium en LP de 22,68 kg, ahora disponible en Sultan Spices &amp; Supermarket. Procedentes de los anacardos de mayor calidad, esta selecci\u00f3n ofrece un sabor y una textura excepcionales, perfectos para satisfacer sus antojos o elevar sus creaciones culinarias.<\/p>\n<p>Nuestros anacardos Premium se recogen y procesan cuidadosamente a mano para garantizar una frescura y calidad \u00f3ptimas. Cada anacardo est\u00e1 lleno de sabor rico y cremoso y un crujido satisfactorio, por lo que es un delicioso aperitivo por s\u00ed solo o un ingrediente vers\u00e1til en una variedad de platos.<\/p>\n<p>Tanto si los disfruta como un tentempi\u00e9 saludable, como si los a\u00f1ade a sus ensaladas o salteados favoritos, o los utiliza para adornar postres y productos horneados, nuestros Anacardos Premium en Caja LP le ofrecen infinitas posibilidades para darse un capricho culinario.<\/p>\n<p>Experimente la calidad superior y el sabor de nuestros Anacardos Premium en Caja LP 22.68kg, disponibles ahora en Sultan Spices &amp; Supermarket. Eleve su experiencia de snacking o mejore su cocina con estos anacardos premium y disfrute del lujoso sabor en cada bocado.<\/p>","protected":false},"excerpt":{"rendered":"<p>Del\u00e9itese con los mejores anacardos con nuestra caja de anacardos Premium en LP de 22,68 kg, ahora disponible en Sultan Spices &amp; Supermarket. Procedentes de los anacardos de mayor calidad, esta selecci\u00f3n ofrece un sabor y una textura excepcionales, perfectos para satisfacer sus antojos o elevar sus creaciones culinarias. Nuestros anacardos Premium se seleccionan cuidadosamente a mano...<\/p>","protected":false},"featured_media":4078,"comment_status":"open","ping_status":"closed","template":"","meta":{"_kad_blocks_custom_css":"","_kad_blocks_head_custom_js":"","_kad_blocks_body_custom_js":"","_kad_blocks_footer_custom_js":"","_kadence_starter_templates_imported_post":false,"_kad_post_transparent":"default","_kad_post_title":"","_kad_post_layout":"default","_kad_post_sidebar_id":"","_kad_post_content_style":"default","_kad_post_vertical_padding":"default","_kad_post_feature":"","_kad_post_feature_position":"","_kad_post_header":false,"_kad_post_footer":false,"_kad_post_classname":""},"product_brand":[],"product_cat":[60],"product_tag":[],"class_list":{"0":"post-3925","1":"product","2":"type-product","3":"status-publish","4":"has-post-thumbnail","6":"product_cat-dry-fruits","8":"first","9":"instock","10":"shipping-taxable","11":"purchasable","12":"product-type-simple","13":"entry","14":"content-bg","15":"loop-entry"},"taxonomy_info":{"product_cat":[{"value":60,"label":"Dry Fruits"}]},"featured_image_src_large":["https:\/\/sultanspices.es\/wp-content\/uploads\/2024\/02\/ProductsPIX-49-1024x1024.png",1024,1024,true],"author_info":[],"comment_info":0,"jetpack_sharing_enabled":true,"_links":{"self":[{"href":"https:\/\/sultanspices.es\/es\/wp-json\/wp\/v2\/product\/3925","targetHints":{"allow":["GET"]}}],"collection":[{"href":"https:\/\/sultanspices.es\/es\/wp-json\/wp\/v2\/product"}],"about":[{"href":"https:\/\/sultanspices.es\/es\/wp-json\/wp\/v2\/types\/product"}],"replies":[{"embeddable":true,"href":"https:\/\/sultanspices.es\/es\/wp-json\/wp\/v2\/comments?post=3925"}],"wp:featuredmedia":[{"embeddable":true,"href":"https:\/\/sultanspices.es\/es\/wp-json\/wp\/v2\/media\/4078"}],"wp:attachment":[{"href":"https:\/\/sultanspices.es\/es\/wp-json\/wp\/v2\/media?parent=3925"}],"wp:term":[{"taxonomy":"product_brand","embeddable":true,"href":"https:\/\/sultanspices.es\/es\/wp-json\/wp\/v2\/product_brand?post=3925"},{"taxonomy":"product_cat","embeddable":true,"href":"https:\/\/sultanspices.es\/es\/wp-json\/wp\/v2\/product_cat?post=3925"},{"taxonomy":"product_tag","embeddable":true,"href":"https:\/\/sultanspices.es\/es\/wp-json\/wp\/v2\/product_tag?post=3925"}],"curies":[{"name":"wp","href":"https:\/\/api.w.org\/{rel}","templated":true}]}}