{"id":3923,"date":"2024-02-12T09:11:35","date_gmt":"2024-02-12T08:11:35","guid":{"rendered":"https:\/\/sultanspices.es\/aroy-d-coconut-milk-cucina-400ml\/"},"modified":"2026-02-23T12:40:31","modified_gmt":"2026-02-23T11:40:31","slug":"aroy-d-coconut-milk-cucina-400ml","status":"publish","type":"product","link":"https:\/\/sultanspices.es\/es\/producto\/aroy-d-leche-de-coco-cucina-400ml\/","title":{"rendered":"AROY-D LECHE DE COCO CUCINA 400ML"},"content":{"rendered":"<div class=\"flex-1 overflow-hidden\">\n<div class=\"react-scroll-to-bottom--css-hxuqx-79elbk h-full\">\n<div class=\"react-scroll-to-bottom--css-hxuqx-1n7m0yu\">\n<div class=\"flex flex-col pb-9 text-sm\">\n<div class=\"w-full text-token-text-primary\" data-testid=\"conversation-turn-109\">\n<div class=\"px-4 py-2 justify-center text-base md:gap-6 m-auto\">\n<div class=\"flex flex-1 text-base mx-auto gap-3 md:px-5 lg:px-1 xl:px-5 md:max-w-3xl lg:max-w-[40rem] xl:max-w-[48rem] group final-completion\">\n<div class=\"relative flex w-full flex-col agent-turn\">\n<div class=\"flex-col gap-1 md:gap-3\">\n<div class=\"flex flex-grow flex-col max-w-full\">\n<div class=\"min-h-[20px] text-message flex flex-col items-start gap-3 whitespace-pre-wrap break-words [.text-message+&amp;]:mt-5 overflow-x-auto\" data-message-author-role=\"assistant\" data-message-id=\"14d82a6a-0696-401f-8da5-5b5c32548412\">\n<div class=\"markdown prose w-full break-words dark:prose-invert dark\">\n<p>Mejore sus creaciones culinarias con la leche de coco Aroy-D Kitchen 400 ml, ya disponible en Sultan Spices &amp; Supermarket. Esta leche de coco de primera calidad ofrece una base cremosa y rica, perfecta para a\u00f1adir profundidad y sabor a una amplia variedad de platos.<\/p>\n<p>La Leche de Coco Aroy-D Kitchen se elabora a partir de cocos cuidadosamente seleccionados, procesados por expertos para conservar sus propiedades naturales y su textura cremosa. Con su consistencia suave y sabor exquisito, es ideal para currys, sopas, salsas, postres y mucho m\u00e1s.<\/p>\n<p>Experimente el aut\u00e9ntico sabor del coco con la leche de coco Aroy-D Kitchen de 400 ml. Su pr\u00e1ctico envase garantiza frescura y comodidad, permiti\u00e9ndole disfrutar del rico sabor de la leche de coco siempre que le llegue la inspiraci\u00f3n.<\/p>\n<p>Aporte un toque de indulgencia tropical a su cocina con la leche de coco Aroy-D Kitchen 400ml, ya disponible en Sultan Spices &amp; Supermarket. Eleve sus platos con la cremosa riqueza de la leche de coco y deleite su paladar con cada bocado.<\/p>\n<\/div>\n<\/div>\n<\/div>\n<\/div>\n<\/div>\n<\/div>\n<\/div>\n<\/div>\n<\/div>\n<\/div>\n<\/div>\n<\/div>","protected":false},"excerpt":{"rendered":"<p>Mejore sus creaciones culinarias con la leche de coco Aroy-D Kitchen 400 ml, ya disponible en Sultan Spices &amp; Supermarket. Esta leche de coco de primera calidad ofrece una base cremosa y rica, perfecta para a\u00f1adir profundidad y sabor a una amplia variedad de platos. La leche de coco Aroy-D Kitchen se elabora a partir de cocos cuidadosamente seleccionados, procesados por expertos para...<\/p>","protected":false},"featured_media":4082,"comment_status":"open","ping_status":"closed","template":"","meta":{"_kad_blocks_custom_css":"","_kad_blocks_head_custom_js":"","_kad_blocks_body_custom_js":"","_kad_blocks_footer_custom_js":"","_kadence_starter_templates_imported_post":false,"_kad_post_transparent":"default","_kad_post_title":"","_kad_post_layout":"default","_kad_post_sidebar_id":"","_kad_post_content_style":"default","_kad_post_vertical_padding":"default","_kad_post_feature":"","_kad_post_feature_position":"","_kad_post_header":false,"_kad_post_footer":false,"_kad_post_classname":""},"product_brand":[],"product_cat":[51,61,55],"product_tag":[],"class_list":{"0":"post-3923","1":"product","2":"type-product","3":"status-publish","4":"has-post-thumbnail","6":"product_cat-desserts-sweets","7":"product_cat-dairy-productsghee","8":"product_cat-pastes","10":"first","11":"outofstock","12":"shipping-taxable","13":"purchasable","14":"product-type-simple","15":"entry","16":"content-bg","17":"loop-entry"},"taxonomy_info":{"product_cat":[{"value":51,"label":"Desserts and Sweets"},{"value":61,"label":"Dairy Products(ghee)"},{"value":55,"label":"Pastes, Pickles &amp; Sauces"}]},"featured_image_src_large":["https:\/\/sultanspices.es\/wp-content\/uploads\/2024\/02\/ProductsPIX-51-1024x1024.png",1024,1024,true],"author_info":[],"comment_info":0,"jetpack_sharing_enabled":true,"_links":{"self":[{"href":"https:\/\/sultanspices.es\/es\/wp-json\/wp\/v2\/product\/3923","targetHints":{"allow":["GET"]}}],"collection":[{"href":"https:\/\/sultanspices.es\/es\/wp-json\/wp\/v2\/product"}],"about":[{"href":"https:\/\/sultanspices.es\/es\/wp-json\/wp\/v2\/types\/product"}],"replies":[{"embeddable":true,"href":"https:\/\/sultanspices.es\/es\/wp-json\/wp\/v2\/comments?post=3923"}],"wp:featuredmedia":[{"embeddable":true,"href":"https:\/\/sultanspices.es\/es\/wp-json\/wp\/v2\/media\/4082"}],"wp:attachment":[{"href":"https:\/\/sultanspices.es\/es\/wp-json\/wp\/v2\/media?parent=3923"}],"wp:term":[{"taxonomy":"product_brand","embeddable":true,"href":"https:\/\/sultanspices.es\/es\/wp-json\/wp\/v2\/product_brand?post=3923"},{"taxonomy":"product_cat","embeddable":true,"href":"https:\/\/sultanspices.es\/es\/wp-json\/wp\/v2\/product_cat?post=3923"},{"taxonomy":"product_tag","embeddable":true,"href":"https:\/\/sultanspices.es\/es\/wp-json\/wp\/v2\/product_tag?post=3923"}],"curies":[{"name":"wp","href":"https:\/\/api.w.org\/{rel}","templated":true}]}}