{"id":3918,"date":"2024-02-12T09:11:24","date_gmt":"2024-02-12T08:11:24","guid":{"rendered":"https:\/\/sultanspices.es\/7030-shan-biryani-masala-100g\/"},"modified":"2026-02-23T12:41:16","modified_gmt":"2026-02-23T11:41:16","slug":"shan-biryani-masala-100g","status":"publish","type":"product","link":"https:\/\/sultanspices.es\/es\/producto\/shan-biryani-masala-100g\/","title":{"rendered":"SHAN BIRYANI MASALA 100G"},"content":{"rendered":"<div class=\"flex-1 overflow-hidden\">\n<div class=\"react-scroll-to-bottom--css-hxuqx-79elbk h-full\">\n<div class=\"react-scroll-to-bottom--css-hxuqx-1n7m0yu\">\n<div class=\"flex flex-col pb-9 text-sm\">\n<div class=\"w-full text-token-text-primary\" data-testid=\"conversation-turn-115\">\n<div class=\"px-4 py-2 justify-center text-base md:gap-6 m-auto\">\n<div class=\"flex flex-1 text-base mx-auto gap-3 md:px-5 lg:px-1 xl:px-5 md:max-w-3xl lg:max-w-[40rem] xl:max-w-[48rem] group final-completion\">\n<div class=\"relative flex w-full flex-col agent-turn\">\n<div class=\"flex-col gap-1 md:gap-3\">\n<div class=\"flex flex-grow flex-col max-w-full\">\n<div class=\"min-h-[20px] text-message flex flex-col items-start gap-3 whitespace-pre-wrap break-words [.text-message+&amp;]:mt-5 overflow-x-auto\" data-message-author-role=\"assistant\" data-message-id=\"d3118d93-0b2c-45f3-9f89-f8f63c9fbe8e\">\n<div class=\"markdown prose w-full break-words dark:prose-invert dark\">\n<p>Eleve su biryani a nuevas cotas con Shan Biryani Masala 100g, ahora disponible en Sultan Spices &amp; Supermarket. Elaborado a partir de una mezcla de especias de primera calidad, este aut\u00e9ntico masala lleva los ricos y arom\u00e1ticos sabores del biryani directamente a su cocina.<\/p>\n<p><strong>Shan Biryani Masala<\/strong> est\u00e1 elaborado por expertos para garantizar el equilibrio perfecto de especias, dando a su biryani una profundidad de sabor que sin duda impresionar\u00e1. Con la mezcla justa de hierbas arom\u00e1ticas y especias, como el comino, el cilantro, el clavo, etc., este masala elimina las conjeturas a la hora de sazonar, permiti\u00e9ndole crear biryani de calidad de restaurante en la comodidad de su propia casa.<\/p>\n<p>Tanto si prepara biryani de pollo, biryani de verduras o biryani de cordero, Shan Biryani Masala a\u00f1ade un toque aut\u00e9ntico que transportar\u00e1 sus papilas gustativas a las calles del sur de Asia. S\u00f3lo tiene que seguir las sencillas instrucciones del envase para crear un delicioso y arom\u00e1tico biryani que har\u00e1 las delicias tanto de su familia como de sus invitados.<\/p>\n<p>Experimente la comodidad y el sabor de <strong>Shan Biryani Masala 100 g<\/strong>ya disponible en Sultan Spices &amp; Supermarket. Mejore su biryani y disfrute del aut\u00e9ntico sabor de la cocina del sur de Asia en cada bocado.<\/p>\n<\/div>\n<\/div>\n<\/div>\n<\/div>\n<\/div>\n<\/div>\n<\/div>\n<\/div>\n<\/div>\n<\/div>\n<\/div>\n<\/div>","protected":false},"excerpt":{"rendered":"<p>Eleve su biryani a nuevas cotas con Shan Biryani Masala 100g, ahora disponible en Sultan Spices &amp; Supermarket. Elaborado a partir de una mezcla de especias de primera calidad, este aut\u00e9ntico masala lleva los ricos y arom\u00e1ticos sabores del biryani directamente a su cocina. Shan Biryani Masala est\u00e1 elaborada por expertos para garantizar el equilibrio...<\/p>","protected":false},"featured_media":4087,"comment_status":"open","ping_status":"closed","template":"","meta":{"_kad_blocks_custom_css":"","_kad_blocks_head_custom_js":"","_kad_blocks_body_custom_js":"","_kad_blocks_footer_custom_js":"","_kadence_starter_templates_imported_post":false,"_kad_post_transparent":"default","_kad_post_title":"","_kad_post_layout":"default","_kad_post_sidebar_id":"","_kad_post_content_style":"default","_kad_post_vertical_padding":"default","_kad_post_feature":"","_kad_post_feature_position":"","_kad_post_header":false,"_kad_post_footer":false,"_kad_post_classname":""},"product_brand":[],"product_cat":[49],"product_tag":[],"class_list":{"0":"post-3918","1":"product","2":"type-product","3":"status-publish","4":"has-post-thumbnail","6":"product_cat-mix-spices-seasoning","8":"first","9":"outofstock","10":"shipping-taxable","11":"purchasable","12":"product-type-simple","13":"entry","14":"content-bg","15":"loop-entry"},"taxonomy_info":{"product_cat":[{"value":49,"label":"Mix Spices &amp; Seasoning"}]},"featured_image_src_large":["https:\/\/sultanspices.es\/wp-content\/uploads\/2024\/02\/ProductsPIX-54-1024x1024.png",1024,1024,true],"author_info":[],"comment_info":1,"jetpack_sharing_enabled":true,"_links":{"self":[{"href":"https:\/\/sultanspices.es\/es\/wp-json\/wp\/v2\/product\/3918","targetHints":{"allow":["GET"]}}],"collection":[{"href":"https:\/\/sultanspices.es\/es\/wp-json\/wp\/v2\/product"}],"about":[{"href":"https:\/\/sultanspices.es\/es\/wp-json\/wp\/v2\/types\/product"}],"replies":[{"embeddable":true,"href":"https:\/\/sultanspices.es\/es\/wp-json\/wp\/v2\/comments?post=3918"}],"wp:featuredmedia":[{"embeddable":true,"href":"https:\/\/sultanspices.es\/es\/wp-json\/wp\/v2\/media\/4087"}],"wp:attachment":[{"href":"https:\/\/sultanspices.es\/es\/wp-json\/wp\/v2\/media?parent=3918"}],"wp:term":[{"taxonomy":"product_brand","embeddable":true,"href":"https:\/\/sultanspices.es\/es\/wp-json\/wp\/v2\/product_brand?post=3918"},{"taxonomy":"product_cat","embeddable":true,"href":"https:\/\/sultanspices.es\/es\/wp-json\/wp\/v2\/product_cat?post=3918"},{"taxonomy":"product_tag","embeddable":true,"href":"https:\/\/sultanspices.es\/es\/wp-json\/wp\/v2\/product_tag?post=3918"}],"curies":[{"name":"wp","href":"https:\/\/api.w.org\/{rel}","templated":true}]}}