{"id":3755,"date":"2023-11-25T16:07:34","date_gmt":"2023-11-25T15:07:34","guid":{"rendered":"https:\/\/sultanspices.es\/mung-wholebeans-ali-baba-1kg\/"},"modified":"2026-04-08T00:00:31","modified_gmt":"2026-04-07T22:00:31","slug":"mung-wholebeans-ali-baba-1kg","status":"publish","type":"product","link":"https:\/\/sultanspices.es\/es\/producto\/frijoles-mungo-ali-baba-1kg\/","title":{"rendered":"MUNG ENTERO(JUD\u00cdAS) ALI BABA 1KG"},"content":{"rendered":"<div class=\"flex-1 overflow-hidden\">\n<div class=\"react-scroll-to-bottom--css-pgoyk-79elbk h-full\">\n<div class=\"react-scroll-to-bottom--css-pgoyk-1n7m0yu\">\n<div class=\"flex flex-col pb-9 text-sm\">\n<div class=\"w-full text-token-text-primary\" data-testid=\"conversation-turn-127\">\n<div class=\"px-4 py-2 justify-center text-base md:gap-6 m-auto\">\n<div class=\"flex flex-1 text-base mx-auto gap-3 md:px-5 lg:px-1 xl:px-5 md:max-w-3xl lg:max-w-[40rem] xl:max-w-[48rem] group final-completion\">\n<div class=\"relative flex w-full flex-col agent-turn\">\n<div class=\"flex-col gap-1 md:gap-3\">\n<div class=\"flex flex-grow flex-col max-w-full\">\n<div class=\"min-h-[20px] text-message flex flex-col items-start gap-3 whitespace-pre-wrap break-words [.text-message+&amp;]:mt-5 overflow-x-auto\" data-message-author-role=\"assistant\" data-message-id=\"f90901f6-ecdf-4e74-880b-8bad64232c73\">\n<div class=\"markdown prose w-full break-words dark:prose-invert dark\">\n<p>Descubra los beneficios de las jud\u00edas mungo enteras Ali Baba 1 kg, ahora disponibles en Sultan Spices &amp; Supermarket. Estas legumbres de primera calidad est\u00e1n repletas de nutrientes y ofrecen infinitas posibilidades para preparar platos deliciosos y nutritivos.<\/p>\n<p>Las jud\u00edas mungo enteras Ali Baba se obtienen y seleccionan cuidadosamente por su frescura y calidad. Ricas en prote\u00ednas, fibra, vitaminas y minerales, las jud\u00edas mungo son un complemento saludable para cualquier dieta, ya sea vegetariana, vegana o simplemente desee incorporar m\u00e1s alimentos de origen vegetal a sus comidas.<\/p>\n<p>Estas vers\u00e1tiles legumbres pueden utilizarse en una gran variedad de platos, como sopas, guisos, ensaladas, curry y salteados. Con su sabor suave y su textura blanda, las jud\u00edas mungo combinan bien con una amplia gama de ingredientes y especias, lo que le permite dar rienda suelta a su creatividad en la cocina.<\/p>\n<p>Experimente la comodidad y los beneficios nutricionales de Ali Baba Whole Mung Beans 1kg, disponible ahora en Sultan Spices &amp; Supermarket. Mejore su cocina con estas legumbres ricas en nutrientes y disfrute de comidas deliciosas y saludables que nutren el cuerpo y el alma.<\/p>\n<\/div>\n<\/div>\n<\/div>\n<\/div>\n<\/div>\n<\/div>\n<\/div>\n<\/div>\n<\/div>\n<\/div>\n<\/div>\n<\/div>","protected":false},"excerpt":{"rendered":"<p>Descubra los beneficios de las jud\u00edas mungo enteras Ali Baba 1 kg, ahora disponibles en Sultan Spices &amp; Supermarket. Estas legumbres de primera calidad est\u00e1n repletas de nutrientes y ofrecen infinitas posibilidades para preparar platos deliciosos y nutritivos. Las jud\u00edas mungo enteras Ali Baba se obtienen y seleccionan cuidadosamente por su frescura y calidad. Ricas en prote\u00ednas, fibra, vitaminas y...<\/p>","protected":false},"featured_media":4099,"comment_status":"open","ping_status":"closed","template":"","meta":{"_kad_blocks_custom_css":"","_kad_blocks_head_custom_js":"","_kad_blocks_body_custom_js":"","_kad_blocks_footer_custom_js":"","_kadence_starter_templates_imported_post":false,"_kad_post_transparent":"default","_kad_post_title":"","_kad_post_layout":"default","_kad_post_sidebar_id":"","_kad_post_content_style":"default","_kad_post_vertical_padding":"default","_kad_post_feature":"","_kad_post_feature_position":"","_kad_post_header":false,"_kad_post_footer":false,"_kad_post_classname":""},"product_brand":[],"product_cat":[47],"product_tag":[],"class_list":{"0":"post-3755","1":"product","2":"type-product","3":"status-publish","4":"has-post-thumbnail","6":"product_cat-lentils","8":"first","9":"instock","10":"shipping-taxable","11":"purchasable","12":"product-type-simple","13":"entry","14":"content-bg","15":"loop-entry"},"taxonomy_info":{"product_cat":[{"value":47,"label":"Lentils"}]},"featured_image_src_large":["https:\/\/sultanspices.es\/wp-content\/uploads\/2023\/11\/ProductsPIX-60-1024x1024.png",1024,1024,true],"author_info":[],"comment_info":0,"jetpack_sharing_enabled":true,"_links":{"self":[{"href":"https:\/\/sultanspices.es\/es\/wp-json\/wp\/v2\/product\/3755","targetHints":{"allow":["GET"]}}],"collection":[{"href":"https:\/\/sultanspices.es\/es\/wp-json\/wp\/v2\/product"}],"about":[{"href":"https:\/\/sultanspices.es\/es\/wp-json\/wp\/v2\/types\/product"}],"replies":[{"embeddable":true,"href":"https:\/\/sultanspices.es\/es\/wp-json\/wp\/v2\/comments?post=3755"}],"wp:featuredmedia":[{"embeddable":true,"href":"https:\/\/sultanspices.es\/es\/wp-json\/wp\/v2\/media\/4099"}],"wp:attachment":[{"href":"https:\/\/sultanspices.es\/es\/wp-json\/wp\/v2\/media?parent=3755"}],"wp:term":[{"taxonomy":"product_brand","embeddable":true,"href":"https:\/\/sultanspices.es\/es\/wp-json\/wp\/v2\/product_brand?post=3755"},{"taxonomy":"product_cat","embeddable":true,"href":"https:\/\/sultanspices.es\/es\/wp-json\/wp\/v2\/product_cat?post=3755"},{"taxonomy":"product_tag","embeddable":true,"href":"https:\/\/sultanspices.es\/es\/wp-json\/wp\/v2\/product_tag?post=3755"}],"curies":[{"name":"wp","href":"https:\/\/api.w.org\/{rel}","templated":true}]}}