{"id":3754,"date":"2023-11-25T16:07:33","date_gmt":"2023-11-25T15:07:33","guid":{"rendered":"https:\/\/sultanspices.es\/mehndi-cone-kangna-25g\/"},"modified":"2026-02-23T12:40:55","modified_gmt":"2026-02-23T11:40:55","slug":"mehndi-cone-kangna-25g","status":"publish","type":"product","link":"https:\/\/sultanspices.es\/es\/producto\/mehndi-cone-kangna-25g\/","title":{"rendered":"MEHNDI CONO KANGNA 25G"},"content":{"rendered":"<div class=\"flex-1 overflow-hidden\">\n<div class=\"react-scroll-to-bottom--css-gnqmi-79elbk h-full\">\n<div class=\"react-scroll-to-bottom--css-gnqmi-1n7m0yu\">\n<div class=\"flex flex-col text-sm pb-9\">\n<div class=\"w-full text-token-text-primary\" dir=\"auto\" data-testid=\"conversation-turn-655\">\n<div class=\"px-4 py-2 justify-center text-base md:gap-6 m-auto\">\n<div class=\"flex flex-1 text-base mx-auto gap-3 juice:gap-4 juice:md:gap-6 md:px-5 lg:px-1 xl:px-5 md:max-w-3xl lg:max-w-[40rem] xl:max-w-[48rem] group final-completion\">\n<div class=\"relative flex w-full flex-col agent-turn\">\n<div class=\"flex-col gap-1 md:gap-3\">\n<div class=\"flex flex-grow flex-col max-w-full\">\n<div class=\"min-h-[20px] text-message flex flex-col items-start gap-3 whitespace-pre-wrap break-words [.text-message+&amp;]:mt-5 overflow-x-auto\" dir=\"auto\" data-message-author-role=\"assistant\" data-message-id=\"b1859f63-0a53-47e0-b10d-5e7953f91408\">\n<div class=\"markdown prose w-full break-words dark:prose-invert dark\">\n<p>A\u00f1ada un toque de elegancia a sus manos con Kangna Mehndi Cone 25g, ahora disponible en Sultan Spices &amp; Supermarket. Elaborado con henna de alta calidad, este cono proporciona un color intenso y duradero que realza su belleza.<\/p>\n<p>El cono Kangna Mehndi es f\u00e1cil de usar y ofrece dise\u00f1os precisos, lo que le permite crear patrones intrincados con facilidad. Tanto si te est\u00e1s preparando para una ocasi\u00f3n especial como si simplemente quieres expresar tu creatividad, este cono es la elecci\u00f3n perfecta para conseguir un bonito arte con henna.<\/p>\n<p>Experimenta la alegr\u00eda de adornar tus manos con exquisitos dise\u00f1os usando Kangna Mehndi Cone 25g, disponible ahora en Sultan Spices &amp; Supermarket. Eleve su juego Mehndi y hacer una declaraci\u00f3n impresionante con cada trazo.<\/p>\n<\/div>\n<\/div>\n<\/div>\n<\/div>\n<\/div>\n<\/div>\n<\/div>\n<\/div>\n<\/div>\n<\/div>\n<\/div>\n<\/div>","protected":false},"excerpt":{"rendered":"<p>A\u00f1ada un toque de elegancia a sus manos con Kangna Mehndi Cone 25g, ahora disponible en Sultan Spices &amp; Supermarket. Elaborado con henna de alta calidad, este cono proporciona un color intenso y duradero que realza su belleza. El Cono Kangna Mehndi es f\u00e1cil de usar y ofrece dise\u00f1os precisos, lo que le permite crear patrones intrincados con...<\/p>","protected":false},"featured_media":4525,"comment_status":"open","ping_status":"closed","template":"","meta":{"_kad_blocks_custom_css":"","_kad_blocks_head_custom_js":"","_kad_blocks_body_custom_js":"","_kad_blocks_footer_custom_js":"","_kadence_starter_templates_imported_post":false,"_kad_post_transparent":"default","_kad_post_title":"","_kad_post_layout":"default","_kad_post_sidebar_id":"","_kad_post_content_style":"default","_kad_post_vertical_padding":"default","_kad_post_feature":"","_kad_post_feature_position":"","_kad_post_header":false,"_kad_post_footer":false,"_kad_post_classname":""},"product_brand":[],"product_cat":[15],"product_tag":[],"class_list":{"0":"post-3754","1":"product","2":"type-product","3":"status-publish","4":"has-post-thumbnail","6":"product_cat-indian-items","8":"first","9":"outofstock","10":"shipping-taxable","11":"purchasable","12":"product-type-simple","13":"entry","14":"content-bg","15":"loop-entry"},"taxonomy_info":{"product_cat":[{"value":15,"label":"Other Indian Items"}]},"featured_image_src_large":["https:\/\/sultanspices.es\/wp-content\/uploads\/2023\/11\/ProductsPIX-66-1024x1024.png",1024,1024,true],"author_info":[],"comment_info":0,"jetpack_sharing_enabled":true,"_links":{"self":[{"href":"https:\/\/sultanspices.es\/es\/wp-json\/wp\/v2\/product\/3754","targetHints":{"allow":["GET"]}}],"collection":[{"href":"https:\/\/sultanspices.es\/es\/wp-json\/wp\/v2\/product"}],"about":[{"href":"https:\/\/sultanspices.es\/es\/wp-json\/wp\/v2\/types\/product"}],"replies":[{"embeddable":true,"href":"https:\/\/sultanspices.es\/es\/wp-json\/wp\/v2\/comments?post=3754"}],"wp:featuredmedia":[{"embeddable":true,"href":"https:\/\/sultanspices.es\/es\/wp-json\/wp\/v2\/media\/4525"}],"wp:attachment":[{"href":"https:\/\/sultanspices.es\/es\/wp-json\/wp\/v2\/media?parent=3754"}],"wp:term":[{"taxonomy":"product_brand","embeddable":true,"href":"https:\/\/sultanspices.es\/es\/wp-json\/wp\/v2\/product_brand?post=3754"},{"taxonomy":"product_cat","embeddable":true,"href":"https:\/\/sultanspices.es\/es\/wp-json\/wp\/v2\/product_cat?post=3754"},{"taxonomy":"product_tag","embeddable":true,"href":"https:\/\/sultanspices.es\/es\/wp-json\/wp\/v2\/product_tag?post=3754"}],"curies":[{"name":"wp","href":"https:\/\/api.w.org\/{rel}","templated":true}]}}